

{"id":15,"date":"2020-02-19T20:02:19","date_gmt":"2020-02-19T20:02:19","guid":{"rendered":"http:\/\/pulsnitzer-heimatverein.de\/?page_id=15"},"modified":"2026-02-08T09:20:35","modified_gmt":"2026-02-08T09:20:35","slug":"gedenksteine-und-tafeln","status":"publish","type":"page","link":"https:\/\/pulsnitzer-heimatverein.de\/?page_id=15","title":{"rendered":"Sehenswertes in Pulsnitz"},"content":{"rendered":"\n<script>\nfunction isIE() {\n    const ua = window.navigator.userAgent; \/\/Check the userAgent property of the window.navigator object\n    const msie = ua.indexOf('MSIE '); \/\/ IE 10 or older\n    const trident = ua.indexOf('Trident\/'); \/\/IE 11\n\n    return (msie > 0 || trident > 0);\n}\nif(isIE()){\nvar txt = \"F\u00fcr die Anzeige der Positionen in der Karte benutzen Sie einen aktuellen Browser (z. B. Microsoft Edge, Google Chrome, Mozilla Firefox).\";\n     document.write(\"<p> \" + txt.fontcolor(\"red\") + \"<\/p>\");\n    document.write(\" \");\n    }\n<\/script>\n\n\n\n<p>Auf Initiative des Pulsnitzer Heimatvereins e. V. wurden im Stadtgebiet von Pulsnitz, beginnend im Jahr 2011, Gedenksteine bzw. \u2013tafeln angebracht, um wichtige historische Geb\u00e4ude und Ereignisse zu w\u00fcrdigen. In den Jahren 2021 bis 2025 wurden einzelne Gedenktafeln erneuert, die Wegesteine bzw. Gedenktafeln Nr. 14 &#8211; 25 aufgestellt bzw. angebracht und in den Rundweg einbezogen. Ein entsprechender <a href=\"https:\/\/pulsnitzer-heimatverein.de\/wp-content\/uploads\/2025\/04\/Flyer_2025.pdf\">Flyer<\/a>, erstmalig publiziert 2020, in der 2. Auflage 2022 erschienen und mit der 3. Auflage 2025 aktualisiert und erweitert, liegt in mehreren Pulsnitzer Einrichtungen und Gesch\u00e4ften, u. a. der Touristinformation am Markt, kostenfrei zur Mitnahme bereit. <\/p>\n\n\n\n<p>Sie sind herzlich eingeladen, die Stadt Pulsnitz an Hand dieser Punkte zu erkunden und sich an den jeweiligen Standorten ausf\u00fchrlich zu informieren.<\/p>\n\n\n\n<p>Die folgende \u00dcbersichtskarte, die beliebig vergr\u00f6\u00dfert werden kann, enth\u00e4lt die Standorte der Gedenksteine und -tafeln. Eine Kurzbeschreibung der historischen Punkte kann \u00fcber die eingetragenen Positionen aufgerufen werden. Der QR-Code erm\u00f6glicht den Aufruf der Karte auch \u00fcber Handys oder Tablets.<\/p>\n\n\n\n<div class=\"wp-block-image\"><figure class=\"aligncenter size-large is-resized\"><img loading=\"lazy\" decoding=\"async\" src=\"https:\/\/pulsnitzer-heimatverein.de\/wp-content\/uploads\/2024\/03\/qr-code-neu.jpg\" alt=\"\" width=\"110\" height=\"110\"><\/figure><\/div>\n\n\n\n<p>Die Wegebeschreibung unter der Karte zu den Wegesteinen bzw. Gedenksteinen f\u00fchrt an weiteren Sehensw\u00fcrdigkeiten vorbei und dient als Beispiel und zur Orientierung, andere Routen sind nat\u00fcrlich m\u00f6glich. Auf Basis der u. g. Wege ist mit einer Gesamtdauer von ca. 2,5 h zu rechnen. Wer sich den Weg zum Bad (Wegestein Nr. 7) bzw. Stadtkrankenhaus (Wegestein Nr. 15) und &#8222;Kronprinz&#8220; (Gedenktafel Nr. 23) spart, verk\u00fcrzt die Wegezeit um ca. 1 h.<\/p>\n\n\n\n\n        <div id=\"map_ol3js_1\"\n       class=\"osm-map-container undefined\"\n             data-map_name=\"undefined\"\n             data-map=\"map_ol3js_1\"\n             style=\"width:100%;\n                    max-width:100%;\n                    height:620px;\n                    display:block;\n                    overflow:hidden;\n                    border:2px solid grey;\">\n          <div id=\"map_ol3js_1_popup\" class=\"ol-popup\">\n            <a href=\"#\" id=\"map_ol3js_1_popup-closer\" class=\"ol-popup-closer\"><\/a>\n            <div id=\"map_ol3js_1_popup-content\"><\/div>\n          <\/div>\n        <\/div>\n    \n\n\t\t\t\t<script type=\"text\/javascript\">\n\t\t\t\t\ttranslations['openlayer'] = \"open layer\";\n\t\t\t\t\ttranslations['openlayerAtStartup'] = \"open layer at startup\";\n\t\t\t\t\ttranslations['generateLink'] = \"Der Link zur Karte mit ausgew\u00e4hlten Overlays und angezeigtem Ausschnitt\";\n\t\t\t\t\ttranslations['shortDescription'] = \"Kurzbeschreibung\";\n\t\t\t\t\ttranslations['generatedShortCode'] = \"to get a text control link paste this code in your wordpress editor\";\n\t\t\t\t\ttranslations['closeLayer'] = \"close layer\";\n\t\t\t\t\ttranslations['cantGenerateLink'] = \"put this string in the existing map short code to control this map\";\n\t\t\t  <\/script>\n\n\n\t\t\t  <script type=\"text\/javascript\">\n\t\t\t  vectorM['map_ol3js_1'] = [];\n\t        \n        var raster = getTileLayer(\"osm\",\"NoKey\");\t\t\t\n\n\t\t\t  var map_ol3js_1 = new ol.Map({\n\t\t\t\tinteractions: ol.interaction.defaults.defaults({mouseWheelZoom:false}),\n\t\t\t\tlayers: [raster],\n\t\t\t\ttarget: \"map_ol3js_1\",\n\t\t\t\tview: new ol.View({\n\t\t\t\t  center: ol.proj.transform([14.01334,51.18731], \"EPSG:4326\", \"EPSG:3857\"),\n\t\t\t\t  zoom: 15\n\t\t\t\t})\n\t\t\t  });\n\t\t\t  \n    var style0 = {\n      \"Point\": [new ol.style.Style({\n\n          image: new ol.style.Icon({\n            anchor: [0.5, 41],\n            anchorXUnits: \"fraction\",\n            anchorYUnits: \"pixels\",\n            opacity: 0.75,\n            src: \"https:\/\/pulsnitzer-heimatverein.de\/wp-content\/plugins\/osm\/icons\/mic_blue_pinother_02.png\"\n          })\n      })],\n\n      \"LineString\": [new ol.style.Style({\n        stroke: new ol.style.Stroke({\n          color: \"#000000\",\n          width: 8\n        })\n      })],\n      \"MultiLineString\": [new ol.style.Style({\n        stroke: new ol.style.Stroke({\n          color: \"#000000\",\n          width: 4\n        })\n      })]\n    };\n\t\t  vectorL0 = new ol.layer.Vector({\n\n\t\t\tsource: new ol.source.Vector({\n\t\t  url:\"..\/wp-content\/uploads\/2024\/11\/Gedenksteine.kml\",\n\t\t\t  format: new ol.format.KML({ showPointNames: false})\n\t\t\t}),\n         zIndex: 92\n\t\t  });map_ol3js_1.addLayer(vectorL0);addControls2Map(map_ol3js_1,0,0,3,0,5,6,7,1,1);\nosm_addPopupClickhandler(map_ol3js_1,  \"map_ol3js_1\"); \nosm_addMouseHover(map_ol3js_1); <\/script>\n\n\n\n<div style=\"height:36px\" aria-hidden=\"true\" class=\"wp-block-spacer\"><\/div>\n\n\n\n<h4 class=\"wp-block-heading\"><a href=\"https:\/\/pulsnitzer-heimatverein.de\/?page_id=180\">Nr. 1 \u2013 Wegestein Ratskeller<\/a><\/h4>\n\n\n\n<p>Standort: Am Markt 2, am Ratskeller-Eingang,<\/p>\n\n\n\n<p>weiter am Ratskeller vorbei (bleibt rechts) in die &#8222;Kurze Gasse&#8220; genannte Stra\u00dfe, links durch das G\u00e4sschen zwischen den Hausnummern 4 und 5 hindurch bis zur Goethestra\u00dfe, diese nach links und vorbei an Resten der <a href=\"https:\/\/pulsnitzer-heimatverein.de\/wp-content\/uploads\/2022\/04\/Goethestr._20220317-181602-1024x768.jpg\">Stadtmauer<\/a> bis zu einem kleinen Parkplatz, diesen \u00fcberqueren bis zum Hintereingang des Museums (ca. 3 min \/ 200 m)<\/p>\n\n\n\n<p>*<\/p>\n\n\n\n<h4 class=\"wp-block-heading\"><a href=\"https:\/\/pulsnitzer-heimatverein.de\/?page_id=183\">Nr. 2 \u2013 Gedenktafel Barockportal<\/a><\/h4>\n\n\n\n<p>Standort: Pulsnitz-Information, Am Markt 3, Eingang Goethestra\u00dfe (H\u00f6he Parkplatz),<\/p>\n\n\n\n<p>von der Parkplatzeinfahrt links in die Goethestra\u00dfe und an deren Ende rechts in die Rietschelstra\u00dfe einbiegen (ca. 3 min \/ 200 m)<\/p>\n\n\n\n<p>*<\/p>\n\n\n\n<h4 class=\"wp-block-heading\"><a href=\"https:\/\/pulsnitzer-heimatverein.de\/?page_id=174\">Nr. 3 \u2013 Gedenktafel Waisenhaus<\/a><\/h4>\n\n\n\n<p>Standort: Hauseingang Rietschelstra\u00dfe 26,<\/p>\n\n\n\n<p>weiter in H\u00f6he Rietschelstra\u00dfe 31 in das &#8222;Mei\u00dfner G\u00e4sschen&#8220; einbiegen, an der Bachstra\u00dfe nach links (ca. 3 min \/ 250 m)<\/p>\n\n\n\n<p>*<\/p>\n\n\n\n<h4 class=\"wp-block-heading\"><a href=\"https:\/\/pulsnitzer-heimatverein.de\/?page_id=165\">Nr. 4 \u2013 Wegestein Blaudruckwerkstatt<\/a><\/h4>\n\n\n\n<p>Standort: Bachstra\u00dfe 7, vor der Blaudruckwerkstatt,<\/p>\n\n\n\n<p>weiter entlang der Bachstra\u00dfe (aufsteigende Hausnummern) und die Bahnbr\u00fccke unterquerend (ca. 5 min \/ 350 m)<\/p>\n\n\n\n<p>*<\/p>\n\n\n\n<h4 class=\"wp-block-heading\"><a href=\"https:\/\/pulsnitzer-heimatverein.de\/?page_id=201\">Nr. 5 \u2013 Wegestein Perfert und Weitzmannsches Gut<\/a><\/h4>\n\n\n\n<p>Standort: H\u00f6he Bachstra\u00dfe 24, Ecke Feldstra\u00dfe<\/p>\n\n\n\n<p>*<\/p>\n\n\n\n<h4 class=\"wp-block-heading\"><a href=\"https:\/\/pulsnitzer-heimatverein.de\/?page_id=195\">Nr. 6 \u2013 Gedenktafel Kanonenkugel<\/a><\/h4>\n\n\n\n<p>Standort: Bachstra\u00dfe 24,<\/p>\n\n\n\n<p>weiter die Feldstra\u00dfe entlang, an der n\u00e4chsten Einm\u00fcndung kurz rechts Richtung Bahnbr\u00fccke und vor dieser am Bahndamm nach links einbiegen (Schneckenweg), am Bahn\u00fcbergang K\u00f6nigsbr\u00fccker Stra\u00dfe \/ Bahnhof die Schienen queren und ca. 80 m bergw\u00e4rts (ca. 6 min \/ 400 m)<\/p>\n\n\n\n<p>*<\/p>\n\n\n\n<h4 class=\"wp-block-heading\"><a href=\"https:\/\/pulsnitzer-heimatverein.de\/?page_id=2826\">Nr. 20 \u2013 Gedenktafel Bahnhofstra\u00dfe<\/a><\/h4>\n\n\n\n<p>Standort: Bahnhofstra\u00dfe 4,<\/p>\n\n\n\n<p>weiter<\/p>\n\n\n\n<p>a) zu Wegestein Nr. 7 die Bahnhofstra\u00dfe weiter aufw\u00e4rts, an der Kamenzer Stra\u00dfe links einbiegen und dieser ca. 1 km bis zur Einm\u00fcndung &#8222;An der Walke&#8220; folgen, diese Stra\u00dfe bis zum Kassenpavillon im Bad (ca. 20 min \/ 1,3 km)<\/p>\n\n\n\n<p>oder<\/p>\n\n\n\n<p>b) zu Wegestein Nr. 24 die Bahnhofstra\u00dfe weiter aufw\u00e4rts, an der Kamenzer Stra\u00dfe nach rechts bis zur Einm\u00fcndung Poststra\u00dfe (ca. 3 min \/ 180 m)<\/p>\n\n\n\n<p>*<\/p>\n\n\n\n<h4 class=\"wp-block-heading\"><a href=\"https:\/\/pulsnitzer-heimatverein.de\/?page_id=189\">Nr. 7 \u2013 Wegestein Walkm\u00fchlenbad<\/a><\/h4>\n\n\n\n<p>Standort: An der Walke 2, im Badgel\u00e4nde (Zufahrt \u00fcber Kamenzer Stra\u00dfe), nur zug\u00e4nglich zu den Bad-\u00d6ffnungszeiten,<\/p>\n\n\n\n<p>zur\u00fcck \u00fcber den Bahn\u00fcbergang zur Kamenzer Stra\u00dfe, ca. 200 m stadteinw\u00e4rts, dann links in den Spittelweg und nach den Geb\u00e4uden links einbiegen, am Kleinen Trebeteich vorbei (bleibt rechts), danach folgen rechts die Kleingartenanlage &#8222;Am Russengrab&#8220; und links (in einer Heckenumz\u00e4unung) das <a href=\"https:\/\/pulsnitzer-heimatverein.de\/wp-content\/uploads\/2020\/09\/Russengrab-20200820-165920-768x1024.jpg\">&#8222;Russengrab&#8220;<\/a>, weiter auf einem der gegen\u00fcberliegenden Wege in die Gartenanlage bis zum Hauptweg, diesen nach links und die Anlage bis zur Dr. Wilhelm-K\u00fclz-Stra\u00dfe durchqueren, auf dieser ca. 50 m nach links (stadtausw\u00e4rts) und rechts in den Schwedensteinweg einbiegen (ca. 20 min \/ 1,5 km)<\/p>\n\n\n\n<p>*<\/p>\n\n\n\n<h4 class=\"wp-block-heading\"><a href=\"https:\/\/pulsnitzer-heimatverein.de\/?page_id=1148\">Nr. 15 \u2013 Wegestein Stadtkrankenhaus<\/a><\/h4>\n\n\n\n<p>Standort: Schwedensteinweg, H\u00f6he Zufahrt Besucherparkplatz,<\/p>\n\n\n\n<p>weiter ca. 10 m rechts vom Wegestein in Verl\u00e4ngerung des Schwedensteinweges geradeaus und um das Klinikgeb\u00e4ude herum, in H\u00f6he des Klinikzuganges links in den Obersteinaer Weg einbiegen, der in die Dr.-Wilhelm-K\u00fclz-Stra\u00dfe m\u00fcndet, sp\u00e4ter links in die Kapellgartenstra\u00dfe einbiegen (ca. 7 min \/ 500 m)<\/p>\n\n\n\n<p>*<\/p>\n\n\n\n<h4 class=\"wp-block-heading\"><a href=\"https:\/\/pulsnitzer-heimatverein.de\/?page_id=3061\">Nr. 23 \u2013 Gedenktafel Restaurant &#8222;Zum Kronprinz&#8220;<\/a><\/h4>\n\n\n\n<p>Standort: Kapellgartenstra\u00dfe 6<\/p>\n\n\n\n<p>wieder zur Dr.-Wilhelm-K\u00fclz-Stra\u00dfe zur\u00fcck und diese \u00fcberqueren, nach ca. 20 m links hinter den H\u00e4usern (zun\u00e4chst zwischen Garagen hindurch) zum Sch\u00fctzenhausplatz (Parkplatz \/ Festplatz), nach rechts durch den Seiteneingang des Friedhofes (wenn ge\u00f6ffnet, sonst au\u00dfen entlang der Friedhofsmauer), im Friedhof wenige Meter geradeaus bis zum Hauptweg (Mittelweg), dann links in Richtung Friedhofskapelle und vorbei an der <a href=\"https:\/\/pulsnitzer-heimatverein.de\/wp-content\/uploads\/2020\/02\/Max-Schreyer-Grab-20190603-141630-768x1024.jpg\">Grabstelle von Max Schreyer<\/a> (linke Seite) und kurz vor dem Ausgang an der <a href=\"https:\/\/pulsnitzer-heimatverein.de\/wp-content\/uploads\/2020\/02\/Ernst-Rietschel-Eltern-Grab-20190603-142232-1024x768.jpg\">Grabstelle der Eltern von Ernst Rietschel<\/a>, an der Bahnhofstra\u00dfe \u00fcber die Fu\u00dfg\u00e4ngerampel und wenige Schritte nach rechts (ca. 8 min \/ 600 m)<\/p>\n\n\n\n<p>*<\/p>\n\n\n\n<h4 class=\"wp-block-heading\"><a href=\"https:\/\/pulsnitzer-heimatverein.de\/?page_id=3065\">Nr. 24 \u2013 Gedenktafel Stadtpark<\/a><\/h4>\n\n\n\n<p>Standort: Poststra\u00dfe \/ Ecke Bahnhofstra\u00dfe (gegen\u00fcber Poststr. 1)<\/p>\n\n\n\n<p>*<\/p>\n\n\n\n<h4 class=\"wp-block-heading\"><a href=\"https:\/\/pulsnitzer-heimatverein.de\/?page_id=2150\">Nr. 17 \u2013 Gedenktafel Ehemaliges Postamt<\/a><\/h4>\n\n\n\n<p>Standort: Poststra\u00dfe 1 \/ Ecke Bahnhofstra\u00dfe,<\/p>\n\n\n\n<p>weiter stadteinw\u00e4rts und \u00fcber die Fu\u00dfg\u00e4ngerampel (ca. 1 min \/ 80 m)<\/p>\n\n\n\n<p>*<\/p>\n\n\n\n<h4 class=\"wp-block-heading\"><a href=\"https:\/\/pulsnitzer-heimatverein.de\/?page_id=186\">Nr. 8 \u2013 Wegestein Sch\u00fctzenhaus<\/a><\/h4>\n\n\n\n<p>Standort: Wettinplatz 1, am Eingang zum Restaurant,<\/p>\n\n\n\n<p>vorbei an der <a href=\"https:\/\/pulsnitzer-heimatverein.de\/wp-content\/uploads\/2020\/02\/Posts%C3%A4ule-20161019-121643-768x1024.jpg\">Postmeilens\u00e4ule<\/a> auf dem Wettinplatz, die Dr.-Wilhelm-K\u00fclz-Str. queren, wenige Schritte stadtw\u00e4rts und nach dem Haus Wettinstr. 26 scharf links in die verl\u00e4ngerte Wettinstra\u00dfe einbiegen, an der querenden Dr. Michael-Str. wenige Schritte nach rechts bis zum Park (ca. 7 min \/ 400 m)<\/p>\n\n\n\n<p>*<\/p>\n\n\n\n<h4 class=\"wp-block-heading\"><a href=\"https:\/\/pulsnitzer-heimatverein.de\/?page_id=2829\">Nr. 21 \u2013 Wegestein Ernst-Rietschel-Schule<\/a><\/h4>\n\n\n\n<p>Standort: Parkausgang gegen\u00fcber der Grundschule, Dr.-Michael-Stra\u00dfe 2,<\/p>\n\n\n\n<p>weiter die querende Schillerstra\u00dfe abw\u00e4rts, an deren Ende die Bischofswerdaer Str. stadtw\u00e4rts bis zur Ampelkreuzung, links in die Wettinstra\u00dfe in Richtung Stadtzentrum \/ Radeberg \/ Dresden, am besten rechte Stra\u00dfenseite, vorbei am <a href=\"https:\/\/pulsnitzer-heimatverein.de\/wp-content\/uploads\/2022\/11\/Eisen-Guhr-20210819-174410-768x1024.jpg\">Schmiede-Zunftzeichen<\/a>, Wettinstra\u00dfe 7, der <a href=\"https:\/\/pulsnitzer-heimatverein.de\/wp-content\/uploads\/2020\/02\/K%C3%B6hlerhaus-20130608-141002-768x1024.jpg\">Hausmarke der ehemaligen Pfefferk\u00fcchlerei K\u00f6hler<\/a>, Wettinstra\u00dfe 6 (linke Stra\u00dfenseite), der <a href=\"https:\/\/pulsnitzer-heimatverein.de\/wp-content\/uploads\/2022\/12\/Wettinstr.-4_20220414-165007-1024x768.jpg\">Hausmarke des ehemaligen Verlages &#8222;Mohr und Hoffmann&#8220;<\/a>, Wettinstra\u00dfe 4 (linke Stra\u00dfenseite), danach mit der Hauptstra\u00dfenf\u00fchrung nach links (an der Einm\u00fcndung der Goethestra\u00dfe) auf den Julius-K\u00fchn-Platz abbiegen, das <a href=\"https:\/\/pulsnitzer-heimatverein.de\/wp-content\/uploads\/2020\/02\/Julius-K%C3%BChn-Geburtshaus-20190603-142938-768x1024.jpg\">Geburtshaus von Julius K\u00fchn<\/a> mit Gedenktafel befindet sich auf der linken Stra\u00dfenseite am Haus Julius-K\u00fchn-Platz 6, rechts daneben das <a href=\"https:\/\/pulsnitzer-heimatverein.de\/wp-content\/uploads\/2020\/02\/Ziegenbalgplatz-20170617-113404-768x1024.jpg\">T\u00f6pfer-Signet<\/a> am Haus Julius-K\u00fchn-Platz 4, weiter nach rechts der Hauptstra\u00dfe folgen, am folgenden Ziegenbalgplatz befindet sich das <a href=\"https:\/\/pulsnitzer-heimatverein.de\/wp-content\/uploads\/2020\/02\/Bartholom%C3%A4us-Ziegenbalg-Geburtshaus-20190603-143409-1024x768.jpg\">Geburtshaus von Bartholom\u00e4us Ziegenbalg<\/a> (Haus-Nr. 8, jetzt &#8222;Haus der Gesundheit&#8220;), in dessen H\u00f6he die Stra\u00dfenseite wechseln und zum Brunnen bzw. Julius-K\u00fchn-Platz zur\u00fcck (ca. 10 min \/ 650 m)<\/p>\n\n\n\n<p>*<\/p>\n\n\n\n<h4 class=\"wp-block-heading\"><a href=\"https:\/\/pulsnitzer-heimatverein.de\/?page_id=171\">Nr. 13 \u2013 Gedenktafel Brunnen Julius-K\u00fchn-Platz<\/a><\/h4>\n\n\n\n<p>Standort: Julius-K\u00fchn-Platz, gegen\u00fcber Haus-Nr. 3 (am Brunnen)<\/p>\n\n\n\n<p>*<\/p>\n\n\n\n<h4 class=\"wp-block-heading\"><a href=\"https:\/\/pulsnitzer-heimatverein.de\/?page_id=198\">Nr. 12 \u2013 Gedenktafel Pfefferk\u00fcchlerei Tobias Thomas<\/a><\/h4>\n\n\n\n<p>Standort: Julius-K\u00fchn-Platz 2,<\/p>\n\n\n\n<p>weiter im Verlauf der Ziegenbalgstra\u00dfe (in Einbahnstra\u00dfen-Richtung), <a href=\"https:\/\/pulsnitzer-heimatverein.de\/wp-content\/uploads\/2020\/02\/Marienkirche-20190718-164544-1024x768.jpg\">vorbei an vermutlichen Mauerresten des Hofes der ehemaligen Marienkirche<\/a> (linke Stra\u00dfenseite nach Haus-Nr. 3), an der Kreuzung mit der Fabrikstra\u00dfe rechts abbiegen, an deren Ende nach der Linkskurve hinter dem Spielplatz-Zugang sofort in den schmalen Fu\u00dfweg einbiegen, am Sportplatz (sp\u00e4ter links) vorbei und bis zur Hempelstra\u00dfe, dort nach rechts (ca. 8 min \/ 530 m)<\/p>\n\n\n\n<p>*<\/p>\n\n\n\n<h4 class=\"wp-block-heading\"><a href=\"https:\/\/pulsnitzer-heimatverein.de\/?page_id=192\">Nr. 9 \u2013 Gedenktafel Bandweberei Hempel mit \u201ePillnitzer Haus\u201c<\/a><\/h4>\n\n\n\n<p>Standort: Mauer links neben Hempelstra\u00dfe 2 (Parkplatzeinfahrt),<\/p>\n\n\n\n<p>weiter stadteinw\u00e4rts (Stra\u00dfe wird breiter) (ca. 1 min \/ 50 m)<\/p>\n\n\n\n<p>*<\/p>\n\n\n\n<h4 class=\"wp-block-heading\"><a href=\"https:\/\/pulsnitzer-heimatverein.de\/?page_id=204\">Nr. 10 \u2013 Gedenktafel F\u00e4rberhenke<\/a><\/h4>\n\n\n\n<p>Standort: Polzenberg 10<\/p>\n\n\n\n<p>*<\/p>\n\n\n\n<h4 class=\"wp-block-heading\"><a href=\"https:\/\/pulsnitzer-heimatverein.de\/?page_id=177\">Nr. 11 \u2013 Wegestein Polzenberg<\/a><\/h4>\n\n\n\n<p>Standort: Polzenberg, in H\u00f6he Haus-Nr. 10 (N\u00e4he Brunnen),<\/p>\n\n\n\n<p>weiter die (linke) Stra\u00dfe \u201ePolzenberg\u201c hinab (Wegestein bleibt rechts) bis zu einem Parkplatz an der Waldstra\u00dfe, diese nach rechts, vorbei an der <a href=\"https:\/\/pulsnitzer-heimatverein.de\/wp-content\/uploads\/2022\/12\/20220616_174322-1024x768.jpg\">Hausmarke (Haust\u00fcr) einer ehemaligen B\u00f6ttcherei<\/a>, Waldstra\u00dfe 2, zur Gro\u00dfr\u00f6hrsdorfer Stra\u00dfe (Einfahrt Schlossklinik), nach links (stadtausw\u00e4rts, zeitweise entlang der Schlossmauer) bis zur Mauer\u00f6ffnung (kurz vor \u201eSchumann\u2019s Genusswerkstatt\u201c), \u00fcber den Parkplatz in das Schlossgel\u00e4nde einbiegen, am Klinikgeb\u00e4ude mit Schwimmbad vorbei (ca. 8 min \/ 600 m)<\/p>\n\n\n\n<p>*<\/p>\n\n\n\n<h4 class=\"wp-block-heading\"><a href=\"https:\/\/pulsnitzer-heimatverein.de\/?page_id=1146\">Nr. 14 &#8211; Wegestein Schloss Pulsnitz<\/a><\/h4>\n\n\n\n<p>Standort: Schlossgel\u00e4nde, zwischen Barockschloss und Klinik-Schwimmbad,<\/p>\n\n\n\n<p>weiter am Barockschloss (rechts) vorbei, im Innenhof nach links (Renaissanceschloss rechts) und am Gartenhaus (Standesamt) vorbei das Schlossgel\u00e4nde durch die Toreinfahrt verlassen, nach dem 2. Torbogen nach links (ca. 5 min \/ 400 m)<\/p>\n\n\n\n<p>*<\/p>\n\n\n\n<h4 class=\"wp-block-heading\"><a href=\"https:\/\/pulsnitzer-heimatverein.de\/?page_id=2446\">Nr. 18 &#8211; Gedenktafel Herrenhausplatz<\/a><\/h4>\n\n\n\n<p>Standort: Herrenhausplatz 1<\/p>\n\n\n\n<p>*<\/p>\n\n\n\n<h4 class=\"wp-block-heading\"><a href=\"https:\/\/pulsnitzer-heimatverein.de\/?page_id=2832\">Nr. 22 \u2013 Gedenktafel Gesch\u00e4ftshaus Rietschel<\/a><\/h4>\n\n\n\n<p>Standort: Robert-Koch-Stra\u00dfe 8 \/ Ecke Herrenhausplatz,<\/p>\n\n\n\n<p>weiter zum Schlossteichdamm, diesen am Ende \u00fcber Stufen und die \u201ePulsnitz\u201c \u00fcberquerend verlassen, in die Schulstra\u00dfe nach rechts zum Parkplatz abbiegen und diesen \u00fcberqueren (ca. 2 min \/ 120 m)<\/p>\n\n\n\n<p>*<\/p>\n\n\n\n<h4 class=\"wp-block-heading\"><a href=\"https:\/\/pulsnitzer-heimatverein.de\/?page_id=1751\">Nr. 16 &#8211; Wegestein &#8222;DIE PULSNITZ&#8220;<\/a><\/h4>\n\n\n\n<p>Standort: Parkplatz Dresdener Str. 1 (an der Br\u00fccke zur &#8222;Pulsnitz&#8220;),<\/p>\n\n\n\n<p>weiter wenige Schritte stadtausw\u00e4rts zur Einm\u00fcndung der Bachstra\u00dfe (ca. 1 min \/ 40 m)<\/p>\n\n\n\n<p>*<\/p>\n\n\n\n<h4 class=\"wp-block-heading\"><a href=\"https:\/\/pulsnitzer-heimatverein.de\/?page_id=2821\">Nr. 19 \u2013 Gedenktafel Gesch\u00e4ftshaus Dresdener Str. 6<\/a><\/h4>\n\n\n\n<p>Standort: Dresdener Stra\u00dfe 6 \/ Ecke Bachstra\u00dfe,<\/p>\n\n\n\n<p>wieder stadtw\u00e4rts (Stra\u00dfenseite wieder zum Wegestein Nr. 16 wechseln), die &#8222;Pulsnitz&#8220; \u00fcberquerend in die Robert-Koch-Stra\u00dfe, am <a href=\"https:\/\/pulsnitzer-heimatverein.de\/wp-content\/uploads\/2020\/02\/Robert-Koch-Str.-6a-20190603-153637-1024x768.jpg\">Innungszeichen der Leineweber<\/a> (Schlussstein am Hauseingang Nr. 6 a) vorbei, vor dem Herrenhausplatz links in die Rietschelstra\u00dfe einbiegen und bis zum <a href=\"https:\/\/pulsnitzer-heimatverein.de\/wp-content\/uploads\/2020\/02\/Ernst-Rietschel-Geburtshaus-20190603-153215-1024x768.jpg\">Geburtshaus von Ernst Rietschel<\/a> mit Gedenktafel, Rietschelstra\u00dfe 16, weiter die Treppe rechts daneben hinauf und an der Kirche vorbei bis zur Pulsnitz-Information (ca. 3 min \/ 200 m)<\/p>\n\n\n\n<p>*<\/p>\n\n\n\n<h4 class=\"wp-block-heading\"><a href=\"https:\/\/pulsnitzer-heimatverein.de\/?page_id=2835\">Nr. 25 \u2013 Gedenktafel Markt<\/a><\/h4>\n\n\n\n<p>Standort: Pulsnitz-Information, Am Markt 3,<\/p>\n\n\n\n<p>der Ausgangspunkt des Rundweges ist erreicht und das <a href=\"https:\/\/pulsnitzer-heimatverein.de\/wp-content\/uploads\/2020\/02\/Ernst-Rietschel-Denkmal-20130608-141640-768x1024.jpg\">Ernst-Rietschel-Denkmal<\/a> vor dem jetzigen Rathaus kann noch besichtigt werden (ca. 3 min \/ 200 m)<\/p>\n\n\n\n<p>*<\/p>\n","protected":false},"excerpt":{"rendered":"<p>Auf Initiative des Pulsnitzer Heimatvereins e. V. wurden im Stadtgebiet von Pulsnitz, beginnend im Jahr 2011, Gedenksteine bzw. \u2013tafeln angebracht, um wichtige historische Geb\u00e4ude und Ereignisse zu w\u00fcrdigen. In den Jahren 2021 bis 2025 wurden einzelne Gedenktafeln erneuert, die Wegesteine<\/p>\n","protected":false},"author":1,"featured_media":0,"parent":0,"menu_order":0,"comment_status":"closed","ping_status":"closed","template":"","meta":{"footnotes":""},"class_list":["post-15","page","type-page","status-publish","hentry"],"_links":{"self":[{"href":"https:\/\/pulsnitzer-heimatverein.de\/index.php?rest_route=\/wp\/v2\/pages\/15","targetHints":{"allow":["GET"]}}],"collection":[{"href":"https:\/\/pulsnitzer-heimatverein.de\/index.php?rest_route=\/wp\/v2\/pages"}],"about":[{"href":"https:\/\/pulsnitzer-heimatverein.de\/index.php?rest_route=\/wp\/v2\/types\/page"}],"author":[{"embeddable":true,"href":"https:\/\/pulsnitzer-heimatverein.de\/index.php?rest_route=\/wp\/v2\/users\/1"}],"replies":[{"embeddable":true,"href":"https:\/\/pulsnitzer-heimatverein.de\/index.php?rest_route=%2Fwp%2Fv2%2Fcomments&post=15"}],"version-history":[{"count":176,"href":"https:\/\/pulsnitzer-heimatverein.de\/index.php?rest_route=\/wp\/v2\/pages\/15\/revisions"}],"predecessor-version":[{"id":3664,"href":"https:\/\/pulsnitzer-heimatverein.de\/index.php?rest_route=\/wp\/v2\/pages\/15\/revisions\/3664"}],"wp:attachment":[{"href":"https:\/\/pulsnitzer-heimatverein.de\/index.php?rest_route=%2Fwp%2Fv2%2Fmedia&parent=15"}],"curies":[{"name":"wp","href":"https:\/\/api.w.org\/{rel}","templated":true}]}}