{"id":171,"date":"2020-02-22T15:59:46","date_gmt":"2020-02-22T15:59:46","guid":{"rendered":"https:\/\/pulsnitzer-heimatverein.de\/?page_id=171"},"modified":"2021-05-13T14:00:01","modified_gmt":"2021-05-13T14:00:01","slug":"nr-13-brunnen-julius-kuehn-platz","status":"publish","type":"page","link":"https:\/\/pulsnitzer-heimatverein.de\/?page_id=171","title":{"rendered":"Nr. 13 \u2013 Gedenktafel Brunnen Julius-K\u00fchn-Platz"},"content":{"rendered":"\n<p>Standort: Julius-K\u00fchn-Platz, gegen\u00fcber Haus-Nr. 3 (am Brunnen)<\/p>\n\n\n\n<p>Stifter: <a href=\"http:\/\/www.volksbank-dresden-bautzen.de\">www.volksbank-dresden-bautzen.de<\/a><\/p>\n\n\n\n<p>Der Brunnen geh\u00f6rte Ende des 18. Jahrhunderts zu den acht Wassertr\u00f6gen mit \u00f6ffentlicher Nutzung. 2016 konnte die alte Brunnenfigur geborgen und restauriert werden.<\/p>\n\n\n\n<div class=\"wp-block-image\"><figure class=\"aligncenter size-large is-resized\"><img loading=\"lazy\" decoding=\"async\" src=\"https:\/\/pulsnitzer-heimatverein.de\/wp-content\/uploads\/2020\/09\/IMG_20200905_161853-768x1024.jpg\" alt=\"\" class=\"wp-image-815\" width=\"384\" height=\"512\" srcset=\"https:\/\/pulsnitzer-heimatverein.de\/wp-content\/uploads\/2020\/09\/IMG_20200905_161853-768x1024.jpg 768w, https:\/\/pulsnitzer-heimatverein.de\/wp-content\/uploads\/2020\/09\/IMG_20200905_161853-225x300.jpg 225w, https:\/\/pulsnitzer-heimatverein.de\/wp-content\/uploads\/2020\/09\/IMG_20200905_161853-1152x1536.jpg 1152w, https:\/\/pulsnitzer-heimatverein.de\/wp-content\/uploads\/2020\/09\/IMG_20200905_161853-1536x2048.jpg 1536w, https:\/\/pulsnitzer-heimatverein.de\/wp-content\/uploads\/2020\/09\/IMG_20200905_161853-scaled.jpg 1920w\" sizes=\"auto, (max-width: 384px) 100vw, 384px\" \/><figcaption>Foto: Holger Wehner<\/figcaption><\/figure><\/div>\n\n\n\n<div class=\"wp-block-image\"><figure class=\"aligncenter size-large is-resized\"><img loading=\"lazy\" decoding=\"async\" src=\"https:\/\/pulsnitzer-heimatverein.de\/wp-content\/uploads\/2020\/02\/Ziegenbalgplatz-20170617-113118-1024x768.jpg\" alt=\"\" class=\"wp-image-262\" width=\"512\" height=\"384\" srcset=\"https:\/\/pulsnitzer-heimatverein.de\/wp-content\/uploads\/2020\/02\/Ziegenbalgplatz-20170617-113118-1024x768.jpg 1024w, https:\/\/pulsnitzer-heimatverein.de\/wp-content\/uploads\/2020\/02\/Ziegenbalgplatz-20170617-113118-300x225.jpg 300w, https:\/\/pulsnitzer-heimatverein.de\/wp-content\/uploads\/2020\/02\/Ziegenbalgplatz-20170617-113118-768x576.jpg 768w, https:\/\/pulsnitzer-heimatverein.de\/wp-content\/uploads\/2020\/02\/Ziegenbalgplatz-20170617-113118-1536x1152.jpg 1536w, https:\/\/pulsnitzer-heimatverein.de\/wp-content\/uploads\/2020\/02\/Ziegenbalgplatz-20170617-113118-2048x1536.jpg 2048w\" sizes=\"auto, (max-width: 512px) 100vw, 512px\" \/><figcaption>Foto: Dr. Matthias M\u00e4gel<\/figcaption><\/figure><\/div>\n\n\n\n<p class=\"has-text-align-right\"><a href=\"https:\/\/pulsnitzer-heimatverein.de\/?page_id=1146\">weiter<\/a><\/p>\n","protected":false},"excerpt":{"rendered":"<p>Standort: Julius-K\u00fchn-Platz, gegen\u00fcber Haus-Nr. 3 (am Brunnen) Stifter: www.volksbank-dresden-bautzen.de Der Brunnen geh\u00f6rte Ende des 18. Jahrhunderts zu den acht Wassertr\u00f6gen mit \u00f6ffentlicher Nutzung. 2016 konnte die alte Brunnenfigur geborgen und restauriert werden. weiter<\/p>\n","protected":false},"author":1,"featured_media":0,"parent":0,"menu_order":0,"comment_status":"closed","ping_status":"closed","template":"","meta":{"footnotes":""},"class_list":["post-171","page","type-page","status-publish","hentry"],"_links":{"self":[{"href":"https:\/\/pulsnitzer-heimatverein.de\/index.php?rest_route=\/wp\/v2\/pages\/171","targetHints":{"allow":["GET"]}}],"collection":[{"href":"https:\/\/pulsnitzer-heimatverein.de\/index.php?rest_route=\/wp\/v2\/pages"}],"about":[{"href":"https:\/\/pulsnitzer-heimatverein.de\/index.php?rest_route=\/wp\/v2\/types\/page"}],"author":[{"embeddable":true,"href":"https:\/\/pulsnitzer-heimatverein.de\/index.php?rest_route=\/wp\/v2\/users\/1"}],"replies":[{"embeddable":true,"href":"https:\/\/pulsnitzer-heimatverein.de\/index.php?rest_route=%2Fwp%2Fv2%2Fcomments&post=171"}],"version-history":[{"count":10,"href":"https:\/\/pulsnitzer-heimatverein.de\/index.php?rest_route=\/wp\/v2\/pages\/171\/revisions"}],"predecessor-version":[{"id":1242,"href":"https:\/\/pulsnitzer-heimatverein.de\/index.php?rest_route=\/wp\/v2\/pages\/171\/revisions\/1242"}],"wp:attachment":[{"href":"https:\/\/pulsnitzer-heimatverein.de\/index.php?rest_route=%2Fwp%2Fv2%2Fmedia&parent=171"}],"curies":[{"name":"wp","href":"https:\/\/api.w.org\/{rel}","templated":true}]}}