{"id":174,"date":"2020-02-22T16:02:27","date_gmt":"2020-02-22T16:02:27","guid":{"rendered":"https:\/\/pulsnitzer-heimatverein.de\/?page_id=174"},"modified":"2025-04-18T09:57:46","modified_gmt":"2025-04-18T09:57:46","slug":"nr-3-gedenktafel-waisenhaus","status":"publish","type":"page","link":"https:\/\/pulsnitzer-heimatverein.de\/?page_id=174","title":{"rendered":"Nr. 3 \u2013 Gedenktafel Waisenhaus"},"content":{"rendered":"\n<p>Standort: Hauseingang Rietschelstra\u00dfe 26<\/p>\n\n\n\n<p>Stifter: Prof. Martin W\u00e4hner, Quedlinburg<\/p>\n\n\n\n<p>1945 \u00fcbernahm Frau Irmgard Stempel die Leitung des evangelischen\nKinderheimes und betreute 67 elternlose Kinder bis zur Schlie\u00dfung der\nEinrichtung im Jahr 1952.<\/p>\n\n\n\n<div class=\"wp-block-image\"><figure class=\"aligncenter size-large is-resized\"><img loading=\"lazy\" decoding=\"async\" src=\"https:\/\/pulsnitzer-heimatverein.de\/wp-content\/uploads\/2021\/09\/20210916-174125-768x1024.jpg\" alt=\"\" class=\"wp-image-1398\" width=\"384\" height=\"512\" srcset=\"https:\/\/pulsnitzer-heimatverein.de\/wp-content\/uploads\/2021\/09\/20210916-174125-768x1024.jpg 768w, https:\/\/pulsnitzer-heimatverein.de\/wp-content\/uploads\/2021\/09\/20210916-174125-225x300.jpg 225w, https:\/\/pulsnitzer-heimatverein.de\/wp-content\/uploads\/2021\/09\/20210916-174125-1152x1536.jpg 1152w, https:\/\/pulsnitzer-heimatverein.de\/wp-content\/uploads\/2021\/09\/20210916-174125-1536x2048.jpg 1536w, https:\/\/pulsnitzer-heimatverein.de\/wp-content\/uploads\/2021\/09\/20210916-174125-scaled.jpg 1920w\" sizes=\"auto, (max-width: 384px) 100vw, 384px\" \/><figcaption>Foto: Dr. Matthias M\u00e4gel<\/figcaption><\/figure><\/div>\n\n\n\n<div style=\"height:100px\" aria-hidden=\"true\" class=\"wp-block-spacer\"><\/div>\n\n\n\n<p class=\"has-text-align-right\"><a href=\"https:\/\/pulsnitzer-heimatverein.de\/?page_id=165\">weiter<\/a><\/p>\n","protected":false},"excerpt":{"rendered":"<p>Standort: Hauseingang Rietschelstra\u00dfe 26 Stifter: Prof. Martin W\u00e4hner, Quedlinburg 1945 \u00fcbernahm Frau Irmgard Stempel die Leitung des evangelischen Kinderheimes und betreute 67 elternlose Kinder bis zur Schlie\u00dfung der Einrichtung im Jahr 1952. weiter<\/p>\n","protected":false},"author":1,"featured_media":0,"parent":0,"menu_order":0,"comment_status":"closed","ping_status":"closed","template":"","meta":{"footnotes":""},"class_list":["post-174","page","type-page","status-publish","hentry"],"_links":{"self":[{"href":"https:\/\/pulsnitzer-heimatverein.de\/index.php?rest_route=\/wp\/v2\/pages\/174","targetHints":{"allow":["GET"]}}],"collection":[{"href":"https:\/\/pulsnitzer-heimatverein.de\/index.php?rest_route=\/wp\/v2\/pages"}],"about":[{"href":"https:\/\/pulsnitzer-heimatverein.de\/index.php?rest_route=\/wp\/v2\/types\/page"}],"author":[{"embeddable":true,"href":"https:\/\/pulsnitzer-heimatverein.de\/index.php?rest_route=\/wp\/v2\/users\/1"}],"replies":[{"embeddable":true,"href":"https:\/\/pulsnitzer-heimatverein.de\/index.php?rest_route=%2Fwp%2Fv2%2Fcomments&post=174"}],"version-history":[{"count":9,"href":"https:\/\/pulsnitzer-heimatverein.de\/index.php?rest_route=\/wp\/v2\/pages\/174\/revisions"}],"predecessor-version":[{"id":3347,"href":"https:\/\/pulsnitzer-heimatverein.de\/index.php?rest_route=\/wp\/v2\/pages\/174\/revisions\/3347"}],"wp:attachment":[{"href":"https:\/\/pulsnitzer-heimatverein.de\/index.php?rest_route=%2Fwp%2Fv2%2Fmedia&parent=174"}],"curies":[{"name":"wp","href":"https:\/\/api.w.org\/{rel}","templated":true}]}}