{"id":177,"date":"2020-02-22T16:02:59","date_gmt":"2020-02-22T16:02:59","guid":{"rendered":"https:\/\/pulsnitzer-heimatverein.de\/?page_id=177"},"modified":"2025-04-18T09:54:07","modified_gmt":"2025-04-18T09:54:07","slug":"nr-11-wegestein-polzenberg","status":"publish","type":"page","link":"https:\/\/pulsnitzer-heimatverein.de\/?page_id=177","title":{"rendered":"Nr. 11 \u2013 Wegestein Polzenberg"},"content":{"rendered":"\n<p>Standort: Polzenberg, in H\u00f6he Haus-Nr. 10 (N\u00e4he Brunnen)<\/p>\n\n\n\n<p>Stifter: <a href=\"http:\/\/www.olfo-pabst.de\/\">www.olfo-pabst.de<\/a> <\/p>\n\n\n\n<p>Der Polzenberg ist der \u00e4lteste Stadtteil von Pulsnitz. Hier befand sich\nvermutlich lange vor Ersterw\u00e4hnung des Ortes eine sorbische Siedlung, einige\nder jetzigen Geb\u00e4ude haben ihren Ursprung im 17. und 18. Jahrhundert.<\/p>\n\n\n\n<div class=\"wp-block-image\"><figure class=\"aligncenter size-large is-resized\"><img loading=\"lazy\" decoding=\"async\" src=\"https:\/\/pulsnitzer-heimatverein.de\/wp-content\/uploads\/2021\/11\/20211127_104252-768x1024.jpg\" alt=\"\" class=\"wp-image-1552\" width=\"384\" height=\"512\" srcset=\"https:\/\/pulsnitzer-heimatverein.de\/wp-content\/uploads\/2021\/11\/20211127_104252-768x1024.jpg 768w, https:\/\/pulsnitzer-heimatverein.de\/wp-content\/uploads\/2021\/11\/20211127_104252-225x300.jpg 225w, https:\/\/pulsnitzer-heimatverein.de\/wp-content\/uploads\/2021\/11\/20211127_104252-1152x1536.jpg 1152w, https:\/\/pulsnitzer-heimatverein.de\/wp-content\/uploads\/2021\/11\/20211127_104252-1536x2048.jpg 1536w, https:\/\/pulsnitzer-heimatverein.de\/wp-content\/uploads\/2021\/11\/20211127_104252-scaled.jpg 1920w\" sizes=\"auto, (max-width: 384px) 100vw, 384px\" \/><figcaption>2021-11-27: Gedenktafel Nr. 11, 2021 erneuert<br>Foto: Matthias Thomschke<\/figcaption><\/figure><\/div>\n\n\n\n<div class=\"wp-block-image\"><figure class=\"aligncenter size-large is-resized\"><img loading=\"lazy\" decoding=\"async\" src=\"https:\/\/pulsnitzer-heimatverein.de\/wp-content\/uploads\/2020\/02\/Kalender-2015-05_Polzenberg-1024x745.jpg\" alt=\"\" class=\"wp-image-285\" width=\"512\" height=\"373\" srcset=\"https:\/\/pulsnitzer-heimatverein.de\/wp-content\/uploads\/2020\/02\/Kalender-2015-05_Polzenberg-1024x745.jpg 1024w, https:\/\/pulsnitzer-heimatverein.de\/wp-content\/uploads\/2020\/02\/Kalender-2015-05_Polzenberg-300x218.jpg 300w, https:\/\/pulsnitzer-heimatverein.de\/wp-content\/uploads\/2020\/02\/Kalender-2015-05_Polzenberg-768x558.jpg 768w, https:\/\/pulsnitzer-heimatverein.de\/wp-content\/uploads\/2020\/02\/Kalender-2015-05_Polzenberg-1536x1117.jpg 1536w, https:\/\/pulsnitzer-heimatverein.de\/wp-content\/uploads\/2020\/02\/Kalender-2015-05_Polzenberg-2048x1489.jpg 2048w\" sizes=\"auto, (max-width: 512px) 100vw, 512px\" \/><figcaption>Motiv aus dem Kalender 2015 des Pulsnitzer Heimatvereins e. V.<\/figcaption><\/figure><\/div>\n\n\n\n<div style=\"height:100px\" aria-hidden=\"true\" class=\"wp-block-spacer\"><\/div>\n\n\n\n<p class=\"has-text-align-right\"><a href=\"https:\/\/pulsnitzer-heimatverein.de\/?page_id=198\">weiter<\/a><\/p>\n","protected":false},"excerpt":{"rendered":"<p>Standort: Polzenberg, in H\u00f6he Haus-Nr. 10 (N\u00e4he Brunnen) Stifter: www.olfo-pabst.de Der Polzenberg ist der \u00e4lteste Stadtteil von Pulsnitz. Hier befand sich vermutlich lange vor Ersterw\u00e4hnung des Ortes eine sorbische Siedlung, einige der jetzigen Geb\u00e4ude haben ihren Ursprung im 17. und<\/p>\n","protected":false},"author":1,"featured_media":0,"parent":0,"menu_order":0,"comment_status":"closed","ping_status":"closed","template":"","meta":{"footnotes":""},"class_list":["post-177","page","type-page","status-publish","hentry"],"_links":{"self":[{"href":"https:\/\/pulsnitzer-heimatverein.de\/index.php?rest_route=\/wp\/v2\/pages\/177","targetHints":{"allow":["GET"]}}],"collection":[{"href":"https:\/\/pulsnitzer-heimatverein.de\/index.php?rest_route=\/wp\/v2\/pages"}],"about":[{"href":"https:\/\/pulsnitzer-heimatverein.de\/index.php?rest_route=\/wp\/v2\/types\/page"}],"author":[{"embeddable":true,"href":"https:\/\/pulsnitzer-heimatverein.de\/index.php?rest_route=\/wp\/v2\/users\/1"}],"replies":[{"embeddable":true,"href":"https:\/\/pulsnitzer-heimatverein.de\/index.php?rest_route=%2Fwp%2Fv2%2Fcomments&post=177"}],"version-history":[{"count":9,"href":"https:\/\/pulsnitzer-heimatverein.de\/index.php?rest_route=\/wp\/v2\/pages\/177\/revisions"}],"predecessor-version":[{"id":3334,"href":"https:\/\/pulsnitzer-heimatverein.de\/index.php?rest_route=\/wp\/v2\/pages\/177\/revisions\/3334"}],"wp:attachment":[{"href":"https:\/\/pulsnitzer-heimatverein.de\/index.php?rest_route=%2Fwp%2Fv2%2Fmedia&parent=177"}],"curies":[{"name":"wp","href":"https:\/\/api.w.org\/{rel}","templated":true}]}}