{"id":1776,"date":"2022-04-22T09:09:27","date_gmt":"2022-04-22T09:09:27","guid":{"rendered":"https:\/\/pulsnitzer-heimatverein.de\/?page_id=1776"},"modified":"2025-12-24T13:16:38","modified_gmt":"2025-12-24T13:16:38","slug":"denkmalschutzprojekte","status":"publish","type":"page","link":"https:\/\/pulsnitzer-heimatverein.de\/?page_id=1776","title":{"rendered":"Denkmalschutzprojekte"},"content":{"rendered":"\n<p class=\"has-text-align-center\">Die<\/p>\n\n\n\n<p class=\"has-text-align-center has-vivid-red-color has-text-color has-medium-font-size\"><strong>&#8222;F\u00e4rberhenke&#8220;<\/strong><\/p>\n\n\n\n<p class=\"has-text-align-center\">(auch &#8222;F\u00e4rberh\u00e4nge&#8220; genannt)<\/p>\n\n\n\n<p class=\"has-text-align-center\">befindet sich in Pulsnitz, Polzenberg 10.<\/p>\n\n\n\n<p class=\"has-text-align-center\">Der Pulsnitzer Heimatverein e. V. bem\u00fcht sich seit l\u00e4ngerem um den Erhalt dieses historischen Denkmals,<\/p>\n\n\n\n<p class=\"has-text-align-center\">das sich im Eigentum der SWG St\u00e4dtische Wohnungsgesellschaft Pulsnitz mbH<\/p>\n\n\n\n<p class=\"has-text-align-center\">befindet.<\/p>\n\n\n\n<figure class=\"wp-block-image aligncenter size-large is-resized\"><img loading=\"lazy\" decoding=\"async\" width=\"768\" height=\"1024\" src=\"https:\/\/pulsnitzer-heimatverein.de\/wp-content\/uploads\/2022\/05\/Nr.-10-Faerberhenke_20200820-172846-768x1024.jpg\" alt=\"\" class=\"wp-image-1860\" style=\"width:384px;height:512px\" srcset=\"https:\/\/pulsnitzer-heimatverein.de\/wp-content\/uploads\/2022\/05\/Nr.-10-Faerberhenke_20200820-172846-768x1024.jpg 768w, https:\/\/pulsnitzer-heimatverein.de\/wp-content\/uploads\/2022\/05\/Nr.-10-Faerberhenke_20200820-172846-225x300.jpg 225w, https:\/\/pulsnitzer-heimatverein.de\/wp-content\/uploads\/2022\/05\/Nr.-10-Faerberhenke_20200820-172846-1152x1536.jpg 1152w, https:\/\/pulsnitzer-heimatverein.de\/wp-content\/uploads\/2022\/05\/Nr.-10-Faerberhenke_20200820-172846-1536x2048.jpg 1536w, https:\/\/pulsnitzer-heimatverein.de\/wp-content\/uploads\/2022\/05\/Nr.-10-Faerberhenke_20200820-172846-scaled.jpg 1920w\" sizes=\"auto, (max-width: 768px) 100vw, 768px\" \/><figcaption class=\"wp-element-caption\">Gedenktafel Nr. 10 an der F\u00e4rberhenke<br>Foto: Dr. Matthias M\u00e4gel, 2020<\/figcaption><\/figure>\n\n\n\n<p>Ein chronologischer Ablauf verschiedener Aktivit\u00e4ten ist im folgenden dargestellt:<\/p>\n\n\n\n<p class=\"has-text-align-center has-vivid-cyan-blue-color has-text-color has-link-color wp-elements-e03e334a146d0801c9a14bc4be2b1c7d\"><strong>2025-09-14<\/strong><\/p>\n\n\n\n<p class=\"has-text-align-center\">\u00d6ffnung der F\u00e4rberhenke zum &#8222;Tag des offenen Denkmals<sup>\u00ae<\/sup>&#8220; von 10.00 &#8211; 16.00 Uhr zur Besichtigung<\/p>\n\n\n\n<p class=\"has-text-align-center\">Video: Lausitzwelle, 2025-10-14 &#8211; <a href=\"https:\/\/youtu.be\/Y0tCpqLUR9Y?si=ZJacT96t8tLgvxNb\">Pulsnitz: Einzigartige F\u00e4rberh\u00e4nge<\/a><\/p>\n\n\n\n<p class=\"has-text-align-center\">*<\/p>\n\n\n\n<p class=\"has-text-align-center has-vivid-cyan-blue-color has-text-color has-link-color wp-elements-c120d83b21ade4b25ef7ca832975bdf4\"><strong>2024-09-08<\/strong><\/p>\n\n\n\n<p class=\"has-text-align-center\">\u00d6ffnung der F\u00e4rberhenke zum &#8222;Tag des offenen Denkmals<sup>\u00ae<\/sup>&#8220; von 10.00 &#8211; 16.00 Uhr zur Besichtigung<\/p>\n\n\n\n<p class=\"has-text-align-center\">Video: Lausitzwelle, 2024-09-11 &#8211; <a href=\"https:\/\/www.youtube.com\/watch?v=AJM_U9S1PKI\">Pulsnitz: Denkmaltag mit gef\u00fchrtem Rundgang<\/a><\/p>\n\n\n\n<p class=\"has-text-align-center\">*<\/p>\n\n\n\n<p class=\"has-text-align-center has-vivid-cyan-blue-color has-text-color\"><strong>2023-09-10<\/strong><\/p>\n\n\n\n<p class=\"has-text-align-center\">\u00d6ffnung der F\u00e4rberhenke zum &#8222;Tag des offenen Denkmals<sup>\u00ae<\/sup>&#8220; von 10.00 &#8211; 16.00 Uhr zur Besichtigung<\/p>\n\n\n\n<p class=\"has-text-align-center\"> Pressebeitrag: S\u00e4chsische Zeitung online, 2023-09-07 &#8211; <a href=\"https:\/\/pulsnitzer-heimatverein.de\/wp-content\/uploads\/2023\/09\/2023-09-07_SZ-online_TdoD-Faerberhaenge.pdf\">Tag des Denkmals: Pulsnitz \u00f6ffnet deutschlandweit einmaliges Geb\u00e4ude<\/a>  <\/p>\n\n\n\n<p class=\"has-text-align-center\">Video: Lausitzwelle, 2023-09-12 &#8211; <a href=\"https:\/\/youtu.be\/uUB5UG1nE0Y\">Pulsnitz: F\u00e4rberhenke \u00f6ffnet ihre T\u00fcren<\/a><\/p>\n\n\n\n<p class=\"has-text-align-center\">*<\/p>\n\n\n\n<p class=\"has-text-align-center has-vivid-cyan-blue-color has-text-color\"><strong>2022-09-11<\/strong><\/p>\n\n\n\n<p class=\"has-text-align-center\">\u00d6ffnung der F\u00e4rberhenke zum &#8222;Tag des offenen Denkmals<sup>\u00ae<\/sup>&#8220; von 10.00 &#8211; 16.00 Uhr zur Besichtigung<\/p>\n\n\n\n<figure class=\"wp-block-video\"><video autoplay controls loop src=\"https:\/\/pulsnitzer-heimatverein.de\/wp-content\/uploads\/2022\/10\/2022-09-19_Lausitzwelle - Faerberhenke_Nachrichten_Clip.mp4\"><\/video><figcaption class=\"wp-element-caption\">Quelle: Lausitzwelle, 2022-09-19<\/figcaption><\/figure>\n\n\n\n<p class=\"has-text-align-center\">*<\/p>\n\n\n\n<p class=\"has-text-align-center\">Pressestimmen:<\/p>\n\n\n\n<p class=\"has-text-align-center\">Oberlausitzer Kurier, Lokalausgabe BIW \u2013 KM, 2022-09-17, Seite 8 &#8211; <a href=\"https:\/\/pulsnitzer-heimatverein.de\/wp-content\/uploads\/2022\/09\/2022-09-17_OLKurierKamenz_Faerberhenke.pdf\">F\u00e4rberhenke gibt noch R\u00e4tsel auf<\/a><\/p>\n\n\n\n<figure class=\"wp-block-image aligncenter size-large is-resized\"><img loading=\"lazy\" decoding=\"async\" width=\"1024\" height=\"277\" src=\"https:\/\/pulsnitzer-heimatverein.de\/wp-content\/uploads\/2022\/05\/1110-x-300px-1024x277.png\" alt=\"\" class=\"wp-image-1813\" style=\"width:512px;height:139px\" srcset=\"https:\/\/pulsnitzer-heimatverein.de\/wp-content\/uploads\/2022\/05\/1110-x-300px-1024x277.png 1024w, https:\/\/pulsnitzer-heimatverein.de\/wp-content\/uploads\/2022\/05\/1110-x-300px-300x81.png 300w, https:\/\/pulsnitzer-heimatverein.de\/wp-content\/uploads\/2022\/05\/1110-x-300px-768x208.png 768w, https:\/\/pulsnitzer-heimatverein.de\/wp-content\/uploads\/2022\/05\/1110-x-300px.png 1110w\" sizes=\"auto, (max-width: 1024px) 100vw, 1024px\" \/><\/figure>\n\n\n\n<figure class=\"wp-block-image aligncenter size-large is-resized\"><img loading=\"lazy\" decoding=\"async\" width=\"1024\" height=\"768\" src=\"https:\/\/pulsnitzer-heimatverein.de\/wp-content\/uploads\/2022\/09\/P1110858-1024x768.jpg\" alt=\"\" class=\"wp-image-2059\" style=\"width:512px;height:384px\" srcset=\"https:\/\/pulsnitzer-heimatverein.de\/wp-content\/uploads\/2022\/09\/P1110858-1024x768.jpg 1024w, https:\/\/pulsnitzer-heimatverein.de\/wp-content\/uploads\/2022\/09\/P1110858-300x225.jpg 300w, https:\/\/pulsnitzer-heimatverein.de\/wp-content\/uploads\/2022\/09\/P1110858-768x576.jpg 768w, https:\/\/pulsnitzer-heimatverein.de\/wp-content\/uploads\/2022\/09\/P1110858-1536x1152.jpg 1536w, https:\/\/pulsnitzer-heimatverein.de\/wp-content\/uploads\/2022\/09\/P1110858-2048x1536.jpg 2048w\" sizes=\"auto, (max-width: 1024px) 100vw, 1024px\" \/><figcaption class=\"wp-element-caption\">&#8222;Tag des offenen Denkmals\u00ae&#8220;<br>Foto: Dr. Matthias M\u00e4gel, 2022-09-11<\/figcaption><\/figure>\n\n\n\n<p class=\"has-text-align-center\">*<\/p>\n\n\n\n<p class=\"has-text-align-center has-vivid-cyan-blue-color has-text-color\"><strong>2023 \/ 2022 \/ 2021<\/strong><\/p>\n\n\n\n<p class=\"has-text-align-center\">Bearbeitung eines F\u00f6rdervertrages der Deutschen Stiftung Denkmalschutz zu Bauaufnahme, Raumbuch und Nutzungskonzept<\/p>\n\n\n\n<figure class=\"wp-block-image aligncenter size-full is-resized\"><img loading=\"lazy\" decoding=\"async\" width=\"709\" height=\"567\" src=\"https:\/\/pulsnitzer-heimatverein.de\/wp-content\/uploads\/2021\/09\/GefoerdertdurchdieDSD_Logo_RGB_pos.jpg\" alt=\"\" class=\"wp-image-1395\" style=\"width:355px;height:284px\" srcset=\"https:\/\/pulsnitzer-heimatverein.de\/wp-content\/uploads\/2021\/09\/GefoerdertdurchdieDSD_Logo_RGB_pos.jpg 709w, https:\/\/pulsnitzer-heimatverein.de\/wp-content\/uploads\/2021\/09\/GefoerdertdurchdieDSD_Logo_RGB_pos-300x240.jpg 300w\" sizes=\"auto, (max-width: 709px) 100vw, 709px\" \/><\/figure>\n\n\n\n<p class=\"has-text-align-center\">*<\/p>\n\n\n\n<p class=\"has-text-align-center has-vivid-cyan-blue-color has-text-color\"><strong>2014<\/strong><\/p>\n\n\n\n<p class=\"has-text-align-center\">Substanzerhaltende Ma\u00dfnahmen zur <a href=\"https:\/\/pulsnitzer-heimatverein.de\/wp-content\/uploads\/2020\/02\/2014-10-00_PA-S05_F\u00e4rberhenke.pdf\">Rettung der F\u00e4rberhenke<\/a><\/p>\n\n\n\n<p class=\"has-text-align-center\">*<\/p>\n\n\n\n<p class=\"has-text-align-center has-vivid-cyan-blue-color has-text-color\"><strong>2012-06<\/strong><\/p>\n\n\n\n<p class=\"has-text-align-center\">Bestandsaufnahme<\/p>\n\n\n\n<figure class=\"wp-block-image alignleft size-large is-resized\"><img loading=\"lazy\" decoding=\"async\" width=\"683\" height=\"1024\" src=\"https:\/\/pulsnitzer-heimatverein.de\/wp-content\/uploads\/2022\/05\/IMG_1125-683x1024.jpg\" alt=\"\" class=\"wp-image-1888\" style=\"width:342px;height:512px\" srcset=\"https:\/\/pulsnitzer-heimatverein.de\/wp-content\/uploads\/2022\/05\/IMG_1125-683x1024.jpg 683w, https:\/\/pulsnitzer-heimatverein.de\/wp-content\/uploads\/2022\/05\/IMG_1125-200x300.jpg 200w, https:\/\/pulsnitzer-heimatverein.de\/wp-content\/uploads\/2022\/05\/IMG_1125-768x1152.jpg 768w, https:\/\/pulsnitzer-heimatverein.de\/wp-content\/uploads\/2022\/05\/IMG_1125-1024x1536.jpg 1024w, https:\/\/pulsnitzer-heimatverein.de\/wp-content\/uploads\/2022\/05\/IMG_1125-1365x2048.jpg 1365w, https:\/\/pulsnitzer-heimatverein.de\/wp-content\/uploads\/2022\/05\/IMG_1125-scaled.jpg 1707w\" sizes=\"auto, (max-width: 683px) 100vw, 683px\" \/><figcaption class=\"wp-element-caption\">Foto: Matthias Thomschke, 2012-06<\/figcaption><\/figure>\n\n\n\n<figure class=\"wp-block-image alignleft size-large is-resized\"><img loading=\"lazy\" decoding=\"async\" width=\"1024\" height=\"683\" src=\"https:\/\/pulsnitzer-heimatverein.de\/wp-content\/uploads\/2022\/05\/IMG_1119-1024x683.jpg\" alt=\"\" class=\"wp-image-1887\" style=\"width:512px;height:342px\" srcset=\"https:\/\/pulsnitzer-heimatverein.de\/wp-content\/uploads\/2022\/05\/IMG_1119-1024x683.jpg 1024w, https:\/\/pulsnitzer-heimatverein.de\/wp-content\/uploads\/2022\/05\/IMG_1119-300x200.jpg 300w, https:\/\/pulsnitzer-heimatverein.de\/wp-content\/uploads\/2022\/05\/IMG_1119-768x512.jpg 768w, https:\/\/pulsnitzer-heimatverein.de\/wp-content\/uploads\/2022\/05\/IMG_1119-1536x1024.jpg 1536w, https:\/\/pulsnitzer-heimatverein.de\/wp-content\/uploads\/2022\/05\/IMG_1119-2048x1365.jpg 2048w\" sizes=\"auto, (max-width: 1024px) 100vw, 1024px\" \/><figcaption class=\"wp-element-caption\">Foto: Matthias Thomschke, 2012-06<\/figcaption><\/figure>\n\n\n\n<figure class=\"wp-block-image size-large is-resized\"><img loading=\"lazy\" decoding=\"async\" width=\"1024\" height=\"683\" src=\"https:\/\/pulsnitzer-heimatverein.de\/wp-content\/uploads\/2022\/05\/IMG_1114-1024x683.jpg\" alt=\"\" class=\"wp-image-1886\" style=\"width:512px;height:342px\" srcset=\"https:\/\/pulsnitzer-heimatverein.de\/wp-content\/uploads\/2022\/05\/IMG_1114-1024x683.jpg 1024w, https:\/\/pulsnitzer-heimatverein.de\/wp-content\/uploads\/2022\/05\/IMG_1114-300x200.jpg 300w, https:\/\/pulsnitzer-heimatverein.de\/wp-content\/uploads\/2022\/05\/IMG_1114-768x512.jpg 768w, https:\/\/pulsnitzer-heimatverein.de\/wp-content\/uploads\/2022\/05\/IMG_1114-1536x1024.jpg 1536w, https:\/\/pulsnitzer-heimatverein.de\/wp-content\/uploads\/2022\/05\/IMG_1114-2048x1365.jpg 2048w\" sizes=\"auto, (max-width: 1024px) 100vw, 1024px\" \/><figcaption class=\"wp-element-caption\">Foto: Matthias Thomschke, 2012-06<\/figcaption><\/figure>\n\n\n\n<figure class=\"wp-block-image alignleft size-large is-resized\"><img loading=\"lazy\" decoding=\"async\" width=\"1024\" height=\"683\" src=\"https:\/\/pulsnitzer-heimatverein.de\/wp-content\/uploads\/2022\/05\/IMG_1072-1024x683.jpg\" alt=\"\" class=\"wp-image-1885\" style=\"width:512px;height:342px\" srcset=\"https:\/\/pulsnitzer-heimatverein.de\/wp-content\/uploads\/2022\/05\/IMG_1072-1024x683.jpg 1024w, https:\/\/pulsnitzer-heimatverein.de\/wp-content\/uploads\/2022\/05\/IMG_1072-300x200.jpg 300w, https:\/\/pulsnitzer-heimatverein.de\/wp-content\/uploads\/2022\/05\/IMG_1072-768x512.jpg 768w, https:\/\/pulsnitzer-heimatverein.de\/wp-content\/uploads\/2022\/05\/IMG_1072-1536x1024.jpg 1536w, https:\/\/pulsnitzer-heimatverein.de\/wp-content\/uploads\/2022\/05\/IMG_1072-2048x1365.jpg 2048w\" sizes=\"auto, (max-width: 1024px) 100vw, 1024px\" \/><figcaption class=\"wp-element-caption\">Foto: Matthias Thomschke, 2012-06<\/figcaption><\/figure>\n\n\n\n<p class=\"has-text-align-center\">*<\/p>\n\n\n\n<p><\/p>\n","protected":false},"excerpt":{"rendered":"<p>Die &#8222;F\u00e4rberhenke&#8220; (auch &#8222;F\u00e4rberh\u00e4nge&#8220; genannt) befindet sich in Pulsnitz, Polzenberg 10. Der Pulsnitzer Heimatverein e. V. bem\u00fcht sich seit l\u00e4ngerem um den Erhalt dieses historischen Denkmals, das sich im Eigentum der SWG St\u00e4dtische Wohnungsgesellschaft Pulsnitz mbH befindet. Ein chronologischer Ablauf<\/p>\n","protected":false},"author":1,"featured_media":0,"parent":0,"menu_order":0,"comment_status":"closed","ping_status":"closed","template":"","meta":{"footnotes":""},"class_list":["post-1776","page","type-page","status-publish","hentry"],"_links":{"self":[{"href":"https:\/\/pulsnitzer-heimatverein.de\/index.php?rest_route=\/wp\/v2\/pages\/1776","targetHints":{"allow":["GET"]}}],"collection":[{"href":"https:\/\/pulsnitzer-heimatverein.de\/index.php?rest_route=\/wp\/v2\/pages"}],"about":[{"href":"https:\/\/pulsnitzer-heimatverein.de\/index.php?rest_route=\/wp\/v2\/types\/page"}],"author":[{"embeddable":true,"href":"https:\/\/pulsnitzer-heimatverein.de\/index.php?rest_route=\/wp\/v2\/users\/1"}],"replies":[{"embeddable":true,"href":"https:\/\/pulsnitzer-heimatverein.de\/index.php?rest_route=%2Fwp%2Fv2%2Fcomments&post=1776"}],"version-history":[{"count":44,"href":"https:\/\/pulsnitzer-heimatverein.de\/index.php?rest_route=\/wp\/v2\/pages\/1776\/revisions"}],"predecessor-version":[{"id":3644,"href":"https:\/\/pulsnitzer-heimatverein.de\/index.php?rest_route=\/wp\/v2\/pages\/1776\/revisions\/3644"}],"wp:attachment":[{"href":"https:\/\/pulsnitzer-heimatverein.de\/index.php?rest_route=%2Fwp%2Fv2%2Fmedia&parent=1776"}],"curies":[{"name":"wp","href":"https:\/\/api.w.org\/{rel}","templated":true}]}}