{"id":183,"date":"2020-02-22T16:03:46","date_gmt":"2020-02-22T16:03:46","guid":{"rendered":"https:\/\/pulsnitzer-heimatverein.de\/?page_id=183"},"modified":"2024-01-17T12:59:29","modified_gmt":"2024-01-17T12:59:29","slug":"nr-2-gedenktafel-barockportal","status":"publish","type":"page","link":"https:\/\/pulsnitzer-heimatverein.de\/?page_id=183","title":{"rendered":"Nr. 2 \u2013 Gedenktafel Barockportal"},"content":{"rendered":"\n<p>Standort: Pulsnitz-Information, Am Markt 3, Eingang Goethestra\u00dfe (H\u00f6he\nParkplatz)<\/p>\n\n\n\n<p>Stifter: s. Gedenktafel am Portal<\/p>\n\n\n\n<p>Das Portal des Tuchhandelshauses Kind, bestehend aus Sandstein mit Torfl\u00fcgeln aus Eichenholz, wurde um 1779 errichtet und befand sich bis 1993 an einem sp\u00e4ter abgerissenen Geb\u00e4ude an der heutigen Robert-Koch-Stra\u00dfe (Haus-Nr. 6).<\/p>\n\n\n\n<figure class=\"wp-block-image aligncenter size-large is-resized\"><img loading=\"lazy\" decoding=\"async\" width=\"1024\" height=\"768\" src=\"https:\/\/pulsnitzer-heimatverein.de\/wp-content\/uploads\/2020\/02\/Nr.-2-Portal_20180805-102219-1024x768.jpg\" alt=\"\" class=\"wp-image-251\" style=\"width:512px;height:384px\" srcset=\"https:\/\/pulsnitzer-heimatverein.de\/wp-content\/uploads\/2020\/02\/Nr.-2-Portal_20180805-102219-1024x768.jpg 1024w, https:\/\/pulsnitzer-heimatverein.de\/wp-content\/uploads\/2020\/02\/Nr.-2-Portal_20180805-102219-300x225.jpg 300w, https:\/\/pulsnitzer-heimatverein.de\/wp-content\/uploads\/2020\/02\/Nr.-2-Portal_20180805-102219-768x576.jpg 768w, https:\/\/pulsnitzer-heimatverein.de\/wp-content\/uploads\/2020\/02\/Nr.-2-Portal_20180805-102219-1536x1152.jpg 1536w, https:\/\/pulsnitzer-heimatverein.de\/wp-content\/uploads\/2020\/02\/Nr.-2-Portal_20180805-102219-2048x1536.jpg 2048w\" sizes=\"auto, (max-width: 1024px) 100vw, 1024px\" \/><figcaption class=\"wp-element-caption\">Foto: Dr. Matthias M\u00e4gel<\/figcaption><\/figure>\n\n\n\n<figure class=\"wp-block-image aligncenter size-large is-resized\"><img loading=\"lazy\" decoding=\"async\" width=\"768\" height=\"1024\" src=\"https:\/\/pulsnitzer-heimatverein.de\/wp-content\/uploads\/2020\/02\/Portal-20131026-170222-768x1024.jpg\" alt=\"\" class=\"wp-image-238\" style=\"width:384px;height:512px\" srcset=\"https:\/\/pulsnitzer-heimatverein.de\/wp-content\/uploads\/2020\/02\/Portal-20131026-170222-768x1024.jpg 768w, https:\/\/pulsnitzer-heimatverein.de\/wp-content\/uploads\/2020\/02\/Portal-20131026-170222-225x300.jpg 225w, https:\/\/pulsnitzer-heimatverein.de\/wp-content\/uploads\/2020\/02\/Portal-20131026-170222-1152x1536.jpg 1152w, https:\/\/pulsnitzer-heimatverein.de\/wp-content\/uploads\/2020\/02\/Portal-20131026-170222-1536x2048.jpg 1536w, https:\/\/pulsnitzer-heimatverein.de\/wp-content\/uploads\/2020\/02\/Portal-20131026-170222-scaled.jpg 1920w\" sizes=\"auto, (max-width: 768px) 100vw, 768px\" \/><figcaption class=\"wp-element-caption\">Foto: Dr. Matthias M\u00e4gel<\/figcaption><\/figure>\n\n\n\n<p>Im Zusammenhang mit dem Aufbau des Portals wurde vom Heimatverein unter dem Titel \u201eHistorisches Pulsnitz, Sammelkarte 01\u201c eine Postkarte herausgegeben.<\/p>\n\n\n\n<figure class=\"wp-block-image aligncenter size-large is-resized\"><img loading=\"lazy\" decoding=\"async\" width=\"1024\" height=\"724\" src=\"https:\/\/pulsnitzer-heimatverein.de\/wp-content\/uploads\/2020\/02\/Postkarte_Handelshaus-1024x724.jpg\" alt=\"\" class=\"wp-image-252\" style=\"width:512px;height:362px\" srcset=\"https:\/\/pulsnitzer-heimatverein.de\/wp-content\/uploads\/2020\/02\/Postkarte_Handelshaus-1024x724.jpg 1024w, https:\/\/pulsnitzer-heimatverein.de\/wp-content\/uploads\/2020\/02\/Postkarte_Handelshaus-300x212.jpg 300w, https:\/\/pulsnitzer-heimatverein.de\/wp-content\/uploads\/2020\/02\/Postkarte_Handelshaus-768x543.jpg 768w, https:\/\/pulsnitzer-heimatverein.de\/wp-content\/uploads\/2020\/02\/Postkarte_Handelshaus.jpg 1200w\" sizes=\"auto, (max-width: 1024px) 100vw, 1024px\" \/><\/figure>\n\n\n\n<div style=\"height:100px\" aria-hidden=\"true\" class=\"wp-block-spacer\"><\/div>\n\n\n\n<p class=\"has-text-align-right\"><a href=\"https:\/\/pulsnitzer-heimatverein.de\/?page_id=174\">weiter<\/a><\/p>\n","protected":false},"excerpt":{"rendered":"<p>Standort: Pulsnitz-Information, Am Markt 3, Eingang Goethestra\u00dfe (H\u00f6he Parkplatz) Stifter: s. Gedenktafel am Portal Das Portal des Tuchhandelshauses Kind, bestehend aus Sandstein mit Torfl\u00fcgeln aus Eichenholz, wurde um 1779 errichtet und befand sich bis 1993 an einem sp\u00e4ter abgerissenen Geb\u00e4ude<\/p>\n","protected":false},"author":1,"featured_media":0,"parent":0,"menu_order":0,"comment_status":"closed","ping_status":"closed","template":"","meta":{"footnotes":""},"class_list":["post-183","page","type-page","status-publish","hentry"],"_links":{"self":[{"href":"https:\/\/pulsnitzer-heimatverein.de\/index.php?rest_route=\/wp\/v2\/pages\/183","targetHints":{"allow":["GET"]}}],"collection":[{"href":"https:\/\/pulsnitzer-heimatverein.de\/index.php?rest_route=\/wp\/v2\/pages"}],"about":[{"href":"https:\/\/pulsnitzer-heimatverein.de\/index.php?rest_route=\/wp\/v2\/types\/page"}],"author":[{"embeddable":true,"href":"https:\/\/pulsnitzer-heimatverein.de\/index.php?rest_route=\/wp\/v2\/users\/1"}],"replies":[{"embeddable":true,"href":"https:\/\/pulsnitzer-heimatverein.de\/index.php?rest_route=%2Fwp%2Fv2%2Fcomments&post=183"}],"version-history":[{"count":7,"href":"https:\/\/pulsnitzer-heimatverein.de\/index.php?rest_route=\/wp\/v2\/pages\/183\/revisions"}],"predecessor-version":[{"id":2769,"href":"https:\/\/pulsnitzer-heimatverein.de\/index.php?rest_route=\/wp\/v2\/pages\/183\/revisions\/2769"}],"wp:attachment":[{"href":"https:\/\/pulsnitzer-heimatverein.de\/index.php?rest_route=%2Fwp%2Fv2%2Fmedia&parent=183"}],"curies":[{"name":"wp","href":"https:\/\/api.w.org\/{rel}","templated":true}]}}