{"id":186,"date":"2020-02-22T16:04:13","date_gmt":"2020-02-22T16:04:13","guid":{"rendered":"https:\/\/pulsnitzer-heimatverein.de\/?page_id=186"},"modified":"2025-04-18T09:58:15","modified_gmt":"2025-04-18T09:58:15","slug":"nr-8-wegestein-schuetzenhaus","status":"publish","type":"page","link":"https:\/\/pulsnitzer-heimatverein.de\/?page_id=186","title":{"rendered":"Nr. 8 \u2013 Wegestein Sch\u00fctzenhaus"},"content":{"rendered":"\n<p>Standort: Wettinplatz 1, am Eingang zum Restaurant<\/p>\n\n\n\n<p>Stifter: <a href=\"http:\/\/www.schuetzenhaus-pulsnitz.de\/\">www.schuetzenhaus-pulsnitz.de<\/a> <\/p>\n\n\n\n<p>Das \u201eSch\u00fctzenhaus\u201c reicht mit seiner Geschichte bis in das Jahr 1663 zur\u00fcck.\nNach Um- und Erweiterungsbauten pr\u00e4gt der Jugendstil seit 1905 das \u00e4u\u00dfere Bild.\nVeranstaltungen im Saal sowie die Gastst\u00e4tte laden zum Besuch ein.<\/p>\n\n\n\n<div class=\"wp-block-image\"><figure class=\"aligncenter size-large is-resized\"><img loading=\"lazy\" decoding=\"async\" src=\"https:\/\/pulsnitzer-heimatverein.de\/wp-content\/uploads\/2022\/04\/8_2021_Schuetzenhaus_20220317-160636-768x1024.jpg\" alt=\"\" class=\"wp-image-1790\" width=\"384\" height=\"512\" srcset=\"https:\/\/pulsnitzer-heimatverein.de\/wp-content\/uploads\/2022\/04\/8_2021_Schuetzenhaus_20220317-160636-768x1024.jpg 768w, https:\/\/pulsnitzer-heimatverein.de\/wp-content\/uploads\/2022\/04\/8_2021_Schuetzenhaus_20220317-160636-225x300.jpg 225w, https:\/\/pulsnitzer-heimatverein.de\/wp-content\/uploads\/2022\/04\/8_2021_Schuetzenhaus_20220317-160636-1152x1536.jpg 1152w, https:\/\/pulsnitzer-heimatverein.de\/wp-content\/uploads\/2022\/04\/8_2021_Schuetzenhaus_20220317-160636-1536x2048.jpg 1536w, https:\/\/pulsnitzer-heimatverein.de\/wp-content\/uploads\/2022\/04\/8_2021_Schuetzenhaus_20220317-160636-scaled.jpg 1920w\" sizes=\"auto, (max-width: 384px) 100vw, 384px\" \/><figcaption>2022-03-17: Gedenktafel Nr. 8, 2021 erneuert<br>Foto: Dr. Matthias M\u00e4gel<\/figcaption><\/figure><\/div>\n\n\n\n<div class=\"wp-block-image\"><figure class=\"aligncenter size-large is-resized\"><img loading=\"lazy\" decoding=\"async\" src=\"https:\/\/pulsnitzer-heimatverein.de\/wp-content\/uploads\/2020\/02\/File0180-rotated.jpg\" alt=\"\" class=\"wp-image-257\" width=\"393\" height=\"247\" srcset=\"https:\/\/pulsnitzer-heimatverein.de\/wp-content\/uploads\/2020\/02\/File0180-rotated.jpg 524w, https:\/\/pulsnitzer-heimatverein.de\/wp-content\/uploads\/2020\/02\/File0180-300x188.jpg 300w\" sizes=\"auto, (max-width: 393px) 100vw, 393px\" \/><figcaption>Historische Ansichtskarte, Quelle: Sammlung S. Garten<\/figcaption><\/figure><\/div>\n\n\n\n<p>Erg\u00e4nzende Informationen enthalten die Erl\u00e4uterungen zum &#8222;Kalenderblatt des Monats&#8220; 2021-01 aus dem &#8222;Historischen Kalender&#8220; des Pulsnitzer Heimatvereins e. V. unter dem Link <a href=\"https:\/\/pulsnitzer-heimatverein.de\/?page_id=65\"><strong>Kalender \u2013 Pulsnitzer Heimatverein e. V.<\/strong><\/a> .<\/p>\n\n\n\n<div style=\"height:100px\" aria-hidden=\"true\" class=\"wp-block-spacer\"><\/div>\n\n\n\n<p class=\"has-text-align-right\"><a href=\"https:\/\/pulsnitzer-heimatverein.de\/?page_id=192\">weiter<\/a><\/p>\n","protected":false},"excerpt":{"rendered":"<p>Standort: Wettinplatz 1, am Eingang zum Restaurant Stifter: www.schuetzenhaus-pulsnitz.de Das \u201eSch\u00fctzenhaus\u201c reicht mit seiner Geschichte bis in das Jahr 1663 zur\u00fcck. Nach Um- und Erweiterungsbauten pr\u00e4gt der Jugendstil seit 1905 das \u00e4u\u00dfere Bild. Veranstaltungen im Saal sowie die Gastst\u00e4tte laden<\/p>\n","protected":false},"author":1,"featured_media":0,"parent":0,"menu_order":0,"comment_status":"closed","ping_status":"closed","template":"","meta":{"footnotes":""},"class_list":["post-186","page","type-page","status-publish","hentry"],"_links":{"self":[{"href":"https:\/\/pulsnitzer-heimatverein.de\/index.php?rest_route=\/wp\/v2\/pages\/186","targetHints":{"allow":["GET"]}}],"collection":[{"href":"https:\/\/pulsnitzer-heimatverein.de\/index.php?rest_route=\/wp\/v2\/pages"}],"about":[{"href":"https:\/\/pulsnitzer-heimatverein.de\/index.php?rest_route=\/wp\/v2\/types\/page"}],"author":[{"embeddable":true,"href":"https:\/\/pulsnitzer-heimatverein.de\/index.php?rest_route=\/wp\/v2\/users\/1"}],"replies":[{"embeddable":true,"href":"https:\/\/pulsnitzer-heimatverein.de\/index.php?rest_route=%2Fwp%2Fv2%2Fcomments&post=186"}],"version-history":[{"count":13,"href":"https:\/\/pulsnitzer-heimatverein.de\/index.php?rest_route=\/wp\/v2\/pages\/186\/revisions"}],"predecessor-version":[{"id":3349,"href":"https:\/\/pulsnitzer-heimatverein.de\/index.php?rest_route=\/wp\/v2\/pages\/186\/revisions\/3349"}],"wp:attachment":[{"href":"https:\/\/pulsnitzer-heimatverein.de\/index.php?rest_route=%2Fwp%2Fv2%2Fmedia&parent=186"}],"curies":[{"name":"wp","href":"https:\/\/api.w.org\/{rel}","templated":true}]}}