{"id":189,"date":"2020-02-22T16:05:54","date_gmt":"2020-02-22T16:05:54","guid":{"rendered":"https:\/\/pulsnitzer-heimatverein.de\/?page_id=189"},"modified":"2024-12-01T11:05:44","modified_gmt":"2024-12-01T11:05:44","slug":"nr-7-wegestein-walkmuehlenbad","status":"publish","type":"page","link":"https:\/\/pulsnitzer-heimatverein.de\/?page_id=189","title":{"rendered":"Nr. 7 \u2013 Wegestein Walkm\u00fchlenbad"},"content":{"rendered":"\n<p>Standort: im Badgel\u00e4nde (An der Walke 2, Zufahrt \u00fcber Kamenzer Stra\u00dfe), nur\nzug\u00e4nglich zu den Bad-\u00d6ffnungszeiten<\/p>\n\n\n\n<p>Stifter: Familie Tschacher<\/p>\n\n\n\n<p>Im Jahr 1672 wurde am jetzigen Standort des Freibades eine sogenannte Walkm\u00fchle erbaut. Bereits ab 1867 konnte in der \u201eWalke\u201c \u00f6ffentlich gebadet werden, eine grunds\u00e4tzliche Neugestaltung des Bades erfolgte in den Jahren 1955 bis 1962.<\/p>\n\n\n\n<figure class=\"wp-block-image aligncenter size-large is-resized\"><img loading=\"lazy\" decoding=\"async\" width=\"768\" height=\"1024\" src=\"https:\/\/pulsnitzer-heimatverein.de\/wp-content\/uploads\/2020\/02\/Nr.-7-Walke_20180805-112615-768x1024.jpg\" alt=\"\" class=\"wp-image-231\" style=\"width:384px;height:512px\" srcset=\"https:\/\/pulsnitzer-heimatverein.de\/wp-content\/uploads\/2020\/02\/Nr.-7-Walke_20180805-112615-768x1024.jpg 768w, https:\/\/pulsnitzer-heimatverein.de\/wp-content\/uploads\/2020\/02\/Nr.-7-Walke_20180805-112615-225x300.jpg 225w, https:\/\/pulsnitzer-heimatverein.de\/wp-content\/uploads\/2020\/02\/Nr.-7-Walke_20180805-112615-1152x1536.jpg 1152w, https:\/\/pulsnitzer-heimatverein.de\/wp-content\/uploads\/2020\/02\/Nr.-7-Walke_20180805-112615-1536x2048.jpg 1536w, https:\/\/pulsnitzer-heimatverein.de\/wp-content\/uploads\/2020\/02\/Nr.-7-Walke_20180805-112615-scaled.jpg 1920w\" sizes=\"auto, (max-width: 768px) 100vw, 768px\" \/><figcaption class=\"wp-element-caption\">Foto: Dr. Matthias M\u00e4gel<\/figcaption><\/figure>\n\n\n\n<p>Erg\u00e4nzende Informationen enthalten die Erl\u00e4uterungen zum &#8222;Kalenderblatt des Monats&#8220; 2021-08 aus dem &#8222;Historischen Kalender&#8220; des Pulsnitzer Heimatvereins e. V. unter dem Link <a href=\"https:\/\/pulsnitzer-heimatverein.de\/?page_id=65\"><strong>Kalender \u2013 Pulsnitzer Heimatverein e. V.<\/strong><\/a> .<\/p>\n\n\n\n<div style=\"height:100px\" aria-hidden=\"true\" class=\"wp-block-spacer\"><\/div>\n\n\n\n<p class=\"has-text-align-right\"><a href=\"https:\/\/pulsnitzer-heimatverein.de\/?page_id=186\">weiter<\/a><\/p>\n","protected":false},"excerpt":{"rendered":"<p>Standort: im Badgel\u00e4nde (An der Walke 2, Zufahrt \u00fcber Kamenzer Stra\u00dfe), nur zug\u00e4nglich zu den Bad-\u00d6ffnungszeiten Stifter: Familie Tschacher Im Jahr 1672 wurde am jetzigen Standort des Freibades eine sogenannte Walkm\u00fchle erbaut. Bereits ab 1867 konnte in der \u201eWalke\u201c \u00f6ffentlich<\/p>\n","protected":false},"author":1,"featured_media":0,"parent":0,"menu_order":0,"comment_status":"closed","ping_status":"closed","template":"","meta":{"footnotes":""},"class_list":["post-189","page","type-page","status-publish","hentry"],"_links":{"self":[{"href":"https:\/\/pulsnitzer-heimatverein.de\/index.php?rest_route=\/wp\/v2\/pages\/189","targetHints":{"allow":["GET"]}}],"collection":[{"href":"https:\/\/pulsnitzer-heimatverein.de\/index.php?rest_route=\/wp\/v2\/pages"}],"about":[{"href":"https:\/\/pulsnitzer-heimatverein.de\/index.php?rest_route=\/wp\/v2\/types\/page"}],"author":[{"embeddable":true,"href":"https:\/\/pulsnitzer-heimatverein.de\/index.php?rest_route=\/wp\/v2\/users\/1"}],"replies":[{"embeddable":true,"href":"https:\/\/pulsnitzer-heimatverein.de\/index.php?rest_route=%2Fwp%2Fv2%2Fcomments&post=189"}],"version-history":[{"count":9,"href":"https:\/\/pulsnitzer-heimatverein.de\/index.php?rest_route=\/wp\/v2\/pages\/189\/revisions"}],"predecessor-version":[{"id":3193,"href":"https:\/\/pulsnitzer-heimatverein.de\/index.php?rest_route=\/wp\/v2\/pages\/189\/revisions\/3193"}],"wp:attachment":[{"href":"https:\/\/pulsnitzer-heimatverein.de\/index.php?rest_route=%2Fwp%2Fv2%2Fmedia&parent=189"}],"curies":[{"name":"wp","href":"https:\/\/api.w.org\/{rel}","templated":true}]}}