{"id":192,"date":"2020-02-22T16:06:22","date_gmt":"2020-02-22T16:06:22","guid":{"rendered":"https:\/\/pulsnitzer-heimatverein.de\/?page_id=192"},"modified":"2026-03-07T11:37:47","modified_gmt":"2026-03-07T11:37:47","slug":"nr-9-gedenktafel-bandweberei-hempel","status":"publish","type":"page","link":"https:\/\/pulsnitzer-heimatverein.de\/?page_id=192","title":{"rendered":"Nr. 9 \u2013 Gedenktafel Bandweberei Hempel mit &#8222;Pillnitzer Haus&#8220;"},"content":{"rendered":"\n<p>Standort: Mauer links neben Hempelstra\u00dfe 2 (Parkplatzeinfahrt)<\/p>\n\n\n\n<p>Stifter: <a href=\"http:\/\/www.pulsnitzer-heimatverein.de\/\">www.pulsnitzer-heimatverein.de<\/a>\n<\/p>\n\n\n\n<p>Die Bandweberei Hempel wurde 1767 als erste ihrer Art in der Stadt Pulsnitz gegr\u00fcndet und entwickelte sich im 19. Jahrhundert zu einem f\u00fchrenden Unternehmen der Stadt. Nach Beendigung der \u201eAusstellung des S\u00e4chsischen Handwerkes und Kunstgewerbes in Dresden 1896\u201c kaufte Eduard Georg Hempel das \u201ePillnitzer Haus\u201c und lie\u00df es in seinem Fabrikgel\u00e4nde aufstellen (jetzt zur Kapelle \u201eSt. Marien\u201c geh\u00f6rend, einsehbar \u00fcber den Parkplatz). Das Fabrikgeb\u00e4ude wurde 1997 abgerissen.<\/p>\n\n\n\n<figure class=\"wp-block-image aligncenter size-large is-resized\"><img loading=\"lazy\" decoding=\"async\" width=\"1024\" height=\"768\" src=\"https:\/\/pulsnitzer-heimatverein.de\/wp-content\/uploads\/2024\/03\/20240320-164022-1024x768.jpg\" alt=\"\" class=\"wp-image-2812\" style=\"width:484px\" srcset=\"https:\/\/pulsnitzer-heimatverein.de\/wp-content\/uploads\/2024\/03\/20240320-164022-1024x768.jpg 1024w, https:\/\/pulsnitzer-heimatverein.de\/wp-content\/uploads\/2024\/03\/20240320-164022-300x225.jpg 300w, https:\/\/pulsnitzer-heimatverein.de\/wp-content\/uploads\/2024\/03\/20240320-164022-768x576.jpg 768w, https:\/\/pulsnitzer-heimatverein.de\/wp-content\/uploads\/2024\/03\/20240320-164022-1536x1152.jpg 1536w, https:\/\/pulsnitzer-heimatverein.de\/wp-content\/uploads\/2024\/03\/20240320-164022-2048x1536.jpg 2048w\" sizes=\"auto, (max-width: 1024px) 100vw, 1024px\" \/><figcaption class=\"wp-element-caption\">Gedenktafel Nr. 9, 2023 aktualisiert,<br>mit &#8222;Pillnitzer Haus&#8220; (im Hintergrund)<br>Foto: Dr. Matthias M\u00e4gel, 2024-03-20<\/figcaption><\/figure>\n\n\n\n<details>\n  <summary><span style=\"cursor: pointer;\">Quellen<\/span><\/summary>\n\n  <p><a href=\"http:\/\/ohorn.info\/ueber-ohorn\/heimatbuch\/die-lehnsherren\/ \">http:\/\/ohorn.info\/ueber-ohorn\/heimatbuch\/die-lehnsherren\/ <\/a><\/p> \n\n <p><a href=\"https:\/\/www.deutsche-biographie.de\/sfz29650.html\">https:\/\/www.deutsche-biographie.de\/sfz29650.html <\/a><\/p> \n\n <p><a href=\"https:\/\/de.wikipedia.org\/wiki\/Georg_Hempel_(Politiker,_1847)\">https:\/\/de.wikipedia.org\/wiki\/Georg_Hempel_(Politiker,_1847) <\/a><\/p> \n\n <p><a href=\"https:\/\/de.wikipedia.org\/wiki\/Ausstellung_des_s%C3%A4chsischen_Handwerks_und_Kunstgewerbes_1896 \">https:\/\/de.wikipedia.org\/wiki\/Ausstellung_des_s%C3%A4chsischen_Handwerks_und_Kunstgewerbes_1896  <\/a><\/p> \n\n <p><a href=\"https:\/\/www.arstempano.de\/dresden\/galerie\/bilder\/bauwerke-in-historischen-ansichtskarten\/ausstellung-die-alte-stadt-1896\/\">https:\/\/www.arstempano.de\/dresden\/galerie\/bilder\/bauwerke-in-historischen-ansichtskarten\/ausstellung-die-alte-stadt-1896\/ <\/a><\/p> \n\n <p><a href=\"http:\/\/www.uwe-fiedler.name\/projekt-lebensbilder.html \">http:\/\/www.uwe-fiedler.name\/projekt-lebensbilder.html  <\/a><\/p> \n\n  <p>\u201ePulsnitzer Anzeiger\u201c 03\/2010 und 08\/2012 <\/p>\n\n<\/details>\n\n\n\n<div style=\"height:100px\" aria-hidden=\"true\" class=\"wp-block-spacer\"><\/div>\n\n\n\n<p>Erg\u00e4nzende Informationen enthalten die Erl\u00e4uterungen zum \u201eKalenderblatt des Monats\u201c 2026-03 aus dem \u201eHistorischen Kalender\u201c des Pulsnitzer Heimatvereins e. V. unter dem Link\u00a0<a href=\"https:\/\/pulsnitzer-heimatverein.de\/?page_id=65\"><strong>Kalender \u2013 Pulsnitzer Heimatverein e. V.<\/strong><\/a>\u00a0.<\/p>\n\n\n\n<p class=\"has-text-align-right\"><a href=\"https:\/\/pulsnitzer-heimatverein.de\/?page_id=204\">weiter<\/a><\/p>\n","protected":false},"excerpt":{"rendered":"<p>Standort: Mauer links neben Hempelstra\u00dfe 2 (Parkplatzeinfahrt) Stifter: www.pulsnitzer-heimatverein.de Die Bandweberei Hempel wurde 1767 als erste ihrer Art in der Stadt Pulsnitz gegr\u00fcndet und entwickelte sich im 19. Jahrhundert zu einem f\u00fchrenden Unternehmen der Stadt. Nach Beendigung der \u201eAusstellung des<\/p>\n","protected":false},"author":1,"featured_media":0,"parent":0,"menu_order":0,"comment_status":"closed","ping_status":"closed","template":"","meta":{"footnotes":""},"class_list":["post-192","page","type-page","status-publish","hentry"],"_links":{"self":[{"href":"https:\/\/pulsnitzer-heimatverein.de\/index.php?rest_route=\/wp\/v2\/pages\/192","targetHints":{"allow":["GET"]}}],"collection":[{"href":"https:\/\/pulsnitzer-heimatverein.de\/index.php?rest_route=\/wp\/v2\/pages"}],"about":[{"href":"https:\/\/pulsnitzer-heimatverein.de\/index.php?rest_route=\/wp\/v2\/types\/page"}],"author":[{"embeddable":true,"href":"https:\/\/pulsnitzer-heimatverein.de\/index.php?rest_route=\/wp\/v2\/users\/1"}],"replies":[{"embeddable":true,"href":"https:\/\/pulsnitzer-heimatverein.de\/index.php?rest_route=%2Fwp%2Fv2%2Fcomments&post=192"}],"version-history":[{"count":18,"href":"https:\/\/pulsnitzer-heimatverein.de\/index.php?rest_route=\/wp\/v2\/pages\/192\/revisions"}],"predecessor-version":[{"id":3674,"href":"https:\/\/pulsnitzer-heimatverein.de\/index.php?rest_route=\/wp\/v2\/pages\/192\/revisions\/3674"}],"wp:attachment":[{"href":"https:\/\/pulsnitzer-heimatverein.de\/index.php?rest_route=%2Fwp%2Fv2%2Fmedia&parent=192"}],"curies":[{"name":"wp","href":"https:\/\/api.w.org\/{rel}","templated":true}]}}