{"id":20,"date":"2020-02-19T20:07:33","date_gmt":"2020-02-19T20:07:33","guid":{"rendered":"http:\/\/pulsnitzer-heimatverein.de\/?page_id=20"},"modified":"2020-02-19T20:07:33","modified_gmt":"2020-02-19T20:07:33","slug":"datenschutzerklaerung","status":"publish","type":"page","link":"https:\/\/pulsnitzer-heimatverein.de\/?page_id=20","title":{"rendered":"Datenschutzerkl\u00e4rung"},"content":{"rendered":"\n<h2 class=\"wp-block-heading\">Haftungsausschluss<\/h2>\n\n\n\n<p>1. Inhalt des Onlineangebotes <\/p>\n\n\n\n<p>Der Autor \u00fcbernimmt keinerlei Gew\u00e4hr f\u00fcr die Aktualit\u00e4t, Korrektheit,\nVollst\u00e4ndigkeit oder Qualit\u00e4t der bereitgestellten Informationen.\nHaftungsanspr\u00fcche gegen den Autor, welche sich auf Sch\u00e4den materieller oder\nideeller Art beziehen, die durch die Nutzung oder Nichtnutzung der dargebotenen\nInformationen bzw. durch die Nutzung fehlerhafter und unvollst\u00e4ndiger Informationen\nverursacht wurden, sind grunds\u00e4tzlich ausgeschlossen, sofern seitens des Autors\nkein nachweislich vors\u00e4tzliches oder grob fahrl\u00e4ssiges Verschulden vorliegt.\nAlle Angebote sind freibleibend und unverbindlich. Der Autor beh\u00e4lt es sich\nausdr\u00fccklich vor, Teile der Seiten oder das gesamte Angebot ohne gesonderte\nAnk\u00fcndigung zu ver\u00e4ndern, zu erg\u00e4nzen, zu l\u00f6schen oder die Ver\u00f6ffentlichung\nzeitweise oder endg\u00fcltig einzustellen.<\/p>\n\n\n\n<p>2. Verweise und Links <\/p>\n\n\n\n<p>Bei direkten oder indirekten Verweisen auf fremde Webseiten (Hyperlinks),\ndie au\u00dferhalb des Verantwortungsbereiches des Autors liegen, w\u00fcrde eine\nHaftungsverpflichtung ausschlie\u00dflich in dem Fall in Kraft treten, in dem der\nAutor von den Inhalten Kenntnis hat und es ihm technisch m\u00f6glich und zumutbar\nw\u00e4re, die Nutzung im Falle rechtswidriger Inhalte zu verhindern. Der Autor\nerkl\u00e4rt hiermit ausdr\u00fccklich, dass zum Zeitpunkt der Linksetzung keine\nillegalen Inhalte auf den zu verlinkenden Seiten erkennbar waren. Auf die\naktuelle und zuk\u00fcnftige Gestaltung, die Inhalte oder die Urheberschaft der\nverlinkten\/verkn\u00fcpften Seiten hat der Autor keinerlei Einfluss. Deshalb\ndistanziert er sich hiermit ausdr\u00fccklich von allen Inhalten aller verlinkten\n\/verkn\u00fcpften Seiten, die nach der Linksetzung ver\u00e4ndert wurden. Diese Feststellung\ngilt f\u00fcr alle innerhalb des eigenen Internetangebotes gesetzten Links und\nVerweise sowie f\u00fcr Fremdeintr\u00e4ge in vom Autor eingerichteten G\u00e4steb\u00fcchern,\nDiskussionsforen, Linkverzeichnissen, Mailinglisten und in allen anderen Formen\nvon Datenbanken, auf deren Inhalt externe Schreibzugriffe m\u00f6glich sind. F\u00fcr\nillegale, fehlerhafte oder unvollst\u00e4ndige Inhalte und insbesondere f\u00fcr Sch\u00e4den,\ndie aus der Nutzung oder Nichtnutzung solcherart dargebotener Informationen\nentstehen, haftet allein der Anbieter der Seite, auf welche verwiesen wurde,\nnicht derjenige, der \u00fcber Links auf die jeweilige Ver\u00f6ffentlichung lediglich\nverweist. <\/p>\n\n\n\n<p>3. Urheber- und Kennzeichenrecht <\/p>\n\n\n\n<p>Der Autor ist bestrebt, in allen Publikationen die Urheberrechte der\nverwendeten Grafiken, Tondokumente, Videosequenzen und Texte zu beachten, von\nihm selbst erstellte Grafiken, Tondokumente, Videosequenzen und Texte zu nutzen\noder auf lizenzfreie Grafiken, Tondokumente, Videosequenzen und Texte\nzur\u00fcckzugreifen. Alle innerhalb des Internetangebotes genannten und ggf. durch\nDritte gesch\u00fctzten Marken- und Warenzeichen unterliegen uneingeschr\u00e4nkt den\nBestimmungen des jeweils g\u00fcltigen Kennzeichenrechts und den Besitzrechten der\njeweiligen eingetragenen Eigent\u00fcmer. Allein aufgrund der blo\u00dfen Nennung ist\nnicht der Schluss zu ziehen, dass Markenzeichen nicht durch Rechte Dritter\ngesch\u00fctzt sind! Das Copyright f\u00fcr ver\u00f6ffentlichte, vom Autor selbst erstellte\nObjekte bleibt allein beim Autor der Seiten. Eine Vervielf\u00e4ltigung oder\nVerwendung solcher Grafiken, Tondokumente, Videosequenzen und Texte in anderen\nelektronischen oder gedruckten Publikationen ist ohne ausdr\u00fcckliche Zustimmung\ndes Autors nicht gestattet. <\/p>\n\n\n\n<p>4. Datenschutz <\/p>\n\n\n\n<p>Sofern innerhalb des Internetangebotes die M\u00f6glichkeit zur Eingabe\npers\u00f6nlicher oder gesch\u00e4ftlicher Daten (Emailadressen, Namen, Anschriften)\nbesteht, so erfolgt die Preisgabe dieser Daten seitens des Nutzers auf\nausdr\u00fccklich freiwilliger Basis. Die Inanspruchnahme und Bezahlung aller\nangebotenen Dienste ist \u2013 soweit technisch m\u00f6glich und zumutbar \u2013 auch ohne\nAngabe solcher Daten bzw. unter Angabe anonymisierter Daten oder eines\nPseudonyms gestattet. Die Nutzung der im Rahmen des Impressums oder\nvergleichbarer Angaben ver\u00f6ffentlichten Kontaktdaten wie Postanschriften,\nTelefon- und Faxnummern sowie Emailadressen durch Dritte zur \u00dcbersendung von\nnicht ausdr\u00fccklich angeforderten Informationen ist nicht gestattet. Rechtliche\nSchritte gegen die Versender von sogenannten Spam-Mails bei Verst\u00f6\u00dfen gegen\ndieses Verbot sind ausdr\u00fccklich vorbehalten. <\/p>\n\n\n\n<p>5. Rechtswirksamkeit dieses Haftungsausschlusses <\/p>\n\n\n\n<p>Dieser Haftungsausschluss ist als Teil des Internetangebotes zu betrachten,\nvon dem aus auf diese Seite verwiesen wurde. Sofern Teile oder einzelne\nFormulierungen dieses Textes der geltenden Rechtslage nicht, nicht mehr oder\nnicht vollst\u00e4ndig entsprechen sollten, bleiben die \u00fcbrigen Teile des Dokumentes\nin ihrem Inhalt und ihrer G\u00fcltigkeit davon unber\u00fchrt. <\/p>\n\n\n\n<p>6. Cookies<\/p>\n\n\n\n<p>Grunds\u00e4tzlich k\u00f6nnen Sie unsere Website besuchen, ohne personenbezogene\nDaten zu hinterlassen. Bei der informatorischen Nutzung der Website erheben wir\nnur die personenbezogenen Daten, die Ihr Browser an unseren Server \u00fcbermittelt.\nWenn Sie unsere Website betrachten m\u00f6chten, erheben wir die folgenden Daten,\ndie f\u00fcr uns technisch erforderlich sind, um Ihnen unsere Website anzuzeigen und\ndie Stabilit\u00e4t und Sicherheit zu gew\u00e4hrleisten (Rechtsgrundlage ist Art. 6 Abs.\n1 Satz 1 lit. f DSGVO):<\/p>\n\n\n\n<ul class=\"wp-block-list\"><li>IP-Adresse<\/li><li>Datum\n     und Uhrzeit der Anfrage<\/li><li>Zeitzonendifferenz\n     zur Greenwich Mean Time (GMT)<\/li><li>Inhalt\n     der Anforderung (konkrete Seite)<\/li><li>Zugriffsstatus\/HTTP-Statuscode<\/li><li>jeweils\n     \u00fcbertragene Datenmenge<\/li><li>Website,\n     von der die Anforderung kommt<\/li><li>Browser<\/li><li>Betriebssystem\n     und dessen Oberfl\u00e4che<\/li><li>Sprache\n     und Version der Browsersoftware<\/li><\/ul>\n\n\n\n<p>Zus\u00e4tzlich zu den zuvor genannten Daten werden bei Ihrer Nutzung unserer\nWebsite Cookies auf Ihrem Rechner gespeichert. Bei Cookies handelt es sich um\nkleine Textdateien, die auf Ihrer Festplatte dem von Ihnen verwendeten Browser\nzugeordnet gespeichert werden und durch welche der Stelle, die den Cookie setzt\n(hier durch uns), bestimmte Informationen zuflie\u00dfen. Cookies k\u00f6nnen keine\nProgramme ausf\u00fchren oder Viren auf Ihren Computer \u00fcbertragen. Sie dienen dazu,\ndas Internetangebot insgesamt nutzerfreundlicher und effektiver zu machen.<\/p>\n\n\n\n<p><strong>Diese Website nutzt folgende Arten von Cookies:<\/strong><\/p>\n\n\n\n<ul class=\"wp-block-list\"><li>Transiente\n     Cookies<\/li><li>Persistente\n     Cookies<\/li><\/ul>\n\n\n\n<p>Transiente Cookies werden automatisiert gel\u00f6scht, wenn Sie den Browser\nschlie\u00dfen. Dazu z\u00e4hlen insbesondere die Session-Cookies. Diese speichern eine\nsogenannte Session-ID, mit welcher sich verschiedene Anfragen Ihres Browsers\nder gemeinsamen Sitzung zuordnen lassen. Dadurch kann Ihr Rechner wiedererkannt\nwerden, wenn Sie auf unsere Website zur\u00fcckkehren. Die Session- Cookies werden\ngel\u00f6scht, wenn Sie sich ausloggen oder den Browser schlie\u00dfen.<\/p>\n\n\n\n<p>Persistente Cookies werden automatisiert nach einer vorgegebenen Dauer\ngel\u00f6scht, die sich je nach Cookie unterscheiden kann. Sie k\u00f6nnen die Cookies in\nden Sicherheitseinstellungen Ihres Browsers jederzeit l\u00f6schen.<\/p>\n\n\n\n<p>Sie k\u00f6nnen Ihre Browser-Einstellung entsprechend Ihren W\u00fcnschen\nkonfigurieren und z.\u2009B. die Annahme von Third-Party-Cookies oder allen Cookies\nablehnen. Wir weisen Sie darauf hin, dass Sie eventuell nicht alle Funktionen\ndieser Website nutzen k\u00f6nnen.<\/p>\n","protected":false},"excerpt":{"rendered":"<p>Haftungsausschluss 1. Inhalt des Onlineangebotes Der Autor \u00fcbernimmt keinerlei Gew\u00e4hr f\u00fcr die Aktualit\u00e4t, Korrektheit, Vollst\u00e4ndigkeit oder Qualit\u00e4t der bereitgestellten Informationen. Haftungsanspr\u00fcche gegen den Autor, welche sich auf Sch\u00e4den materieller oder ideeller Art beziehen, die durch die Nutzung oder Nichtnutzung der<\/p>\n","protected":false},"author":1,"featured_media":0,"parent":0,"menu_order":0,"comment_status":"closed","ping_status":"closed","template":"","meta":{"footnotes":""},"class_list":["post-20","page","type-page","status-publish","hentry"],"_links":{"self":[{"href":"https:\/\/pulsnitzer-heimatverein.de\/index.php?rest_route=\/wp\/v2\/pages\/20","targetHints":{"allow":["GET"]}}],"collection":[{"href":"https:\/\/pulsnitzer-heimatverein.de\/index.php?rest_route=\/wp\/v2\/pages"}],"about":[{"href":"https:\/\/pulsnitzer-heimatverein.de\/index.php?rest_route=\/wp\/v2\/types\/page"}],"author":[{"embeddable":true,"href":"https:\/\/pulsnitzer-heimatverein.de\/index.php?rest_route=\/wp\/v2\/users\/1"}],"replies":[{"embeddable":true,"href":"https:\/\/pulsnitzer-heimatverein.de\/index.php?rest_route=%2Fwp%2Fv2%2Fcomments&post=20"}],"version-history":[{"count":1,"href":"https:\/\/pulsnitzer-heimatverein.de\/index.php?rest_route=\/wp\/v2\/pages\/20\/revisions"}],"predecessor-version":[{"id":21,"href":"https:\/\/pulsnitzer-heimatverein.de\/index.php?rest_route=\/wp\/v2\/pages\/20\/revisions\/21"}],"wp:attachment":[{"href":"https:\/\/pulsnitzer-heimatverein.de\/index.php?rest_route=%2Fwp%2Fv2%2Fmedia&parent=20"}],"curies":[{"name":"wp","href":"https:\/\/api.w.org\/{rel}","templated":true}]}}