{"id":204,"date":"2020-02-22T16:12:08","date_gmt":"2020-02-22T16:12:08","guid":{"rendered":"https:\/\/pulsnitzer-heimatverein.de\/?page_id=204"},"modified":"2021-09-18T08:30:12","modified_gmt":"2021-09-18T08:30:12","slug":"nr-10-gedenktafel-faerberhaenge","status":"publish","type":"page","link":"https:\/\/pulsnitzer-heimatverein.de\/?page_id=204","title":{"rendered":"Nr. 10 \u2013 Gedenktafel F\u00e4rberhenke"},"content":{"rendered":"\n<p>Standort: Polzenberg 10<\/p>\n\n\n\n<p>Stifter: <a href=\"http:\/\/www.pulsnitzer-heimatverein.de\/\">www.pulsnitzer-heimatverein.de<\/a> <\/p>\n\n\n\n<p>Die besondere Konstruktion der F\u00e4rberhenke (auch \u201eF\u00e4rberh\u00e4nge\u201c genannt), die 1787 entstand, erlaubte den Bunt- und Schwarzf\u00e4rbern das H\u00e4ngen der schweren gef\u00e4rbten Stoffbahnen \u00fcber mehrere Geschosse im Innenraum und sicherte eine anhaltende, schlagregensichere Luftzirkulation zum Trocknen.<\/p>\n\n\n\n<div class=\"wp-block-columns is-layout-flex wp-container-core-columns-is-layout-28f84493 wp-block-columns-is-layout-flex\">\n<div class=\"wp-block-column is-layout-flow wp-block-column-is-layout-flow\">\n<figure class=\"wp-block-image size-full\"><img loading=\"lazy\" decoding=\"async\" width=\"709\" height=\"567\" src=\"https:\/\/pulsnitzer-heimatverein.de\/wp-content\/uploads\/2021\/09\/GefoerdertdurchdieDSD_Logo_RGB_pos.jpg\" alt=\"\" class=\"wp-image-1395\" srcset=\"https:\/\/pulsnitzer-heimatverein.de\/wp-content\/uploads\/2021\/09\/GefoerdertdurchdieDSD_Logo_RGB_pos.jpg 709w, https:\/\/pulsnitzer-heimatverein.de\/wp-content\/uploads\/2021\/09\/GefoerdertdurchdieDSD_Logo_RGB_pos-300x240.jpg 300w\" sizes=\"auto, (max-width: 709px) 100vw, 709px\" \/><\/figure>\n<\/div>\n\n\n\n<div class=\"wp-block-column is-layout-flow wp-block-column-is-layout-flow\">\n<figure class=\"wp-block-image size-large\"><img loading=\"lazy\" decoding=\"async\" width=\"1024\" height=\"768\" src=\"https:\/\/pulsnitzer-heimatverein.de\/wp-content\/uploads\/2020\/02\/20200209_134813-1024x768.jpg\" alt=\"\" class=\"wp-image-530\" srcset=\"https:\/\/pulsnitzer-heimatverein.de\/wp-content\/uploads\/2020\/02\/20200209_134813-1024x768.jpg 1024w, https:\/\/pulsnitzer-heimatverein.de\/wp-content\/uploads\/2020\/02\/20200209_134813-300x225.jpg 300w, https:\/\/pulsnitzer-heimatverein.de\/wp-content\/uploads\/2020\/02\/20200209_134813-768x576.jpg 768w, https:\/\/pulsnitzer-heimatverein.de\/wp-content\/uploads\/2020\/02\/20200209_134813-1536x1152.jpg 1536w, https:\/\/pulsnitzer-heimatverein.de\/wp-content\/uploads\/2020\/02\/20200209_134813-2048x1536.jpg 2048w\" sizes=\"auto, (max-width: 1024px) 100vw, 1024px\" \/><figcaption>Foto: Matthias Thomschke<\/figcaption><\/figure>\n<\/div>\n<\/div>\n\n\n\n<figure class=\"wp-block-gallery aligncenter columns-2 is-cropped wp-block-gallery-1 is-layout-flex wp-block-gallery-is-layout-flex\"><ul class=\"blocks-gallery-grid\"><li class=\"blocks-gallery-item\"><figure><img loading=\"lazy\" decoding=\"async\" width=\"683\" height=\"1024\" src=\"https:\/\/pulsnitzer-heimatverein.de\/wp-content\/uploads\/2020\/02\/IMG_1125-683x1024.jpg\" alt=\"\" data-id=\"313\" data-full-url=\"https:\/\/pulsnitzer-heimatverein.de\/wp-content\/uploads\/2020\/02\/IMG_1125-scaled.jpg\" data-link=\"https:\/\/pulsnitzer-heimatverein.de\/?attachment_id=313\" class=\"wp-image-313\" srcset=\"https:\/\/pulsnitzer-heimatverein.de\/wp-content\/uploads\/2020\/02\/IMG_1125-683x1024.jpg 683w, https:\/\/pulsnitzer-heimatverein.de\/wp-content\/uploads\/2020\/02\/IMG_1125-200x300.jpg 200w, https:\/\/pulsnitzer-heimatverein.de\/wp-content\/uploads\/2020\/02\/IMG_1125-768x1152.jpg 768w, https:\/\/pulsnitzer-heimatverein.de\/wp-content\/uploads\/2020\/02\/IMG_1125-1024x1536.jpg 1024w, https:\/\/pulsnitzer-heimatverein.de\/wp-content\/uploads\/2020\/02\/IMG_1125-1365x2048.jpg 1365w, https:\/\/pulsnitzer-heimatverein.de\/wp-content\/uploads\/2020\/02\/IMG_1125-scaled.jpg 1707w\" sizes=\"auto, (max-width: 683px) 100vw, 683px\" \/><figcaption class=\"blocks-gallery-item__caption\">Foto: Matthias Thomschke<\/figcaption><\/figure><\/li><li class=\"blocks-gallery-item\"><figure><img loading=\"lazy\" decoding=\"async\" width=\"768\" height=\"1024\" src=\"https:\/\/pulsnitzer-heimatverein.de\/wp-content\/uploads\/2020\/02\/20200209_134724-768x1024.jpg\" alt=\"\" data-id=\"503\" data-full-url=\"https:\/\/pulsnitzer-heimatverein.de\/wp-content\/uploads\/2020\/02\/20200209_134724-scaled.jpg\" data-link=\"https:\/\/pulsnitzer-heimatverein.de\/?attachment_id=503\" class=\"wp-image-503\" srcset=\"https:\/\/pulsnitzer-heimatverein.de\/wp-content\/uploads\/2020\/02\/20200209_134724-768x1024.jpg 768w, https:\/\/pulsnitzer-heimatverein.de\/wp-content\/uploads\/2020\/02\/20200209_134724-225x300.jpg 225w, https:\/\/pulsnitzer-heimatverein.de\/wp-content\/uploads\/2020\/02\/20200209_134724-1152x1536.jpg 1152w, https:\/\/pulsnitzer-heimatverein.de\/wp-content\/uploads\/2020\/02\/20200209_134724-1536x2048.jpg 1536w, https:\/\/pulsnitzer-heimatverein.de\/wp-content\/uploads\/2020\/02\/20200209_134724-scaled.jpg 1920w\" sizes=\"auto, (max-width: 768px) 100vw, 768px\" \/><figcaption class=\"blocks-gallery-item__caption\">Foto: Matthias Thomschke<\/figcaption><\/figure><\/li><\/ul><\/figure>\n\n\n\n<div style=\"height:100px\" aria-hidden=\"true\" class=\"wp-block-spacer\"><\/div>\n\n\n\n<p class=\"has-text-align-right\"><a href=\"https:\/\/pulsnitzer-heimatverein.de\/?page_id=177\">weiter<\/a><\/p>\n","protected":false},"excerpt":{"rendered":"<p>Standort: Polzenberg 10 Stifter: www.pulsnitzer-heimatverein.de Die besondere Konstruktion der F\u00e4rberhenke (auch \u201eF\u00e4rberh\u00e4nge\u201c genannt), die 1787 entstand, erlaubte den Bunt- und Schwarzf\u00e4rbern das H\u00e4ngen der schweren gef\u00e4rbten Stoffbahnen \u00fcber mehrere Geschosse im Innenraum und sicherte eine anhaltende, schlagregensichere Luftzirkulation zum Trocknen.<\/p>\n","protected":false},"author":1,"featured_media":0,"parent":0,"menu_order":0,"comment_status":"closed","ping_status":"closed","template":"","meta":{"footnotes":""},"class_list":["post-204","page","type-page","status-publish","hentry"],"_links":{"self":[{"href":"https:\/\/pulsnitzer-heimatverein.de\/index.php?rest_route=\/wp\/v2\/pages\/204","targetHints":{"allow":["GET"]}}],"collection":[{"href":"https:\/\/pulsnitzer-heimatverein.de\/index.php?rest_route=\/wp\/v2\/pages"}],"about":[{"href":"https:\/\/pulsnitzer-heimatverein.de\/index.php?rest_route=\/wp\/v2\/types\/page"}],"author":[{"embeddable":true,"href":"https:\/\/pulsnitzer-heimatverein.de\/index.php?rest_route=\/wp\/v2\/users\/1"}],"replies":[{"embeddable":true,"href":"https:\/\/pulsnitzer-heimatverein.de\/index.php?rest_route=%2Fwp%2Fv2%2Fcomments&post=204"}],"version-history":[{"count":11,"href":"https:\/\/pulsnitzer-heimatverein.de\/index.php?rest_route=\/wp\/v2\/pages\/204\/revisions"}],"predecessor-version":[{"id":1397,"href":"https:\/\/pulsnitzer-heimatverein.de\/index.php?rest_route=\/wp\/v2\/pages\/204\/revisions\/1397"}],"wp:attachment":[{"href":"https:\/\/pulsnitzer-heimatverein.de\/index.php?rest_route=%2Fwp%2Fv2%2Fmedia&parent=204"}],"curies":[{"name":"wp","href":"https:\/\/api.w.org\/{rel}","templated":true}]}}