{"id":2150,"date":"2022-10-31T10:12:39","date_gmt":"2022-10-31T10:12:39","guid":{"rendered":"https:\/\/pulsnitzer-heimatverein.de\/?page_id=2150"},"modified":"2025-04-18T09:55:19","modified_gmt":"2025-04-18T09:55:19","slug":"nr-17-gedenktafel-ehemaliges-postamt-in-vorbereitung","status":"publish","type":"page","link":"https:\/\/pulsnitzer-heimatverein.de\/?page_id=2150","title":{"rendered":"Nr. 17 &#8211; Gedenktafel Ehemaliges Postamt"},"content":{"rendered":"\n<p>Standort: Poststra\u00dfe 1 \/ Ecke Bahnhofstra\u00dfe<\/p>\n\n\n\n<div class=\"wp-block-columns is-layout-flex wp-container-core-columns-is-layout-28f84493 wp-block-columns-is-layout-flex\">\n<div class=\"wp-block-column is-layout-flow wp-block-column-is-layout-flow\" style=\"flex-basis:15%\">\n<p>Stifter:<\/p>\n<\/div>\n\n\n\n<div class=\"wp-block-column is-layout-flow wp-block-column-is-layout-flow\" style=\"flex-basis:85%\">\n<figure class=\"wp-block-image alignleft size-full is-resized\"><a href=\"https:\/\/www.pflegeheim-pulsnitz.de\/\"><img loading=\"lazy\" decoding=\"async\" width=\"686\" height=\"674\" src=\"https:\/\/pulsnitzer-heimatverein.de\/wp-content\/uploads\/2022\/11\/Pflegeheim.jpg\" alt=\"\" class=\"wp-image-2173\" style=\"width:103px;height:101px\" srcset=\"https:\/\/pulsnitzer-heimatverein.de\/wp-content\/uploads\/2022\/11\/Pflegeheim.jpg 686w, https:\/\/pulsnitzer-heimatverein.de\/wp-content\/uploads\/2022\/11\/Pflegeheim-300x295.jpg 300w\" sizes=\"auto, (max-width: 686px) 100vw, 686px\" \/><\/a><\/figure>\n<\/div>\n<\/div>\n\n\n\n<p>Das neue Geb\u00e4ude des Kaiserlichen Postamtes wurde am 27. September 1912 feierlich \u00fcber\u00adgeben, die in der Nachbarschaft ans\u00e4ssige Pflegeheim Pulsnitz GmbH hat es 2017 zum Betreuten Wohnen \u201eAltes Postamt\u201c umgebaut.<\/p>\n\n\n\n<figure class=\"wp-block-gallery has-nested-images columns-default is-cropped wp-block-gallery-1 is-layout-flex wp-block-gallery-is-layout-flex\">\n<figure class=\"wp-block-image size-large\"><img loading=\"lazy\" decoding=\"async\" width=\"1024\" height=\"768\" data-id=\"2293\" src=\"https:\/\/pulsnitzer-heimatverein.de\/wp-content\/uploads\/2022\/11\/20221121-143603-1024x768.jpg\" alt=\"\" class=\"wp-image-2293\" srcset=\"https:\/\/pulsnitzer-heimatverein.de\/wp-content\/uploads\/2022\/11\/20221121-143603-1024x768.jpg 1024w, https:\/\/pulsnitzer-heimatverein.de\/wp-content\/uploads\/2022\/11\/20221121-143603-300x225.jpg 300w, https:\/\/pulsnitzer-heimatverein.de\/wp-content\/uploads\/2022\/11\/20221121-143603-768x576.jpg 768w, https:\/\/pulsnitzer-heimatverein.de\/wp-content\/uploads\/2022\/11\/20221121-143603-1536x1152.jpg 1536w, https:\/\/pulsnitzer-heimatverein.de\/wp-content\/uploads\/2022\/11\/20221121-143603-2048x1536.jpg 2048w\" sizes=\"auto, (max-width: 1024px) 100vw, 1024px\" \/><figcaption class=\"wp-element-caption\">&#8222;Ehemaliges Postamt&#8220; mit Gedenktafel Nr. 17<br>Foto: Dr. Matthias M\u00e4gel, 2022-11-21<\/figcaption><\/figure>\n\n\n\n<figure class=\"wp-block-image size-large\"><img loading=\"lazy\" decoding=\"async\" width=\"1024\" height=\"768\" data-id=\"2294\" src=\"https:\/\/pulsnitzer-heimatverein.de\/wp-content\/uploads\/2022\/11\/20221121-143727-1024x768.jpg\" alt=\"\" class=\"wp-image-2294\" srcset=\"https:\/\/pulsnitzer-heimatverein.de\/wp-content\/uploads\/2022\/11\/20221121-143727-1024x768.jpg 1024w, https:\/\/pulsnitzer-heimatverein.de\/wp-content\/uploads\/2022\/11\/20221121-143727-300x225.jpg 300w, https:\/\/pulsnitzer-heimatverein.de\/wp-content\/uploads\/2022\/11\/20221121-143727-768x576.jpg 768w, https:\/\/pulsnitzer-heimatverein.de\/wp-content\/uploads\/2022\/11\/20221121-143727-1536x1152.jpg 1536w, https:\/\/pulsnitzer-heimatverein.de\/wp-content\/uploads\/2022\/11\/20221121-143727-2048x1536.jpg 2048w\" sizes=\"auto, (max-width: 1024px) 100vw, 1024px\" \/><figcaption class=\"wp-element-caption\">Gedenktafel Nr. 17, 2022 angebracht<br>Foto: Dr. Matthias M\u00e4gel, 2022-11-21<\/figcaption><\/figure>\n<\/figure>\n\n\n\n<div style=\"height:19px\" aria-hidden=\"true\" class=\"wp-block-spacer\"><\/div>\n\n\n\n<div class=\"wp-block-columns is-layout-flex wp-container-core-columns-is-layout-28f84493 wp-block-columns-is-layout-flex\">\n<div class=\"wp-block-column is-layout-flow wp-block-column-is-layout-flow\">\n<figure class=\"wp-block-image size-full\"><img loading=\"lazy\" decoding=\"async\" width=\"1006\" height=\"728\" src=\"https:\/\/pulsnitzer-heimatverein.de\/wp-content\/uploads\/2020\/12\/2021-09_Postamt.jpg\" alt=\"\" class=\"wp-image-1033\" srcset=\"https:\/\/pulsnitzer-heimatverein.de\/wp-content\/uploads\/2020\/12\/2021-09_Postamt.jpg 1006w, https:\/\/pulsnitzer-heimatverein.de\/wp-content\/uploads\/2020\/12\/2021-09_Postamt-300x217.jpg 300w, https:\/\/pulsnitzer-heimatverein.de\/wp-content\/uploads\/2020\/12\/2021-09_Postamt-768x556.jpg 768w\" sizes=\"auto, (max-width: 1006px) 100vw, 1006px\" \/><figcaption class=\"wp-element-caption\">Pulsnitzer Heimatverein e. V. &#8211; Historischer Kalender 2021 <br>Kalenderblatt 2021-09<\/figcaption><\/figure>\n<\/div>\n\n\n\n<div class=\"wp-block-column is-layout-flow wp-block-column-is-layout-flow\">\n<figure class=\"wp-block-image size-large\"><img loading=\"lazy\" decoding=\"async\" width=\"1024\" height=\"677\" src=\"https:\/\/pulsnitzer-heimatverein.de\/wp-content\/uploads\/2021\/05\/Kalender-2014-08_Post-1024x677.jpg\" alt=\"\" class=\"wp-image-1174\" srcset=\"https:\/\/pulsnitzer-heimatverein.de\/wp-content\/uploads\/2021\/05\/Kalender-2014-08_Post-1024x677.jpg 1024w, https:\/\/pulsnitzer-heimatverein.de\/wp-content\/uploads\/2021\/05\/Kalender-2014-08_Post-300x198.jpg 300w, https:\/\/pulsnitzer-heimatverein.de\/wp-content\/uploads\/2021\/05\/Kalender-2014-08_Post-768x508.jpg 768w, https:\/\/pulsnitzer-heimatverein.de\/wp-content\/uploads\/2021\/05\/Kalender-2014-08_Post-1536x1016.jpg 1536w, https:\/\/pulsnitzer-heimatverein.de\/wp-content\/uploads\/2021\/05\/Kalender-2014-08_Post-2048x1355.jpg 2048w\" sizes=\"auto, (max-width: 1024px) 100vw, 1024px\" \/><figcaption class=\"wp-element-caption\">Kalenderblatt aus dem Kalender 2014 des Pulsnitzer Heimatvereins e. V.<\/figcaption><\/figure>\n<\/div>\n<\/div>\n\n\n\n<details>\n  <summary><span style=\"cursor: pointer;\">Quellen<\/span><\/summary>\n\n <p>Dr. Leopold, Frank, pers\u00f6nliche Erinnerungen; hinterlegt im Archiv des Pulsnitzer Heimatvereins e. V. <\/p>\n\n <p>Rost, R\u00fcdiger (\u2020) \u201eDie Geschichte der Pulsnitzer Post\u201c in Pulsnitzer Anzeiger, 2016-06, S. 7<\/p>\n\n <p>Schieblich, Andreas \/ Schieblich, Michael \u201eKalenderblatt September: Historische Orte &#8211; Postamt (Poststra\u00dfe)\u201c, in Pulsnitzer Anzeiger, 2021-09, S. 8<\/p>\n\n  <p><a href=\"https:\/\/www.akpool.de\/ansichtskarten\/28312815-ansichtskarte-postkarte-pulsnitz-sachsen-kaiserliches-postamt\">Ansichtskarte Pulsnitz Sachsen, Kaiserliches Postamt, gelaufen 1919<\/a><\/p> \n\n<\/details>\n\n\n\n<p class=\"has-text-align-right\"><a href=\"https:\/\/pulsnitzer-heimatverein.de\/?page_id=2446\">weiter<\/a><\/p>\n","protected":false},"excerpt":{"rendered":"<p>Standort: Poststra\u00dfe 1 \/ Ecke Bahnhofstra\u00dfe Stifter: Das neue Geb\u00e4ude des Kaiserlichen Postamtes wurde am 27. September 1912 feierlich \u00fcber\u00adgeben, die in der Nachbarschaft ans\u00e4ssige Pflegeheim Pulsnitz GmbH hat es 2017 zum Betreuten Wohnen \u201eAltes Postamt\u201c umgebaut. Quellen Dr. Leopold,<\/p>\n","protected":false},"author":1,"featured_media":0,"parent":0,"menu_order":0,"comment_status":"closed","ping_status":"closed","template":"","meta":{"footnotes":""},"class_list":["post-2150","page","type-page","status-publish","hentry"],"_links":{"self":[{"href":"https:\/\/pulsnitzer-heimatverein.de\/index.php?rest_route=\/wp\/v2\/pages\/2150","targetHints":{"allow":["GET"]}}],"collection":[{"href":"https:\/\/pulsnitzer-heimatverein.de\/index.php?rest_route=\/wp\/v2\/pages"}],"about":[{"href":"https:\/\/pulsnitzer-heimatverein.de\/index.php?rest_route=\/wp\/v2\/types\/page"}],"author":[{"embeddable":true,"href":"https:\/\/pulsnitzer-heimatverein.de\/index.php?rest_route=\/wp\/v2\/users\/1"}],"replies":[{"embeddable":true,"href":"https:\/\/pulsnitzer-heimatverein.de\/index.php?rest_route=%2Fwp%2Fv2%2Fcomments&post=2150"}],"version-history":[{"count":21,"href":"https:\/\/pulsnitzer-heimatverein.de\/index.php?rest_route=\/wp\/v2\/pages\/2150\/revisions"}],"predecessor-version":[{"id":3338,"href":"https:\/\/pulsnitzer-heimatverein.de\/index.php?rest_route=\/wp\/v2\/pages\/2150\/revisions\/3338"}],"wp:attachment":[{"href":"https:\/\/pulsnitzer-heimatverein.de\/index.php?rest_route=%2Fwp%2Fv2%2Fmedia&parent=2150"}],"curies":[{"name":"wp","href":"https:\/\/api.w.org\/{rel}","templated":true}]}}