{"id":2446,"date":"2023-07-24T08:21:00","date_gmt":"2023-07-24T08:21:00","guid":{"rendered":"https:\/\/pulsnitzer-heimatverein.de\/?page_id=2446"},"modified":"2025-04-18T09:55:34","modified_gmt":"2025-04-18T09:55:34","slug":"nr-18-herrenhausplatz-in-vorbereitung","status":"publish","type":"page","link":"https:\/\/pulsnitzer-heimatverein.de\/?page_id=2446","title":{"rendered":"Nr. 18 &#8211; Gedenktafel Herrenhausplatz"},"content":{"rendered":"\n<p>Standort: Herrenhausplatz 1<\/p>\n\n\n\n<div class=\"wp-block-columns is-layout-flex wp-container-core-columns-is-layout-28f84493 wp-block-columns-is-layout-flex\">\n<div class=\"wp-block-column is-layout-flow wp-block-column-is-layout-flow\" style=\"flex-basis:20%\">\n<p>Stifter:<\/p>\n<\/div>\n\n\n\n<div class=\"wp-block-column is-layout-flow wp-block-column-is-layout-flow\" style=\"flex-basis:80%\">\n<figure class=\"wp-block-image alignleft size-large is-resized\"><a href=\"https:\/\/www.bau-roth.de\/\"><img loading=\"lazy\" decoding=\"async\" width=\"879\" height=\"1024\" src=\"https:\/\/pulsnitzer-heimatverein.de\/wp-content\/uploads\/2023\/10\/logodaten-879x1024.jpg\" alt=\"\" class=\"wp-image-2581\" style=\"width:80px\" srcset=\"https:\/\/pulsnitzer-heimatverein.de\/wp-content\/uploads\/2023\/10\/logodaten-879x1024.jpg 879w, https:\/\/pulsnitzer-heimatverein.de\/wp-content\/uploads\/2023\/10\/logodaten-258x300.jpg 258w, https:\/\/pulsnitzer-heimatverein.de\/wp-content\/uploads\/2023\/10\/logodaten-768x894.jpg 768w, https:\/\/pulsnitzer-heimatverein.de\/wp-content\/uploads\/2023\/10\/logodaten.jpg 1002w\" sizes=\"auto, (max-width: 879px) 100vw, 879px\" \/><\/a><\/figure>\n<\/div>\n<\/div>\n\n\n\n<p>Der heutige Herrenhausplatz war fr\u00fcher das untere \u201eEingangstor\u201c zur Stadt Pulsnitz: Oberhalb (stadtw\u00e4rts) der heutigen Rietschelstra\u00dfe, der fr\u00fcheren Badergasse, \u00fcberspannte das \u201eNiedertor\u201c die Hauptstra\u00dfe. Daneben (an der Seite zum Schlossteich) stand das (alte) \u201eHerrenhaus\u201c. Auf der gegen\u00fcberliegenden Stra\u00dfenseite befanden sich in der zweiten H\u00e4lfte des  17. Jahrhunderts bereits die alte Stadtschule und ein Durchgang zum Kirchhof.<\/p>\n\n\n\n<details>\n  <summary><span style=\"cursor: pointer;\">Quellen<\/span><\/summary>\n\n <p>Rietschel, Evelin, \u201eEhemaliges Gasthaus \u201cZum Herrenhaus\u201c wird saniert\u201c in: \u201ePulsnitzer Anzeiger\u201c 2019-01<\/p>\n\n <p>Rost, R\u00fcdiger (\u2020), \u201eDas Herrenhaus als Teil des Rittergutes\u201c in: \u201ePulsnitzer Anzeiger\u201c 2019-02, S. 8.<\/p>\n\n <p>Rost, R\u00fcdiger (\u2020), \u201eDie alte Stadtschule am Herrenhausplatz\u201c in: \u201ePulsnitzer Anzeiger\u201c 2020-03, S. 10.<\/p>\n\n <p>Schieblich, Andreas &#038; Michael, \u201eKalenderblatt M\u00e4rz: Historische Orte &#8211; Herrenhaus und Niedertor\u201c in: \u201ePulsnitzer Anzeiger\u201c 2023-03, S. 8.<\/p>\n\n <p>Postkarte um 1918: <br>Blick \u00fcber den Schlossteich zur Kirche mit davorstehendem Herrenhaus (Archiv: Dr. Michael Frenzel)<\/p>\n\n<\/details>\n\n\n\n<figure class=\"wp-block-image aligncenter size-full is-resized\"><img loading=\"lazy\" decoding=\"async\" width=\"2560\" height=\"1920\" src=\"https:\/\/pulsnitzer-heimatverein.de\/wp-content\/uploads\/2024\/03\/20240320-160655-scaled.jpg\" alt=\"\" class=\"wp-image-2811\" style=\"width:484px\" srcset=\"https:\/\/pulsnitzer-heimatverein.de\/wp-content\/uploads\/2024\/03\/20240320-160655-scaled.jpg 2560w, https:\/\/pulsnitzer-heimatverein.de\/wp-content\/uploads\/2024\/03\/20240320-160655-300x225.jpg 300w, https:\/\/pulsnitzer-heimatverein.de\/wp-content\/uploads\/2024\/03\/20240320-160655-1024x768.jpg 1024w, https:\/\/pulsnitzer-heimatverein.de\/wp-content\/uploads\/2024\/03\/20240320-160655-768x576.jpg 768w, https:\/\/pulsnitzer-heimatverein.de\/wp-content\/uploads\/2024\/03\/20240320-160655-1536x1152.jpg 1536w, https:\/\/pulsnitzer-heimatverein.de\/wp-content\/uploads\/2024\/03\/20240320-160655-2048x1536.jpg 2048w\" sizes=\"auto, (max-width: 2560px) 100vw, 2560px\" \/><figcaption class=\"wp-element-caption\">Herrenhausplatz mit Gedenktafel Nr. 18 an der Haus-Nr. 1, 2023 angebracht<br>Foto: Dr. Matthias M\u00e4gel, 2024-03-20<\/figcaption><\/figure>\n\n\n\n<figure class=\"wp-block-image aligncenter size-full is-resized\"><img loading=\"lazy\" decoding=\"async\" width=\"1603\" height=\"1036\" src=\"https:\/\/pulsnitzer-heimatverein.de\/wp-content\/uploads\/2023\/10\/ASQO6137.jpg\" alt=\"\" class=\"wp-image-2587\" style=\"width:484px\" srcset=\"https:\/\/pulsnitzer-heimatverein.de\/wp-content\/uploads\/2023\/10\/ASQO6137.jpg 1603w, https:\/\/pulsnitzer-heimatverein.de\/wp-content\/uploads\/2023\/10\/ASQO6137-300x194.jpg 300w, https:\/\/pulsnitzer-heimatverein.de\/wp-content\/uploads\/2023\/10\/ASQO6137-1024x662.jpg 1024w, https:\/\/pulsnitzer-heimatverein.de\/wp-content\/uploads\/2023\/10\/ASQO6137-768x496.jpg 768w, https:\/\/pulsnitzer-heimatverein.de\/wp-content\/uploads\/2023\/10\/ASQO6137-1536x993.jpg 1536w\" sizes=\"auto, (max-width: 1603px) 100vw, 1603px\" \/><figcaption class=\"wp-element-caption\">Historische Postkarte<br>Quelle: Dr. Michael Frenzel<\/figcaption><\/figure>\n\n\n\n<div class=\"wp-block-columns is-layout-flex wp-container-core-columns-is-layout-28f84493 wp-block-columns-is-layout-flex\">\n<div class=\"wp-block-column is-layout-flow wp-block-column-is-layout-flow\" style=\"flex-basis:50%\">\n<figure class=\"wp-block-image size-full\"><img loading=\"lazy\" decoding=\"async\" width=\"976\" height=\"689\" src=\"https:\/\/pulsnitzer-heimatverein.de\/wp-content\/uploads\/2022\/10\/2023-03_Herrenhaus-Niedertor.jpg\" alt=\"\" class=\"wp-image-2119\" srcset=\"https:\/\/pulsnitzer-heimatverein.de\/wp-content\/uploads\/2022\/10\/2023-03_Herrenhaus-Niedertor.jpg 976w, https:\/\/pulsnitzer-heimatverein.de\/wp-content\/uploads\/2022\/10\/2023-03_Herrenhaus-Niedertor-300x212.jpg 300w, https:\/\/pulsnitzer-heimatverein.de\/wp-content\/uploads\/2022\/10\/2023-03_Herrenhaus-Niedertor-768x542.jpg 768w\" sizes=\"auto, (max-width: 976px) 100vw, 976px\" \/><figcaption class=\"wp-element-caption\">Pulsnitzer Heimatverein e. V. &#8211; Historischer Kalender 2023 <br>Kalenderblatt 2023-03<\/figcaption><\/figure>\n<\/div>\n\n\n\n<div class=\"wp-block-column is-layout-flow wp-block-column-is-layout-flow\" style=\"flex-basis:50%\">\n<figure class=\"wp-block-image size-full\"><img loading=\"lazy\" decoding=\"async\" width=\"692\" height=\"472\" src=\"https:\/\/pulsnitzer-heimatverein.de\/wp-content\/uploads\/2023\/10\/Kalender-2016-05_Gasthof-Herrenhaus-rotated.jpg\" alt=\"\" class=\"wp-image-2591\" srcset=\"https:\/\/pulsnitzer-heimatverein.de\/wp-content\/uploads\/2023\/10\/Kalender-2016-05_Gasthof-Herrenhaus-rotated.jpg 692w, https:\/\/pulsnitzer-heimatverein.de\/wp-content\/uploads\/2023\/10\/Kalender-2016-05_Gasthof-Herrenhaus-300x205.jpg 300w\" sizes=\"auto, (max-width: 692px) 100vw, 692px\" \/><figcaption class=\"wp-element-caption\">Pulsnitzer Heimatverein e. V. &#8211; Historischer Kalender 2016 <br>Kalenderblatt 2016-05<\/figcaption><\/figure>\n<\/div>\n<\/div>\n\n\n\n<p>Erg\u00e4nzende Informationen enthalten die Erl\u00e4uterungen zum \u201eKalenderblatt des Monats\u201c 2023-03 aus dem \u201eHistorischen Kalender\u201c des Pulsnitzer Heimatvereins e. V. unter dem Link\u00a0<a href=\"https:\/\/pulsnitzer-heimatverein.de\/?page_id=65\"><strong>Kalender \u2013 Pulsnitzer Heimatverein e. V.<\/strong><\/a>\u00a0.<\/p>\n\n\n\n<p class=\"has-text-align-right\"><a href=\"https:\/\/pulsnitzer-heimatverein.de\/?page_id=2821\">weiter<\/a><\/p>\n","protected":false},"excerpt":{"rendered":"<p>Standort: Herrenhausplatz 1 Stifter: Der heutige Herrenhausplatz war fr\u00fcher das untere \u201eEingangstor\u201c zur Stadt Pulsnitz: Oberhalb (stadtw\u00e4rts) der heutigen Rietschelstra\u00dfe, der fr\u00fcheren Badergasse, \u00fcberspannte das \u201eNiedertor\u201c die Hauptstra\u00dfe. Daneben (an der Seite zum Schlossteich) stand das (alte) \u201eHerrenhaus\u201c. Auf der<\/p>\n","protected":false},"author":1,"featured_media":0,"parent":0,"menu_order":0,"comment_status":"closed","ping_status":"closed","template":"","meta":{"footnotes":""},"class_list":["post-2446","page","type-page","status-publish","hentry"],"_links":{"self":[{"href":"https:\/\/pulsnitzer-heimatverein.de\/index.php?rest_route=\/wp\/v2\/pages\/2446","targetHints":{"allow":["GET"]}}],"collection":[{"href":"https:\/\/pulsnitzer-heimatverein.de\/index.php?rest_route=\/wp\/v2\/pages"}],"about":[{"href":"https:\/\/pulsnitzer-heimatverein.de\/index.php?rest_route=\/wp\/v2\/types\/page"}],"author":[{"embeddable":true,"href":"https:\/\/pulsnitzer-heimatverein.de\/index.php?rest_route=\/wp\/v2\/users\/1"}],"replies":[{"embeddable":true,"href":"https:\/\/pulsnitzer-heimatverein.de\/index.php?rest_route=%2Fwp%2Fv2%2Fcomments&post=2446"}],"version-history":[{"count":33,"href":"https:\/\/pulsnitzer-heimatverein.de\/index.php?rest_route=\/wp\/v2\/pages\/2446\/revisions"}],"predecessor-version":[{"id":3339,"href":"https:\/\/pulsnitzer-heimatverein.de\/index.php?rest_route=\/wp\/v2\/pages\/2446\/revisions\/3339"}],"wp:attachment":[{"href":"https:\/\/pulsnitzer-heimatverein.de\/index.php?rest_route=%2Fwp%2Fv2%2Fmedia&parent=2446"}],"curies":[{"name":"wp","href":"https:\/\/api.w.org\/{rel}","templated":true}]}}