{"id":2826,"date":"2024-03-29T09:19:16","date_gmt":"2024-03-29T09:19:16","guid":{"rendered":"https:\/\/pulsnitzer-heimatverein.de\/?page_id=2826"},"modified":"2025-04-18T09:56:20","modified_gmt":"2025-04-18T09:56:20","slug":"nr-20-gedenktafel-bahnhofstrasse-in-vorbereitung","status":"publish","type":"page","link":"https:\/\/pulsnitzer-heimatverein.de\/?page_id=2826","title":{"rendered":"Nr. 20 &#8211; Gedenktafel Bahnhofstra\u00dfe"},"content":{"rendered":"\n<p>Standort: Bahnhofstra\u00dfe 4<\/p>\n\n\n\n<div class=\"wp-block-columns is-layout-flex wp-container-core-columns-is-layout-28f84493 wp-block-columns-is-layout-flex\">\n<div class=\"wp-block-column is-layout-flow wp-block-column-is-layout-flow\" style=\"flex-basis:15%\">\n<p>Stifter:<\/p>\n<\/div>\n\n\n\n<div class=\"wp-block-column is-layout-flow wp-block-column-is-layout-flow\" style=\"flex-basis:85%\">\n<figure class=\"wp-block-image alignleft size-full is-resized\"><a href=\"https:\/\/fliesen-behnisch.de\/\"><img loading=\"lazy\" decoding=\"async\" width=\"835\" height=\"304\" src=\"https:\/\/pulsnitzer-heimatverein.de\/wp-content\/uploads\/2024\/05\/Logo_Fachbetrieb.jpg\" alt=\"\" class=\"wp-image-2912\" style=\"width:314px;height:auto\" srcset=\"https:\/\/pulsnitzer-heimatverein.de\/wp-content\/uploads\/2024\/05\/Logo_Fachbetrieb.jpg 835w, https:\/\/pulsnitzer-heimatverein.de\/wp-content\/uploads\/2024\/05\/Logo_Fachbetrieb-300x109.jpg 300w, https:\/\/pulsnitzer-heimatverein.de\/wp-content\/uploads\/2024\/05\/Logo_Fachbetrieb-768x280.jpg 768w\" sizes=\"auto, (max-width: 835px) 100vw, 835px\" \/><\/a><\/figure>\n<\/div>\n<\/div>\n\n\n\n<p>Im Jahre 1887 baute Hermann Julius Weise auf dem jetzigen Grundst\u00fcck Bahnhofstra\u00dfe 4 \/ Ecke Am Bahnhof, ein gro\u00dfes Wohnhaus. Das Geb\u00e4ude wurde um 1890 von der s\u00e4ch\u00adsischen Postbeh\u00f6rde gepachtet und zum Kaiserlichen Postamt ausgebaut. Im Jahre 1912 erfolgte der Umzug des Postamtes in sein neues Geb\u00e4ude (heutige Poststra\u00dfe 1, siehe dortige Gedenktafel). Im Jahre 1877 kaufte Heinrich Bubnick 4.000 m\u00b2 Feld an der Bahnhofstra\u00dfe 252 M (heute Kamenzer Str. 1). 1880 entstand hier eine moderne Pfeffer\u00adkuchenfabrik. Vor dem Heimatfest 1925 wurde an der Ecke zur Kamenzer Stra\u00dfe ein Rondell mit gro\u00dfen Rundbogenfenstern angebaut. Hier zog das Caf\u00e9 Sattler ein.<\/p>\n\n\n\n<details>\n  <summary><span style=\"cursor: pointer;\">Quellen<\/span><\/summary>\n\n<p>Bilder:<\/p>\nBahnhofstra\u00dfe 4<br\/>\ndf_hauptkatalog_0715270  \n <a href=\"http:\/\/www.deutschefotothek.de\/documents\/obj\/80403971\">http:\/\/www.deutschefotothek.de\/documents\/obj\/80403971<\/a> <br\/>\u00a9 Deutsche Fotothek \/ Hans Reinecke <\/p>\n\n <p>\nAnsicht Kamenzer Stra\u00dfe 1<br\/>\nAnsichtskarte aus dem Archiv von Ludwig Mager, Haselbachtal\n<\/p>\n\n<p>Textquellen:<\/p>\n\n <p>Dr. Leopold, Frank, pers\u00f6nliche Erinnerungen; hinterlegt im Archiv des Pulsnitzer Heimatvereins e. V.<\/p>\n\n <p>Rost, R\u00fcdiger (\u2020) \u201eDie Geschichte der Pulsnitzer Post\u201c in Pulsnitzer Anzeiger, 2016-06, S. 7<\/p>\n\n <p>Schieblich, Andreas \/ Schieblich, Michael \u201eKalenderblatt September: Historische Orte \u2013 Postamt (Poststra\u00dfe)\u201c, in Pulsnitzer Anzeiger, 2021-09, S. 8<\/p>\n\n <p>Schieblich, Andreas \/ Schieblich, Michael \u201eKalenderblatt Dezember: Historische Orte \u2013 Sattlers Konditorei \/ Pfefferk\u00fcchlerei Bubnick\u201c, \u201ePulsnitzer Anzeiger\u201c, 2022-12, S. 8<\/p>\n\n \n<\/details>\n\n\n\n<figure class=\"wp-block-gallery has-nested-images columns-default is-cropped wp-block-gallery-1 is-layout-flex wp-block-gallery-is-layout-flex\">\n<figure class=\"wp-block-image size-large\"><img loading=\"lazy\" decoding=\"async\" width=\"1024\" height=\"768\" data-id=\"3087\" src=\"https:\/\/pulsnitzer-heimatverein.de\/wp-content\/uploads\/2024\/09\/Bahnhofstr.-4-20210403-145120-1024x768.jpg\" alt=\"\" class=\"wp-image-3087\" srcset=\"https:\/\/pulsnitzer-heimatverein.de\/wp-content\/uploads\/2024\/09\/Bahnhofstr.-4-20210403-145120-1024x768.jpg 1024w, https:\/\/pulsnitzer-heimatverein.de\/wp-content\/uploads\/2024\/09\/Bahnhofstr.-4-20210403-145120-300x225.jpg 300w, https:\/\/pulsnitzer-heimatverein.de\/wp-content\/uploads\/2024\/09\/Bahnhofstr.-4-20210403-145120-768x576.jpg 768w, https:\/\/pulsnitzer-heimatverein.de\/wp-content\/uploads\/2024\/09\/Bahnhofstr.-4-20210403-145120-1536x1152.jpg 1536w, https:\/\/pulsnitzer-heimatverein.de\/wp-content\/uploads\/2024\/09\/Bahnhofstr.-4-20210403-145120-2048x1536.jpg 2048w\" sizes=\"auto, (max-width: 1024px) 100vw, 1024px\" \/><figcaption class=\"wp-element-caption\">Geb\u00e4ude Bahnhofstra\u00dfe 4<br>Foto: Dr. Matthias M\u00e4gel, 2021-04-03<\/figcaption><\/figure>\n\n\n\n<figure class=\"wp-block-image size-large\"><img loading=\"lazy\" decoding=\"async\" width=\"1024\" height=\"768\" data-id=\"3097\" src=\"https:\/\/pulsnitzer-heimatverein.de\/wp-content\/uploads\/2024\/09\/Bubnick_20220317-165751-1024x768.jpg\" alt=\"\" class=\"wp-image-3097\" srcset=\"https:\/\/pulsnitzer-heimatverein.de\/wp-content\/uploads\/2024\/09\/Bubnick_20220317-165751-1024x768.jpg 1024w, https:\/\/pulsnitzer-heimatverein.de\/wp-content\/uploads\/2024\/09\/Bubnick_20220317-165751-300x225.jpg 300w, https:\/\/pulsnitzer-heimatverein.de\/wp-content\/uploads\/2024\/09\/Bubnick_20220317-165751-768x576.jpg 768w, https:\/\/pulsnitzer-heimatverein.de\/wp-content\/uploads\/2024\/09\/Bubnick_20220317-165751-1536x1152.jpg 1536w, https:\/\/pulsnitzer-heimatverein.de\/wp-content\/uploads\/2024\/09\/Bubnick_20220317-165751-2048x1536.jpg 2048w\" sizes=\"auto, (max-width: 1024px) 100vw, 1024px\" \/><figcaption class=\"wp-element-caption\">Geb\u00e4ude Kamenzer Stra\u00dfe 1<br>Foto: Dr. Matthias M\u00e4gel, 2022-03-17<\/figcaption><\/figure>\n<\/figure>\n\n\n\n<div style=\"height:15px\" aria-hidden=\"true\" class=\"wp-block-spacer\"><\/div>\n\n\n\n<figure class=\"wp-block-image aligncenter size-medium is-resized\"><img loading=\"lazy\" decoding=\"async\" width=\"300\" height=\"225\" src=\"https:\/\/pulsnitzer-heimatverein.de\/wp-content\/uploads\/2025\/03\/20250319-171212_P1130451-300x225.jpg\" alt=\"\" class=\"wp-image-3293\" style=\"width:484px\" srcset=\"https:\/\/pulsnitzer-heimatverein.de\/wp-content\/uploads\/2025\/03\/20250319-171212_P1130451-300x225.jpg 300w, https:\/\/pulsnitzer-heimatverein.de\/wp-content\/uploads\/2025\/03\/20250319-171212_P1130451-1024x768.jpg 1024w, https:\/\/pulsnitzer-heimatverein.de\/wp-content\/uploads\/2025\/03\/20250319-171212_P1130451-768x576.jpg 768w, https:\/\/pulsnitzer-heimatverein.de\/wp-content\/uploads\/2025\/03\/20250319-171212_P1130451-1536x1152.jpg 1536w, https:\/\/pulsnitzer-heimatverein.de\/wp-content\/uploads\/2025\/03\/20250319-171212_P1130451-2048x1536.jpg 2048w\" sizes=\"auto, (max-width: 300px) 100vw, 300px\" \/><figcaption class=\"wp-element-caption\">Gedenktafel Nr. 20 an der Bahnhofstra\u00dfe<br> Foto: Dr. Matthias M\u00e4gel, 2025-03-19<\/figcaption><\/figure>\n\n\n\n<p class=\"has-text-align-right\"><a href=\"https:\/\/pulsnitzer-heimatverein.de\/?page_id=2829\">weiter<\/a><\/p>\n\n\n\n<p><\/p>\n","protected":false},"excerpt":{"rendered":"<p>Standort: Bahnhofstra\u00dfe 4 Stifter: Im Jahre 1887 baute Hermann Julius Weise auf dem jetzigen Grundst\u00fcck Bahnhofstra\u00dfe 4 \/ Ecke Am Bahnhof, ein gro\u00dfes Wohnhaus. Das Geb\u00e4ude wurde um 1890 von der s\u00e4ch\u00adsischen Postbeh\u00f6rde gepachtet und zum Kaiserlichen Postamt ausgebaut. Im<\/p>\n","protected":false},"author":1,"featured_media":0,"parent":0,"menu_order":0,"comment_status":"closed","ping_status":"closed","template":"","meta":{"footnotes":""},"class_list":["post-2826","page","type-page","status-publish","hentry"],"_links":{"self":[{"href":"https:\/\/pulsnitzer-heimatverein.de\/index.php?rest_route=\/wp\/v2\/pages\/2826","targetHints":{"allow":["GET"]}}],"collection":[{"href":"https:\/\/pulsnitzer-heimatverein.de\/index.php?rest_route=\/wp\/v2\/pages"}],"about":[{"href":"https:\/\/pulsnitzer-heimatverein.de\/index.php?rest_route=\/wp\/v2\/types\/page"}],"author":[{"embeddable":true,"href":"https:\/\/pulsnitzer-heimatverein.de\/index.php?rest_route=\/wp\/v2\/users\/1"}],"replies":[{"embeddable":true,"href":"https:\/\/pulsnitzer-heimatverein.de\/index.php?rest_route=%2Fwp%2Fv2%2Fcomments&post=2826"}],"version-history":[{"count":23,"href":"https:\/\/pulsnitzer-heimatverein.de\/index.php?rest_route=\/wp\/v2\/pages\/2826\/revisions"}],"predecessor-version":[{"id":3341,"href":"https:\/\/pulsnitzer-heimatverein.de\/index.php?rest_route=\/wp\/v2\/pages\/2826\/revisions\/3341"}],"wp:attachment":[{"href":"https:\/\/pulsnitzer-heimatverein.de\/index.php?rest_route=%2Fwp%2Fv2%2Fmedia&parent=2826"}],"curies":[{"name":"wp","href":"https:\/\/api.w.org\/{rel}","templated":true}]}}