{"id":2829,"date":"2024-03-29T09:20:44","date_gmt":"2024-03-29T09:20:44","guid":{"rendered":"https:\/\/pulsnitzer-heimatverein.de\/?page_id=2829"},"modified":"2025-04-18T09:56:35","modified_gmt":"2025-04-18T09:56:35","slug":"nr-21-ernst-rietschel-schulen-in-vorbereitung","status":"publish","type":"page","link":"https:\/\/pulsnitzer-heimatverein.de\/?page_id=2829","title":{"rendered":"Nr. 21 &#8211; Wegestein Ernst-Rietschel-Schule"},"content":{"rendered":"\n<p>Standort: Parkausgang gegen\u00fcber der Grundschule, Dr.-Michael-Stra\u00dfe 2<\/p>\n\n\n\n<div class=\"wp-block-columns is-layout-flex wp-container-core-columns-is-layout-28f84493 wp-block-columns-is-layout-flex\">\n<div class=\"wp-block-column is-layout-flow wp-block-column-is-layout-flow\" style=\"flex-basis:15%\">\n<p>Stifter:<\/p>\n<\/div>\n\n\n\n<div class=\"wp-block-column is-layout-flow wp-block-column-is-layout-flow\" style=\"flex-basis:85%\">\n<figure class=\"wp-block-image alignleft size-full is-resized\"><a href=\"https:\/\/www.pfefferkuchen-pulsnitz.com\/\"><img loading=\"lazy\" decoding=\"async\" width=\"170\" height=\"166\" src=\"https:\/\/pulsnitzer-heimatverein.de\/wp-content\/uploads\/2024\/03\/Graefe_logo.png\" alt=\"\" class=\"wp-image-2849\" style=\"width:108px;height:auto\"\/><\/a><\/figure>\n<\/div>\n<\/div>\n\n\n\n<p>Im Jahr 1900 beschlossen die Stadtr\u00e4te als Ersatz f\u00fcr die bisherige Stadtschule (Robert-Koch-Str. 9) den Bau einer neuen Einrichtung. Am 21. Oktober 1903 wurde sie feierlich eingeweiht. Heute ist hier die Grundschule untergebracht.<\/p>\n\n\n\n<p>Schon nach wenigen Jahren stieg die Sch\u00fclerzahl so stark an, dass ein Erweiterungsbau notwendig wurde. Unmittelbar vor Beginn des 1. Weltkrieges 1914 wurde dieser Erweiterungsbau mit dem Eingang K\u00fchnstra\u00dfe seiner Bestimmung \u00fcbergeben. Heute ist darin die Oberschule untergebracht.<\/p>\n\n\n\n<p>Der kleine Park vor der Grundschule wird durch die <a href=\"https:\/\/jederbaumzaehltpulsnitz.webnode.page\/\">ParkKobolde <\/a>gepflegt.<\/p>\n\n\n\n<details>\n  <summary><span style=\"cursor: pointer;\">Quellen<\/span><\/summary>\n\n <p><u>Internetseite der Oberschule<\/u> <br\/> <a href=\"https:\/\/www.os-pulsnitz.de\/index.php\/unsere-schule\/schulgeschichte#:~:text=Eine%20Schule%20wurde%20in%20Pulsnitz,zwei%20Klassenzimmern%20und%20der%20Lehrerwohnung\">https:\/\/www.os-pulsnitz.de\/index.php\/unsere-schule\/schulgeschichte#:~:text=Eine%20Schule%20wurde%20in%20Pulsnitz,zwei%20Klassenzimmern%20und%20der%20Lehrerwohnung<\/a><\/p>\n\n <p><a href=\"https:\/\/jederbaumzaehltpulsnitz.webnode.page\/unserpark\/\">https:\/\/jederbaumzaehltpulsnitz.webnode.page\/unserpark\/<\/a><\/p>\n\n <p>Rost, R\u00fcdiger (\u2020) \/ Oswald, Horst (\u2020): Die Geschichte der Stadt Pulsnitz, Oberlausitzer Verlag 2000, ISBN 3-933827-14-0<\/p>\n\n <p>Rietschel, Evelin: \u201eFr\u00fchlingszeit &#8211; Bauzeit\u201c in Pulsnitzer Anzeiger, 1992-04, S. 1<\/p>\n\n <p>Dr. Eckardt, Michael: \u201e\u00dcberw\u00e4ltigende Resonanz zum \u201eTag der offenen Rathaust\u00fcr\u201c\u201c in Pulsnitzer Anzeiger, 2024-03, S. 1<\/p>\n\n <p>Bilder:<\/p>\n\n <p>Geb\u00e4ude: <br\/> <a href=\"https:\/\/www.deutschefotothek.de\/gallery\/freitext\/df_bs_0011031\">https:\/\/www.deutschefotothek.de\/gallery\/freitext\/df_bs_0011031<\/a> <br\/>\n <a href=\"https:\/\/www.deutschefotothek.de\/gallery\/freitext\/df_bs_0019691\">https:\/\/www.deutschefotothek.de\/gallery\/freitext\/df_bs_0019691<\/a> <br\/>\u00a9 Deutsche Fotothek \/ Br\u00fcck und Sohn <\/p>\n\n <p>\nFensterbilder:<br\/>\n\u00a9 Stadtverwaltung Pulsnitz \/ Dr. Michael Eckardt (mit seitenverkehrter Wiedergabe)\n<\/p>\n<\/details>\n\n\n\n<figure class=\"wp-block-gallery has-nested-images columns-default is-cropped wp-block-gallery-1 is-layout-flex wp-block-gallery-is-layout-flex\">\n<figure class=\"wp-block-image size-large\"><img loading=\"lazy\" decoding=\"async\" width=\"1024\" height=\"671\" data-id=\"3102\" src=\"https:\/\/pulsnitzer-heimatverein.de\/wp-content\/uploads\/2024\/09\/df_bs_0011031-1024x671.jpg\" alt=\"\" class=\"wp-image-3102\" srcset=\"https:\/\/pulsnitzer-heimatverein.de\/wp-content\/uploads\/2024\/09\/df_bs_0011031-1024x671.jpg 1024w, https:\/\/pulsnitzer-heimatverein.de\/wp-content\/uploads\/2024\/09\/df_bs_0011031-300x197.jpg 300w, https:\/\/pulsnitzer-heimatverein.de\/wp-content\/uploads\/2024\/09\/df_bs_0011031-768x504.jpg 768w, https:\/\/pulsnitzer-heimatverein.de\/wp-content\/uploads\/2024\/09\/df_bs_0011031-1536x1007.jpg 1536w, https:\/\/pulsnitzer-heimatverein.de\/wp-content\/uploads\/2024\/09\/df_bs_0011031.jpg 1600w\" sizes=\"auto, (max-width: 1024px) 100vw, 1024px\" \/><figcaption class=\"wp-element-caption\">Postkarte 1910 mit dem jetzigen Geb\u00e4ude der Grundschule sowie der Turnhalle an der Dr. Michael-Stra\u00dfe<br>Quelle: Deutsche Fotothek<\/figcaption><\/figure>\n\n\n\n<figure class=\"wp-block-image size-large\"><img loading=\"lazy\" decoding=\"async\" width=\"1024\" height=\"676\" data-id=\"3103\" src=\"https:\/\/pulsnitzer-heimatverein.de\/wp-content\/uploads\/2024\/09\/df_bs_0019691-1024x676.jpg\" alt=\"\" class=\"wp-image-3103\" srcset=\"https:\/\/pulsnitzer-heimatverein.de\/wp-content\/uploads\/2024\/09\/df_bs_0019691-1024x676.jpg 1024w, https:\/\/pulsnitzer-heimatverein.de\/wp-content\/uploads\/2024\/09\/df_bs_0019691-300x198.jpg 300w, https:\/\/pulsnitzer-heimatverein.de\/wp-content\/uploads\/2024\/09\/df_bs_0019691-768x507.jpg 768w, https:\/\/pulsnitzer-heimatverein.de\/wp-content\/uploads\/2024\/09\/df_bs_0019691-1536x1014.jpg 1536w, https:\/\/pulsnitzer-heimatverein.de\/wp-content\/uploads\/2024\/09\/df_bs_0019691.jpg 1600w\" sizes=\"auto, (max-width: 1024px) 100vw, 1024px\" \/><figcaption class=\"wp-element-caption\">Postkarte 1915 mit dem gesamten Schulkomplex von der Schiller- \/ Ecke Lessingstra\u00dfe \u00fcber den Schulhof<br>Quelle: Deutsche Fotothek<\/figcaption><\/figure>\n<\/figure>\n\n\n\n<figure class=\"wp-block-image aligncenter size-large is-resized\"><img loading=\"lazy\" decoding=\"async\" width=\"1024\" height=\"768\" src=\"https:\/\/pulsnitzer-heimatverein.de\/wp-content\/uploads\/2024\/10\/20240917_164934-1024x768.jpg\" alt=\"\" class=\"wp-image-3110\" style=\"width:484px\" srcset=\"https:\/\/pulsnitzer-heimatverein.de\/wp-content\/uploads\/2024\/10\/20240917_164934-1024x768.jpg 1024w, https:\/\/pulsnitzer-heimatverein.de\/wp-content\/uploads\/2024\/10\/20240917_164934-300x225.jpg 300w, https:\/\/pulsnitzer-heimatverein.de\/wp-content\/uploads\/2024\/10\/20240917_164934-768x576.jpg 768w, https:\/\/pulsnitzer-heimatverein.de\/wp-content\/uploads\/2024\/10\/20240917_164934-1536x1152.jpg 1536w, https:\/\/pulsnitzer-heimatverein.de\/wp-content\/uploads\/2024\/10\/20240917_164934-2048x1536.jpg 2048w\" sizes=\"auto, (max-width: 1024px) 100vw, 1024px\" \/><figcaption class=\"wp-element-caption\">Gedenktafel Nr. 21, 2024 aufgestellt, vor der Ernst-Rietschel-Grundschule<br>Foto: Dr. Matthias M\u00e4gel, 2024-09-17<\/figcaption><\/figure>\n\n\n\n<p class=\"has-text-align-right\"><a href=\"https:\/\/pulsnitzer-heimatverein.de\/?page_id=2832\">weiter<\/a><\/p>\n","protected":false},"excerpt":{"rendered":"<p>Standort: Parkausgang gegen\u00fcber der Grundschule, Dr.-Michael-Stra\u00dfe 2 Stifter: Im Jahr 1900 beschlossen die Stadtr\u00e4te als Ersatz f\u00fcr die bisherige Stadtschule (Robert-Koch-Str. 9) den Bau einer neuen Einrichtung. Am 21. Oktober 1903 wurde sie feierlich eingeweiht. Heute ist hier die Grundschule<\/p>\n","protected":false},"author":1,"featured_media":0,"parent":0,"menu_order":0,"comment_status":"closed","ping_status":"closed","template":"","meta":{"footnotes":""},"class_list":["post-2829","page","type-page","status-publish","hentry"],"_links":{"self":[{"href":"https:\/\/pulsnitzer-heimatverein.de\/index.php?rest_route=\/wp\/v2\/pages\/2829","targetHints":{"allow":["GET"]}}],"collection":[{"href":"https:\/\/pulsnitzer-heimatverein.de\/index.php?rest_route=\/wp\/v2\/pages"}],"about":[{"href":"https:\/\/pulsnitzer-heimatverein.de\/index.php?rest_route=\/wp\/v2\/types\/page"}],"author":[{"embeddable":true,"href":"https:\/\/pulsnitzer-heimatverein.de\/index.php?rest_route=\/wp\/v2\/users\/1"}],"replies":[{"embeddable":true,"href":"https:\/\/pulsnitzer-heimatverein.de\/index.php?rest_route=%2Fwp%2Fv2%2Fcomments&post=2829"}],"version-history":[{"count":19,"href":"https:\/\/pulsnitzer-heimatverein.de\/index.php?rest_route=\/wp\/v2\/pages\/2829\/revisions"}],"predecessor-version":[{"id":3342,"href":"https:\/\/pulsnitzer-heimatverein.de\/index.php?rest_route=\/wp\/v2\/pages\/2829\/revisions\/3342"}],"wp:attachment":[{"href":"https:\/\/pulsnitzer-heimatverein.de\/index.php?rest_route=%2Fwp%2Fv2%2Fmedia&parent=2829"}],"curies":[{"name":"wp","href":"https:\/\/api.w.org\/{rel}","templated":true}]}}