{"id":2832,"date":"2024-03-29T09:21:54","date_gmt":"2024-03-29T09:21:54","guid":{"rendered":"https:\/\/pulsnitzer-heimatverein.de\/?page_id=2832"},"modified":"2025-04-18T09:56:54","modified_gmt":"2025-04-18T09:56:54","slug":"nr-22-gedenktafel-geschaeftshaus-rietschel-in-vorbereitung","status":"publish","type":"page","link":"https:\/\/pulsnitzer-heimatverein.de\/?page_id=2832","title":{"rendered":"Nr. 22 &#8211; Gedenktafel Gesch\u00e4ftshaus Rietschel"},"content":{"rendered":"\n<p>Standort: Robert-Koch-Stra\u00dfe 8 \/ Ecke Herrenhausplatz<\/p>\n\n\n\n<p>Stifter: Evelin und Frank Rietschel<\/p>\n\n\n\n<p>Das Grundst\u00fcck befindet sich seit 1730 im Besitz der Familie Rietschel. Die erste Nutzung geht auf den Seiler Johann George Rietschel zur\u00fcck. 1879 gr\u00fcndete Franz Fritsch, der Pflegevater von Johannes Rietschel, in dem Haus ein Kolonialwaren-, Tabak- und Zigarrengesch\u00e4ft. Da das bestehende Geb\u00e4ude einer Verbreiterung der damaligen \u201eLangen Stra\u00dfe\u201c weichen musste, errichtete Johannes Rietschel 1908 den jetzigen repr\u00e4sentativen Jugendstilbau. An der Fassade der Hausfront zeugen die Firmensignets zwischen der ersten und zweiten Etage von den hier einst ans\u00e4ssigen Handwerkstraditionen vergangener Zeiten \u2013 (Damm-) Seilerei (links) und Feinkostproduktion \u201eFranz Fritsch Feinkost\u201c (rechts), der Bienenkorb (Mitte) steht symbolisch f\u00fcr den Flei\u00df der Kaufleute.<\/p>\n\n\n\n<details>\n  <summary><span style=\"cursor: pointer;\">Quellen<\/span><\/summary>\n\n <p>Rietschel, Evelin, \u201eKalenderblatt September: Franz Fritsch\u201c in: \u201ePulsnitzer Anzeiger\u201c, 2018-09, S. 8<\/p>\n\n <p>Rietschel, Evelin und Frank \u2013 pers\u00f6nliche Familienunterlagen und Fotos<\/p>\n\n <p>Rietschel, Ernst, \u201eJugenderinnerungen\u201c (herausgegeben und kommentiert von Schulte-Arndt, Monika), Evangelische Verlagsanstalt, Leipzig, 2002.<\/p>\n\n<\/details>\n\n\n\n<figure class=\"wp-block-image aligncenter size-large is-resized\"><img loading=\"lazy\" decoding=\"async\" width=\"768\" height=\"1024\" src=\"https:\/\/pulsnitzer-heimatverein.de\/wp-content\/uploads\/2025\/03\/20241009-170843_20241009_170843-768x1024.jpg\" alt=\"\" class=\"wp-image-3294\" style=\"width:484px\" srcset=\"https:\/\/pulsnitzer-heimatverein.de\/wp-content\/uploads\/2025\/03\/20241009-170843_20241009_170843-768x1024.jpg 768w, https:\/\/pulsnitzer-heimatverein.de\/wp-content\/uploads\/2025\/03\/20241009-170843_20241009_170843-225x300.jpg 225w, https:\/\/pulsnitzer-heimatverein.de\/wp-content\/uploads\/2025\/03\/20241009-170843_20241009_170843-1152x1536.jpg 1152w, https:\/\/pulsnitzer-heimatverein.de\/wp-content\/uploads\/2025\/03\/20241009-170843_20241009_170843-1536x2048.jpg 1536w, https:\/\/pulsnitzer-heimatverein.de\/wp-content\/uploads\/2025\/03\/20241009-170843_20241009_170843-scaled.jpg 1920w\" sizes=\"auto, (max-width: 768px) 100vw, 768px\" \/><figcaption class=\"wp-element-caption\">Gedenktafel Nr. 22 am Gesch\u00e4ftshaus Rietschel<br>Foto: Dr. Matthias M\u00e4gel, 2024-10-09<\/figcaption><\/figure>\n\n\n\n<p class=\"has-text-align-right\"><a href=\"https:\/\/pulsnitzer-heimatverein.de\/?page_id=3061\">weiter<\/a><\/p>\n","protected":false},"excerpt":{"rendered":"<p>Standort: Robert-Koch-Stra\u00dfe 8 \/ Ecke Herrenhausplatz Stifter: Evelin und Frank Rietschel Das Grundst\u00fcck befindet sich seit 1730 im Besitz der Familie Rietschel. Die erste Nutzung geht auf den Seiler Johann George Rietschel zur\u00fcck. 1879 gr\u00fcndete Franz Fritsch, der Pflegevater von<\/p>\n","protected":false},"author":1,"featured_media":0,"parent":0,"menu_order":0,"comment_status":"closed","ping_status":"closed","template":"","meta":{"footnotes":""},"class_list":["post-2832","page","type-page","status-publish","hentry"],"_links":{"self":[{"href":"https:\/\/pulsnitzer-heimatverein.de\/index.php?rest_route=\/wp\/v2\/pages\/2832","targetHints":{"allow":["GET"]}}],"collection":[{"href":"https:\/\/pulsnitzer-heimatverein.de\/index.php?rest_route=\/wp\/v2\/pages"}],"about":[{"href":"https:\/\/pulsnitzer-heimatverein.de\/index.php?rest_route=\/wp\/v2\/types\/page"}],"author":[{"embeddable":true,"href":"https:\/\/pulsnitzer-heimatverein.de\/index.php?rest_route=\/wp\/v2\/users\/1"}],"replies":[{"embeddable":true,"href":"https:\/\/pulsnitzer-heimatverein.de\/index.php?rest_route=%2Fwp%2Fv2%2Fcomments&post=2832"}],"version-history":[{"count":11,"href":"https:\/\/pulsnitzer-heimatverein.de\/index.php?rest_route=\/wp\/v2\/pages\/2832\/revisions"}],"predecessor-version":[{"id":3343,"href":"https:\/\/pulsnitzer-heimatverein.de\/index.php?rest_route=\/wp\/v2\/pages\/2832\/revisions\/3343"}],"wp:attachment":[{"href":"https:\/\/pulsnitzer-heimatverein.de\/index.php?rest_route=%2Fwp%2Fv2%2Fmedia&parent=2832"}],"curies":[{"name":"wp","href":"https:\/\/api.w.org\/{rel}","templated":true}]}}