{"id":2835,"date":"2024-03-29T09:23:00","date_gmt":"2024-03-29T09:23:00","guid":{"rendered":"https:\/\/pulsnitzer-heimatverein.de\/?page_id=2835"},"modified":"2025-05-25T09:18:03","modified_gmt":"2025-05-25T09:18:03","slug":"nr-23-gedenktafel-markt-in-vorbereitung","status":"publish","type":"page","link":"https:\/\/pulsnitzer-heimatverein.de\/?page_id=2835","title":{"rendered":"Nr. 25 &#8211; Gedenktafel Markt"},"content":{"rendered":"\n<p>Standort: Pulsnitz-Information, Am Markt 3<\/p>\n\n\n\n<p>Stifter: <a href=\"http:\/\/www.pulsnitzer-heimatverein.de\/\">www.pulsnitzer-heimatverein.de<\/a><\/p>\n\n\n\n<p>Vor dem Rathaus &#8222;Am Markt 1&#8220; steht das Bronzedenkmal f\u00fcr den Bildhauer Ernst Rietschel (1804 \u2013 1861), der in Pulsnitz geboren wurde, der Ratskeller &#8222;Am Markt 2&#8220; liegt links daneben. Im Geb\u00e4ude \u201eAm Markt 3\u201c (mit Durchgang zur Goethestra\u00dfe) ist jetzt die Tourist-Information untergebracht. In den 30er Jahren des vorigen Jahrhunderts wurde im ehemaligen Hotel \u201eGrauer Wolf\u201c ein Kino eingerichtet, jetzt befindet sich hier ein Teil der Stadtverwaltung (\u201eAm Markt 4\u201c). 1473 erfolgte die erstmalige Erw\u00e4hnung der den Markt \u00fcberragenden Stadtkirche St. Nicolai.<\/p>\n\n\n\n<details>\n  <summary><span style=\"cursor: pointer;\">Quellen<\/span><\/summary>\n\n <p><u>Bilder:<\/u><\/p>\n\n <p>Ansichtskarten aus dem Archiv von Ludwig Mager, Haselbachtal<\/p>\n\n <p><u>Textquellen:<\/u><\/p>\n\n <p>o. A.: 100 Jahre Denkmal Ernst Rietschel; in: \u201ePulsnitzer Anzeiger\u201c 01\/1990, S. 3.<\/p>\n\n <p>Rost, R.(\u2020): Historisches Kalenderblatt November 2016 \u2013 Hotel Grauer Wolf; in: \u201ePulsnitzer Anzeiger\u201c 11\/2016, S. 7.<\/p>\n\n <p>Schieblich, A.\/Schieblich, M.: Kalenderblatt November: Historische Gesch\u00e4fte \u2013 \u201eGrauer Wolf\u201c Restaurant und Hotel; in: \u201ePulsnitzer Anzeiger\u201c 11\/2019, S. 8.<\/p>\n\n <p>Schieblich, A.\/Schieblich, M.: Kalenderblatt Februar: Historische Handwerksbetriebe \u2013 Die Pulsnitzer Kino-Theater; in: \u201ePulsnitzer Anzeiger\u201c 2\/2020, S. 8.<\/p>\n\n <p>Schieblich, A.\/Schieblich, M.: Kalenderblatt Mai: Pulsnitzer Rathaus \u2013 645 Jahre Stadtrecht; in: \u201ePulsnitzer Anzeiger\u201c 5\/2020, S. 8.<\/p>\n\n <p>Schieblich, A.\/Schieblich, M.: Kalenderblatt April: Historische Orte \u2013 \u201eGasse hinter der Stadt\u201c; in: \u201ePulsnitzer Anzeiger\u201c 04\/2023, S. 8.<\/p>\n\n <p>Schieblich, A.\/Schieblich, M.: Kalenderblatt Mai: Historische Orte \u2013 \u201eCaf\u00e9 und Pfefferk\u00fcchlerei R\u00fcdrich\u201c (Am Markt 12); in: \u201ePulsnitzer Anzeiger\u201c 5\/2023, S. 8.<\/p>\n\n  <p><a href=\"https:\/\/de.wikipedia.org\/wiki\/Pulsnitzer_Pfefferkuchen\">https:\/\/de.wikipedia.org\/wiki\/Pulsnitzer_Pfefferkuchen<\/a><\/p> \n\n<\/details>\n\n\n\n\n\n<figure class=\"wp-block-image size-large is-resized\"><img loading=\"lazy\" decoding=\"async\" width=\"1024\" height=\"768\" src=\"https:\/\/pulsnitzer-heimatverein.de\/wp-content\/uploads\/2025\/05\/P1130582-1024x768.jpg\" alt=\"\" class=\"wp-image-3425\" style=\"width:484px\" srcset=\"https:\/\/pulsnitzer-heimatverein.de\/wp-content\/uploads\/2025\/05\/P1130582-1024x768.jpg 1024w, https:\/\/pulsnitzer-heimatverein.de\/wp-content\/uploads\/2025\/05\/P1130582-300x225.jpg 300w, https:\/\/pulsnitzer-heimatverein.de\/wp-content\/uploads\/2025\/05\/P1130582-768x576.jpg 768w, https:\/\/pulsnitzer-heimatverein.de\/wp-content\/uploads\/2025\/05\/P1130582-1536x1152.jpg 1536w, https:\/\/pulsnitzer-heimatverein.de\/wp-content\/uploads\/2025\/05\/P1130582-2048x1536.jpg 2048w\" sizes=\"auto, (max-width: 1024px) 100vw, 1024px\" \/><figcaption class=\"wp-element-caption\">Gedenktafel Nr. 25 am &#8222;Haus des Gastes&#8220;<br>Foto: Dr. Matthias M\u00e4gel, 2025-05-14<\/figcaption><\/figure>\n","protected":false},"excerpt":{"rendered":"<p>Standort: Pulsnitz-Information, Am Markt 3 Stifter: www.pulsnitzer-heimatverein.de Vor dem Rathaus &#8222;Am Markt 1&#8220; steht das Bronzedenkmal f\u00fcr den Bildhauer Ernst Rietschel (1804 \u2013 1861), der in Pulsnitz geboren wurde, der Ratskeller &#8222;Am Markt 2&#8220; liegt links daneben. Im Geb\u00e4ude \u201eAm<\/p>\n","protected":false},"author":1,"featured_media":0,"parent":0,"menu_order":0,"comment_status":"closed","ping_status":"closed","template":"","meta":{"footnotes":""},"class_list":["post-2835","page","type-page","status-publish","hentry"],"_links":{"self":[{"href":"https:\/\/pulsnitzer-heimatverein.de\/index.php?rest_route=\/wp\/v2\/pages\/2835","targetHints":{"allow":["GET"]}}],"collection":[{"href":"https:\/\/pulsnitzer-heimatverein.de\/index.php?rest_route=\/wp\/v2\/pages"}],"about":[{"href":"https:\/\/pulsnitzer-heimatverein.de\/index.php?rest_route=\/wp\/v2\/types\/page"}],"author":[{"embeddable":true,"href":"https:\/\/pulsnitzer-heimatverein.de\/index.php?rest_route=\/wp\/v2\/users\/1"}],"replies":[{"embeddable":true,"href":"https:\/\/pulsnitzer-heimatverein.de\/index.php?rest_route=%2Fwp%2Fv2%2Fcomments&post=2835"}],"version-history":[{"count":14,"href":"https:\/\/pulsnitzer-heimatverein.de\/index.php?rest_route=\/wp\/v2\/pages\/2835\/revisions"}],"predecessor-version":[{"id":3428,"href":"https:\/\/pulsnitzer-heimatverein.de\/index.php?rest_route=\/wp\/v2\/pages\/2835\/revisions\/3428"}],"wp:attachment":[{"href":"https:\/\/pulsnitzer-heimatverein.de\/index.php?rest_route=%2Fwp%2Fv2%2Fmedia&parent=2835"}],"curies":[{"name":"wp","href":"https:\/\/api.w.org\/{rel}","templated":true}]}}