{"id":305,"date":"2020-02-23T10:29:20","date_gmt":"2020-02-23T10:29:20","guid":{"rendered":"https:\/\/pulsnitzer-heimatverein.de\/?page_id=305"},"modified":"2020-02-28T16:25:53","modified_gmt":"2020-02-28T16:25:53","slug":"handwerk-gewerke-sortiert-nach-erstmaliger-erwaehnung-in-pulsnitz","status":"publish","type":"page","link":"https:\/\/pulsnitzer-heimatverein.de\/?page_id=305","title":{"rendered":"Handwerk \/ Gewerke (sortiert nach erstmaliger Erw\u00e4hnung in Pulsnitz)"},"content":{"rendered":"\n<div class=\"wp-block-columns is-layout-flex wp-container-core-columns-is-layout-28f84493 wp-block-columns-is-layout-flex\">\n<div class=\"wp-block-column is-layout-flow wp-block-column-is-layout-flow\">\n<figure class=\"wp-block-image size-large\"><img loading=\"lazy\" decoding=\"async\" width=\"1024\" height=\"768\" src=\"https:\/\/pulsnitzer-heimatverein.de\/wp-content\/uploads\/2020\/02\/Museum-20160402-121045-1024x768.jpg\" alt=\"\" class=\"wp-image-260\" srcset=\"https:\/\/pulsnitzer-heimatverein.de\/wp-content\/uploads\/2020\/02\/Museum-20160402-121045-1024x768.jpg 1024w, https:\/\/pulsnitzer-heimatverein.de\/wp-content\/uploads\/2020\/02\/Museum-20160402-121045-300x225.jpg 300w, https:\/\/pulsnitzer-heimatverein.de\/wp-content\/uploads\/2020\/02\/Museum-20160402-121045-768x576.jpg 768w, https:\/\/pulsnitzer-heimatverein.de\/wp-content\/uploads\/2020\/02\/Museum-20160402-121045-1536x1152.jpg 1536w, https:\/\/pulsnitzer-heimatverein.de\/wp-content\/uploads\/2020\/02\/Museum-20160402-121045-2048x1536.jpg 2048w\" sizes=\"auto, (max-width: 1024px) 100vw, 1024px\" \/><figcaption>Figurengruppe \u201ePulsnitzer Gewerke\u201c,<br> geschaffen von Harry Schulze<br> Foto: Dr. Matthias M\u00e4gel<\/figcaption><\/figure>\n<\/div>\n\n\n\n<div class=\"wp-block-column is-layout-flow wp-block-column-is-layout-flow\">\n<figure class=\"wp-block-image size-large\"><img loading=\"lazy\" decoding=\"async\" width=\"768\" height=\"1024\" src=\"https:\/\/pulsnitzer-heimatverein.de\/wp-content\/uploads\/2020\/02\/Museum-20160402-121105-768x1024.jpg\" alt=\"\" class=\"wp-image-259\" srcset=\"https:\/\/pulsnitzer-heimatverein.de\/wp-content\/uploads\/2020\/02\/Museum-20160402-121105-768x1024.jpg 768w, https:\/\/pulsnitzer-heimatverein.de\/wp-content\/uploads\/2020\/02\/Museum-20160402-121105-225x300.jpg 225w, https:\/\/pulsnitzer-heimatverein.de\/wp-content\/uploads\/2020\/02\/Museum-20160402-121105-1152x1536.jpg 1152w, https:\/\/pulsnitzer-heimatverein.de\/wp-content\/uploads\/2020\/02\/Museum-20160402-121105-1536x2048.jpg 1536w, https:\/\/pulsnitzer-heimatverein.de\/wp-content\/uploads\/2020\/02\/Museum-20160402-121105-scaled.jpg 1920w\" sizes=\"auto, (max-width: 768px) 100vw, 768px\" \/><figcaption>Figurengruppe \u201ePulsnitzer Gewerke\u201c,<br> geschaffen von Harry Schulze<br> Foto: Dr. Matthias M\u00e4gel<\/figcaption><\/figure>\n<\/div>\n<\/div>\n\n\n\n<p>Das Denkmal vor dem Stadtmuseum Pulsnitz, Goethestr. 20 a, geschaffen von\ndem Pulsnitzer K\u00fcnstler Harry Schulze, dokumentiert die drei wichtigsten\nGewerke der Stadt Pulsnitz: Pfefferk\u00fcchler-Handwerk, T\u00f6pfer-Handwerk,\nTextilhandwerk und -industrie (Weberei)<\/p>\n\n\n\n<p>*<\/p>\n\n\n\n<h2 class=\"wp-block-heading\">Pfefferk\u00fcchler-Handwerk<\/h2>\n\n\n\n<p><em>1558, 1. Jan.<\/em><\/p>\n\n\n\n<p>Die B\u00e4cker erhalten das Recht, auch Pfefferkuchen zu backen.<\/p>\n\n\n\n<p>*<\/p>\n\n\n\n<p><em>1958, 26. \u2013 29. Juli 1958<\/em><\/p>\n\n\n\n<p>Heimatfest \u201e400 Jahre Pfefferkuchen in Pulsnitz\u201c<\/p>\n\n\n\n<div class=\"wp-block-image\"><figure class=\"aligncenter size-large is-resized\"><img loading=\"lazy\" decoding=\"async\" src=\"https:\/\/pulsnitzer-heimatverein.de\/wp-content\/uploads\/2020\/02\/1958_400_Jahre_Pfefferkuchen-735x1024.jpg\" alt=\"\" class=\"wp-image-451\" width=\"184\" height=\"256\" srcset=\"https:\/\/pulsnitzer-heimatverein.de\/wp-content\/uploads\/2020\/02\/1958_400_Jahre_Pfefferkuchen-735x1024.jpg 735w, https:\/\/pulsnitzer-heimatverein.de\/wp-content\/uploads\/2020\/02\/1958_400_Jahre_Pfefferkuchen-215x300.jpg 215w, https:\/\/pulsnitzer-heimatverein.de\/wp-content\/uploads\/2020\/02\/1958_400_Jahre_Pfefferkuchen-768x1070.jpg 768w, https:\/\/pulsnitzer-heimatverein.de\/wp-content\/uploads\/2020\/02\/1958_400_Jahre_Pfefferkuchen-1103x1536.jpg 1103w, https:\/\/pulsnitzer-heimatverein.de\/wp-content\/uploads\/2020\/02\/1958_400_Jahre_Pfefferkuchen.jpg 1161w\" sizes=\"auto, (max-width: 184px) 100vw, 184px\" \/><figcaption>Festbrosch\u00fcre<\/figcaption><\/figure><\/div>\n\n\n\n<div class=\"wp-block-image\"><figure class=\"aligncenter size-large is-resized\"><img loading=\"lazy\" decoding=\"async\" src=\"https:\/\/pulsnitzer-heimatverein.de\/wp-content\/uploads\/2020\/02\/1958_Heimatfest_1958.jpg\" alt=\"\" class=\"wp-image-453\" width=\"126\" height=\"249\" srcset=\"https:\/\/pulsnitzer-heimatverein.de\/wp-content\/uploads\/2020\/02\/1958_Heimatfest_1958.jpg 505w, https:\/\/pulsnitzer-heimatverein.de\/wp-content\/uploads\/2020\/02\/1958_Heimatfest_1958-152x300.jpg 152w\" sizes=\"auto, (max-width: 126px) 100vw, 126px\" \/><figcaption>Festetikett<\/figcaption><\/figure><\/div>\n\n\n\n<p>Heute<\/p>\n\n\n\n<div class=\"wp-block-columns is-layout-flex wp-container-core-columns-is-layout-28f84493 wp-block-columns-is-layout-flex\">\n<div class=\"wp-block-column is-layout-flow wp-block-column-is-layout-flow\">\n<figure class=\"wp-block-image size-large\"><img loading=\"lazy\" decoding=\"async\" width=\"767\" height=\"1024\" src=\"https:\/\/pulsnitzer-heimatverein.de\/wp-content\/uploads\/2020\/02\/Wettinstra\u00dfe-K\u00f6hlerhaus-bild_klein-767x1024.jpg\" alt=\"\" class=\"wp-image-459\" srcset=\"https:\/\/pulsnitzer-heimatverein.de\/wp-content\/uploads\/2020\/02\/Wettinstra\u00dfe-K\u00f6hlerhaus-bild_klein-767x1024.jpg 767w, https:\/\/pulsnitzer-heimatverein.de\/wp-content\/uploads\/2020\/02\/Wettinstra\u00dfe-K\u00f6hlerhaus-bild_klein-225x300.jpg 225w, https:\/\/pulsnitzer-heimatverein.de\/wp-content\/uploads\/2020\/02\/Wettinstra\u00dfe-K\u00f6hlerhaus-bild_klein-768x1026.jpg 768w, https:\/\/pulsnitzer-heimatverein.de\/wp-content\/uploads\/2020\/02\/Wettinstra\u00dfe-K\u00f6hlerhaus-bild_klein-1150x1536.jpg 1150w, https:\/\/pulsnitzer-heimatverein.de\/wp-content\/uploads\/2020\/02\/Wettinstra\u00dfe-K\u00f6hlerhaus-bild_klein-1533x2048.jpg 1533w, https:\/\/pulsnitzer-heimatverein.de\/wp-content\/uploads\/2020\/02\/Wettinstra\u00dfe-K\u00f6hlerhaus-bild_klein-scaled.jpg 1916w\" sizes=\"auto, (max-width: 767px) 100vw, 767px\" \/><figcaption>Historische Aufnahme (undatiert) der Pfefferk\u00fcchlerei K\u00f6hler,<br> heute Wettinstr. 6<br> Quelle: Stadtmuseum Pulsnitz<\/figcaption><\/figure>\n<\/div>\n\n\n\n<div class=\"wp-block-column is-layout-flow wp-block-column-is-layout-flow\">\n<figure class=\"wp-block-image size-large\"><img loading=\"lazy\" decoding=\"async\" width=\"768\" height=\"1024\" src=\"https:\/\/pulsnitzer-heimatverein.de\/wp-content\/uploads\/2020\/02\/K\u00f6hlerhaus-20130608-141002-768x1024.jpg\" alt=\"\" class=\"wp-image-460\" srcset=\"https:\/\/pulsnitzer-heimatverein.de\/wp-content\/uploads\/2020\/02\/K\u00f6hlerhaus-20130608-141002-768x1024.jpg 768w, https:\/\/pulsnitzer-heimatverein.de\/wp-content\/uploads\/2020\/02\/K\u00f6hlerhaus-20130608-141002-225x300.jpg 225w, https:\/\/pulsnitzer-heimatverein.de\/wp-content\/uploads\/2020\/02\/K\u00f6hlerhaus-20130608-141002-1152x1536.jpg 1152w, https:\/\/pulsnitzer-heimatverein.de\/wp-content\/uploads\/2020\/02\/K\u00f6hlerhaus-20130608-141002-1536x2048.jpg 1536w, https:\/\/pulsnitzer-heimatverein.de\/wp-content\/uploads\/2020\/02\/K\u00f6hlerhaus-20130608-141002-scaled.jpg 1920w\" sizes=\"auto, (max-width: 768px) 100vw, 768px\" \/><figcaption> Hausmarke der ehemaligen Pfefferk\u00fcchlerei K\u00f6hler,<br> heute Wettinstr. 6<br> Foto: Dr. Matthias M\u00e4gel <\/figcaption><\/figure>\n<\/div>\n<\/div>\n\n\n\n<p>8 Handwerksbetriebe und 1 Fabrik, die seit 2003 j\u00e4hrlich am ersten\nWochenende im November den <a href=\"http:\/\/www.pfefferkuchenmarkt.de\/\">Pulsnitzer\nPfefferkuchenmarkt <\/a>durchf\u00fchren<\/p>\n\n\n\n<p>*<\/p>\n\n\n\n<h2 class=\"wp-block-heading\">Textilhandwerk und -industrie<\/h2>\n\n\n\n<p><em>1597, 22. M\u00e4rz<\/em><\/p>\n\n\n\n<p>Gr\u00fcndung der Innung der Leineweber<\/p>\n\n\n\n<div class=\"wp-block-columns is-layout-flex wp-container-core-columns-is-layout-28f84493 wp-block-columns-is-layout-flex\">\n<div class=\"wp-block-column is-layout-flow wp-block-column-is-layout-flow\">\n<figure class=\"wp-block-image size-large\"><img loading=\"lazy\" decoding=\"async\" width=\"768\" height=\"1024\" src=\"https:\/\/pulsnitzer-heimatverein.de\/wp-content\/uploads\/2020\/02\/Robert-Kochstr.-6a-20190603-153603-768x1024.jpg\" alt=\"\" class=\"wp-image-466\" srcset=\"https:\/\/pulsnitzer-heimatverein.de\/wp-content\/uploads\/2020\/02\/Robert-Kochstr.-6a-20190603-153603-768x1024.jpg 768w, https:\/\/pulsnitzer-heimatverein.de\/wp-content\/uploads\/2020\/02\/Robert-Kochstr.-6a-20190603-153603-225x300.jpg 225w, https:\/\/pulsnitzer-heimatverein.de\/wp-content\/uploads\/2020\/02\/Robert-Kochstr.-6a-20190603-153603-1152x1536.jpg 1152w, https:\/\/pulsnitzer-heimatverein.de\/wp-content\/uploads\/2020\/02\/Robert-Kochstr.-6a-20190603-153603-1536x2048.jpg 1536w, https:\/\/pulsnitzer-heimatverein.de\/wp-content\/uploads\/2020\/02\/Robert-Kochstr.-6a-20190603-153603-scaled.jpg 1920w\" sizes=\"auto, (max-width: 768px) 100vw, 768px\" \/><figcaption>Hauseingang der heutigen<br>Robert-Koch-Str. 6a<br>Foto: Dr. Matthias M\u00e4gel<\/figcaption><\/figure>\n<\/div>\n\n\n\n<div class=\"wp-block-column is-layout-flow wp-block-column-is-layout-flow\">\n<figure class=\"wp-block-image size-large\"><img loading=\"lazy\" decoding=\"async\" width=\"1024\" height=\"768\" src=\"https:\/\/pulsnitzer-heimatverein.de\/wp-content\/uploads\/2020\/02\/Robert-Koch-Str.-6a-20190603-153637-1024x768.jpg\" alt=\"\" class=\"wp-image-467\" srcset=\"https:\/\/pulsnitzer-heimatverein.de\/wp-content\/uploads\/2020\/02\/Robert-Koch-Str.-6a-20190603-153637-1024x768.jpg 1024w, https:\/\/pulsnitzer-heimatverein.de\/wp-content\/uploads\/2020\/02\/Robert-Koch-Str.-6a-20190603-153637-300x225.jpg 300w, https:\/\/pulsnitzer-heimatverein.de\/wp-content\/uploads\/2020\/02\/Robert-Koch-Str.-6a-20190603-153637-768x576.jpg 768w, https:\/\/pulsnitzer-heimatverein.de\/wp-content\/uploads\/2020\/02\/Robert-Koch-Str.-6a-20190603-153637-1536x1152.jpg 1536w, https:\/\/pulsnitzer-heimatverein.de\/wp-content\/uploads\/2020\/02\/Robert-Koch-Str.-6a-20190603-153637-2048x1536.jpg 2048w\" sizes=\"auto, (max-width: 1024px) 100vw, 1024px\" \/><figcaption>Schlussstein mit Hinweis auf die Leineweber-Innung am Hauseingang der heutigen Robert-Koch-Str. 6a<br>Foto: Dr. Matthias M\u00e4gel<\/figcaption><\/figure>\n<\/div>\n<\/div>\n\n\n\n<p>*<\/p>\n\n\n\n<p><em>1680<\/em><\/p>\n\n\n\n<p>Einf\u00fchrung der Bandweberei im Nachbarort Gro\u00dfr\u00f6hrsdorf<\/p>\n\n\n\n<p>*<\/p>\n\n\n\n<p><em>1694, 4. Aug.<\/em><\/p>\n\n\n\n<p>erste Beurkundung eines Bandmachers in Pulsnitz<\/p>\n\n\n\n<p>*<\/p>\n\n\n\n<p><em>1739<\/em><\/p>\n\n\n\n<p>Erw\u00e4hnung des Pulsnitzer Blaudruckes in Wanderb\u00fcchern von Wandergesellen<\/p>\n\n\n\n<p>*<\/p>\n\n\n\n<p>1980<\/p>\n\n\n\n<p>Festwoche \u201e300 Jahre Bandweberei in der Region Gro\u00dfr\u00f6hrsdorf \u2013 Pulsnitz \u2013\nOhorn\u201c<\/p>\n\n\n\n<div class=\"wp-block-image\"><figure class=\"aligncenter size-large is-resized\"><img loading=\"lazy\" decoding=\"async\" src=\"https:\/\/pulsnitzer-heimatverein.de\/wp-content\/uploads\/2020\/02\/1980_300_Jahre_Bandweberei-294x1024.jpg\" alt=\"\" class=\"wp-image-472\" width=\"74\" height=\"256\"\/><figcaption>Festetikett<\/figcaption><\/figure><\/div>\n\n\n\n<div class=\"wp-block-image\"><figure class=\"aligncenter size-large is-resized\"><img loading=\"lazy\" decoding=\"async\" src=\"https:\/\/pulsnitzer-heimatverein.de\/wp-content\/uploads\/2020\/02\/1980_300_Jahre_Bandweberei_Kalender-350x1024.jpg\" alt=\"\" class=\"wp-image-475\" width=\"88\" height=\"256\" srcset=\"https:\/\/pulsnitzer-heimatverein.de\/wp-content\/uploads\/2020\/02\/1980_300_Jahre_Bandweberei_Kalender-350x1024.jpg 350w, https:\/\/pulsnitzer-heimatverein.de\/wp-content\/uploads\/2020\/02\/1980_300_Jahre_Bandweberei_Kalender-103x300.jpg 103w, https:\/\/pulsnitzer-heimatverein.de\/wp-content\/uploads\/2020\/02\/1980_300_Jahre_Bandweberei_Kalender-525x1536.jpg 525w\" sizes=\"auto, (max-width: 88px) 100vw, 88px\" \/><figcaption>Festetikett mit Kalender 1980<\/figcaption><\/figure><\/div>\n\n\n\n<p>*<\/p>\n\n\n\n<p><em>2018<\/em><\/p>\n\n\n\n<p>Blaudruck wird in die Liste des immateriellen Kulturerbes der UNESCO\naufgenommen<\/p>\n\n\n\n<p>*<\/p>\n\n\n\n<p><em>Heute<\/em><\/p>\n\n\n\n<p>2 Textilbetriebe<\/p>\n\n\n\n<p><a href=\"http:\/\/www.blaudruckpulsnitz.de\/\">Blaudruckwerkstatt<\/a> in der\nBachstr. 7<\/p>\n\n\n\n<div class=\"wp-block-image\"><figure class=\"aligncenter size-large is-resized\"><img loading=\"lazy\" decoding=\"async\" src=\"https:\/\/pulsnitzer-heimatverein.de\/wp-content\/uploads\/2020\/02\/Blaudruckwerkstatt-20190603-153908-1024x768.jpg\" alt=\"\" class=\"wp-image-477\" width=\"512\" height=\"384\" srcset=\"https:\/\/pulsnitzer-heimatverein.de\/wp-content\/uploads\/2020\/02\/Blaudruckwerkstatt-20190603-153908-1024x768.jpg 1024w, https:\/\/pulsnitzer-heimatverein.de\/wp-content\/uploads\/2020\/02\/Blaudruckwerkstatt-20190603-153908-300x225.jpg 300w, https:\/\/pulsnitzer-heimatverein.de\/wp-content\/uploads\/2020\/02\/Blaudruckwerkstatt-20190603-153908-768x576.jpg 768w, https:\/\/pulsnitzer-heimatverein.de\/wp-content\/uploads\/2020\/02\/Blaudruckwerkstatt-20190603-153908-1536x1152.jpg 1536w, https:\/\/pulsnitzer-heimatverein.de\/wp-content\/uploads\/2020\/02\/Blaudruckwerkstatt-20190603-153908-2048x1536.jpg 2048w\" sizes=\"auto, (max-width: 512px) 100vw, 512px\" \/><figcaption>Blaudruckwerkstatt, Bachstr. 7<br> Foto: Dr. Matthias M\u00e4gel<\/figcaption><\/figure><\/div>\n\n\n\n<p>*<\/p>\n\n\n\n<h2 class=\"wp-block-heading\">T\u00f6pfer-Handwerk<\/h2>\n\n\n\n<p><em>1653<\/em><\/p>\n\n\n\n<p>Erw\u00e4hnung des ersten T\u00f6pfers in Pulsnitz<\/p>\n\n\n\n<p>*<\/p>\n\n\n\n<p><em>1745, 12. Aug<\/em>.<\/p>\n\n\n\n<p>Ausstellung der Innungsurkunde durch die Schlossherrschaft<\/p>\n\n\n\n<p>*<\/p>\n\n\n\n<p><em>Heute<\/em><\/p>\n\n\n\n<p>nur noch <a href=\"https:\/\/toepferei-juergel.de\/\">T\u00f6pferei J\u00fcrgel<\/a> am\nJulius-K\u00fchn-Platz 4<\/p>\n\n\n\n<div class=\"wp-block-columns is-layout-flex wp-container-core-columns-is-layout-28f84493 wp-block-columns-is-layout-flex\">\n<div class=\"wp-block-column is-layout-flow wp-block-column-is-layout-flow\">\n<figure class=\"wp-block-image size-large\"><img loading=\"lazy\" decoding=\"async\" width=\"1024\" height=\"768\" src=\"https:\/\/pulsnitzer-heimatverein.de\/wp-content\/uploads\/2020\/02\/Ziegenbalgplatz-20170617-113118-1024x768.jpg\" alt=\"\" class=\"wp-image-262\" srcset=\"https:\/\/pulsnitzer-heimatverein.de\/wp-content\/uploads\/2020\/02\/Ziegenbalgplatz-20170617-113118-1024x768.jpg 1024w, https:\/\/pulsnitzer-heimatverein.de\/wp-content\/uploads\/2020\/02\/Ziegenbalgplatz-20170617-113118-300x225.jpg 300w, https:\/\/pulsnitzer-heimatverein.de\/wp-content\/uploads\/2020\/02\/Ziegenbalgplatz-20170617-113118-768x576.jpg 768w, https:\/\/pulsnitzer-heimatverein.de\/wp-content\/uploads\/2020\/02\/Ziegenbalgplatz-20170617-113118-1536x1152.jpg 1536w, https:\/\/pulsnitzer-heimatverein.de\/wp-content\/uploads\/2020\/02\/Ziegenbalgplatz-20170617-113118-2048x1536.jpg 2048w\" sizes=\"auto, (max-width: 1024px) 100vw, 1024px\" \/><figcaption>T\u00f6pferei J\u00fcrgel<br> Foto: Dr. Matthias M\u00e4gel<\/figcaption><\/figure>\n<\/div>\n\n\n\n<div class=\"wp-block-column is-layout-flow wp-block-column-is-layout-flow\">\n<figure class=\"wp-block-image size-large\"><img loading=\"lazy\" decoding=\"async\" width=\"768\" height=\"1024\" src=\"https:\/\/pulsnitzer-heimatverein.de\/wp-content\/uploads\/2020\/02\/Ziegenbalgplatz-20170617-113404-768x1024.jpg\" alt=\"\" class=\"wp-image-263\" srcset=\"https:\/\/pulsnitzer-heimatverein.de\/wp-content\/uploads\/2020\/02\/Ziegenbalgplatz-20170617-113404-768x1024.jpg 768w, https:\/\/pulsnitzer-heimatverein.de\/wp-content\/uploads\/2020\/02\/Ziegenbalgplatz-20170617-113404-225x300.jpg 225w, https:\/\/pulsnitzer-heimatverein.de\/wp-content\/uploads\/2020\/02\/Ziegenbalgplatz-20170617-113404-1152x1536.jpg 1152w, https:\/\/pulsnitzer-heimatverein.de\/wp-content\/uploads\/2020\/02\/Ziegenbalgplatz-20170617-113404-1536x2048.jpg 1536w, https:\/\/pulsnitzer-heimatverein.de\/wp-content\/uploads\/2020\/02\/Ziegenbalgplatz-20170617-113404-scaled.jpg 1920w\" sizes=\"auto, (max-width: 768px) 100vw, 768px\" \/><figcaption>  Plastik am Haus der T\u00f6pferei J\u00fcrgel<br> Foto: Dr. Matthias M\u00e4gel <\/figcaption><\/figure>\n<\/div>\n<\/div>\n","protected":false},"excerpt":{"rendered":"<p>Das Denkmal vor dem Stadtmuseum Pulsnitz, Goethestr. 20 a, geschaffen von dem Pulsnitzer K\u00fcnstler Harry Schulze, dokumentiert die drei wichtigsten Gewerke der Stadt Pulsnitz: Pfefferk\u00fcchler-Handwerk, T\u00f6pfer-Handwerk, Textilhandwerk und -industrie (Weberei) * Pfefferk\u00fcchler-Handwerk 1558, 1. Jan. Die B\u00e4cker erhalten das Recht,<\/p>\n","protected":false},"author":1,"featured_media":0,"parent":0,"menu_order":0,"comment_status":"closed","ping_status":"closed","template":"","meta":{"footnotes":""},"class_list":["post-305","page","type-page","status-publish","hentry"],"_links":{"self":[{"href":"https:\/\/pulsnitzer-heimatverein.de\/index.php?rest_route=\/wp\/v2\/pages\/305","targetHints":{"allow":["GET"]}}],"collection":[{"href":"https:\/\/pulsnitzer-heimatverein.de\/index.php?rest_route=\/wp\/v2\/pages"}],"about":[{"href":"https:\/\/pulsnitzer-heimatverein.de\/index.php?rest_route=\/wp\/v2\/types\/page"}],"author":[{"embeddable":true,"href":"https:\/\/pulsnitzer-heimatverein.de\/index.php?rest_route=\/wp\/v2\/users\/1"}],"replies":[{"embeddable":true,"href":"https:\/\/pulsnitzer-heimatverein.de\/index.php?rest_route=%2Fwp%2Fv2%2Fcomments&post=305"}],"version-history":[{"count":30,"href":"https:\/\/pulsnitzer-heimatverein.de\/index.php?rest_route=\/wp\/v2\/pages\/305\/revisions"}],"predecessor-version":[{"id":548,"href":"https:\/\/pulsnitzer-heimatverein.de\/index.php?rest_route=\/wp\/v2\/pages\/305\/revisions\/548"}],"wp:attachment":[{"href":"https:\/\/pulsnitzer-heimatverein.de\/index.php?rest_route=%2Fwp%2Fv2%2Fmedia&parent=305"}],"curies":[{"name":"wp","href":"https:\/\/api.w.org\/{rel}","templated":true}]}}