{"id":3061,"date":"2024-09-28T12:15:19","date_gmt":"2024-09-28T12:15:19","guid":{"rendered":"https:\/\/pulsnitzer-heimatverein.de\/?page_id=3061"},"modified":"2025-04-23T15:43:25","modified_gmt":"2025-04-23T15:43:25","slug":"nr-23-gedenktafel-kronzprinz-in-vorbereitung","status":"publish","type":"page","link":"https:\/\/pulsnitzer-heimatverein.de\/?page_id=3061","title":{"rendered":"Nr. 23 \u2013 Gedenktafel Restaurant &#8222;Zum Kronprinz&#8220;"},"content":{"rendered":"\n<p>Standort: Kapellgartenstra\u00dfe 6<\/p>\n\n\n\n<p>Stifter: Ronny Sch\u00e4fer, Pulsnitz<\/p>\n\n\n\n<p>Der Gasthof &#8222;Zum Kronprinz&#8220; wurde 1901 errichtet. Das Lokal war zur damaligen Zeit mit seinem englisch angelegten Garten, franz\u00f6sischem Billard und wechselnder Musik eines der modernsten Gasth\u00e4user (Ost-)Sachsens und f\u00fcr seine M\u00fcnchner Bierfeste sowie die venezianischen Karnevalsveranstaltungen weit \u00fcber die Regionsgrenzen bekannt.<\/p>\n\n\n\n<details>\n  <summary><span style=\"cursor: pointer;\">Quellen<\/span><\/summary>\n\n <p><u>Bilder:<\/u><\/p>\n\n <p>Ansichtskarten aus dem Archiv von Ludwig Mager, Haselbachtal<\/p>\n\n <p><u>Textquellen:<\/u><\/p>\n\n <p>Rost, R.(\u2020): Kalenderblatt Februar 2016 \u2013 Restaurant zum Kronprinzen; in: PA 2\/2016, S. 7.<\/p>\n\n <p>Schieblich, A.: aktualisierte Recherchen (unver\u00f6ff.), 2019.<\/p>\n\n<\/details>\n\n\n\n<figure class=\"wp-block-image size-large is-resized\"><img loading=\"lazy\" decoding=\"async\" width=\"1024\" height=\"768\" src=\"https:\/\/pulsnitzer-heimatverein.de\/wp-content\/uploads\/2025\/04\/P1130477-1024x768.jpg\" alt=\"\" class=\"wp-image-3373\" style=\"width:484px\" srcset=\"https:\/\/pulsnitzer-heimatverein.de\/wp-content\/uploads\/2025\/04\/P1130477-1024x768.jpg 1024w, https:\/\/pulsnitzer-heimatverein.de\/wp-content\/uploads\/2025\/04\/P1130477-300x225.jpg 300w, https:\/\/pulsnitzer-heimatverein.de\/wp-content\/uploads\/2025\/04\/P1130477-768x576.jpg 768w, https:\/\/pulsnitzer-heimatverein.de\/wp-content\/uploads\/2025\/04\/P1130477-1536x1152.jpg 1536w, https:\/\/pulsnitzer-heimatverein.de\/wp-content\/uploads\/2025\/04\/P1130477-2048x1536.jpg 2048w\" sizes=\"auto, (max-width: 1024px) 100vw, 1024px\" \/><figcaption class=\"wp-element-caption\">Gedenktafel Nr. 23 am Haus Kapellgartenstr. 6<br>Foto: Dr. Matthias M\u00e4gel, 2025-04-16<\/figcaption><\/figure>\n\n\n\n<p class=\"has-text-align-right\"><a href=\"https:\/\/pulsnitzer-heimatverein.de\/?page_id=3065\" data-type=\"link\" data-id=\"https:\/\/pulsnitzer-heimatverein.de\/?page_id=3065\">weiter<\/a><\/p>\n","protected":false},"excerpt":{"rendered":"<p>Standort: Kapellgartenstra\u00dfe 6 Stifter: Ronny Sch\u00e4fer, Pulsnitz Der Gasthof &#8222;Zum Kronprinz&#8220; wurde 1901 errichtet. Das Lokal war zur damaligen Zeit mit seinem englisch angelegten Garten, franz\u00f6sischem Billard und wechselnder Musik eines der modernsten Gasth\u00e4user (Ost-)Sachsens und f\u00fcr seine M\u00fcnchner Bierfeste<\/p>\n","protected":false},"author":1,"featured_media":0,"parent":0,"menu_order":0,"comment_status":"closed","ping_status":"closed","template":"","meta":{"footnotes":""},"class_list":["post-3061","page","type-page","status-publish","hentry"],"_links":{"self":[{"href":"https:\/\/pulsnitzer-heimatverein.de\/index.php?rest_route=\/wp\/v2\/pages\/3061","targetHints":{"allow":["GET"]}}],"collection":[{"href":"https:\/\/pulsnitzer-heimatverein.de\/index.php?rest_route=\/wp\/v2\/pages"}],"about":[{"href":"https:\/\/pulsnitzer-heimatverein.de\/index.php?rest_route=\/wp\/v2\/types\/page"}],"author":[{"embeddable":true,"href":"https:\/\/pulsnitzer-heimatverein.de\/index.php?rest_route=\/wp\/v2\/users\/1"}],"replies":[{"embeddable":true,"href":"https:\/\/pulsnitzer-heimatverein.de\/index.php?rest_route=%2Fwp%2Fv2%2Fcomments&post=3061"}],"version-history":[{"count":16,"href":"https:\/\/pulsnitzer-heimatverein.de\/index.php?rest_route=\/wp\/v2\/pages\/3061\/revisions"}],"predecessor-version":[{"id":3383,"href":"https:\/\/pulsnitzer-heimatverein.de\/index.php?rest_route=\/wp\/v2\/pages\/3061\/revisions\/3383"}],"wp:attachment":[{"href":"https:\/\/pulsnitzer-heimatverein.de\/index.php?rest_route=%2Fwp%2Fv2%2Fmedia&parent=3061"}],"curies":[{"name":"wp","href":"https:\/\/api.w.org\/{rel}","templated":true}]}}