{"id":309,"date":"2020-02-23T10:33:50","date_gmt":"2020-02-23T10:33:50","guid":{"rendered":"https:\/\/pulsnitzer-heimatverein.de\/?page_id=309"},"modified":"2025-10-04T15:24:17","modified_gmt":"2025-10-04T15:24:17","slug":"persoenlichkeiten-chronologisch-nach-geburtsdatum","status":"publish","type":"page","link":"https:\/\/pulsnitzer-heimatverein.de\/?page_id=309","title":{"rendered":"Pers\u00f6nlichkeiten (chronologisch nach Geburtsdatum)"},"content":{"rendered":"\n<h2 class=\"wp-block-heading\">Bartholom\u00e4us Ziegenbalg<\/h2>\n\n\n\n<p>1682, 10. Juli, in Pulsnitz geboren (Teilweise wird in der Literatur &#8211; siehe auch Gedenktafel &#8211; der 24. Juni 1683 genannt.)<\/p>\n\n\n\n<figure class=\"wp-block-image aligncenter size-large is-resized\"><img loading=\"lazy\" decoding=\"async\" width=\"1024\" height=\"768\" src=\"https:\/\/pulsnitzer-heimatverein.de\/wp-content\/uploads\/2020\/02\/Bartholom\u00e4us-Ziegenbalg-Geburtshaus-20190603-143409-1024x768.jpg\" alt=\"\" class=\"wp-image-346\" style=\"width:512px;height:384px\" srcset=\"https:\/\/pulsnitzer-heimatverein.de\/wp-content\/uploads\/2020\/02\/Bartholom\u00e4us-Ziegenbalg-Geburtshaus-20190603-143409-1024x768.jpg 1024w, https:\/\/pulsnitzer-heimatverein.de\/wp-content\/uploads\/2020\/02\/Bartholom\u00e4us-Ziegenbalg-Geburtshaus-20190603-143409-300x225.jpg 300w, https:\/\/pulsnitzer-heimatverein.de\/wp-content\/uploads\/2020\/02\/Bartholom\u00e4us-Ziegenbalg-Geburtshaus-20190603-143409-768x576.jpg 768w, https:\/\/pulsnitzer-heimatverein.de\/wp-content\/uploads\/2020\/02\/Bartholom\u00e4us-Ziegenbalg-Geburtshaus-20190603-143409-1536x1152.jpg 1536w, https:\/\/pulsnitzer-heimatverein.de\/wp-content\/uploads\/2020\/02\/Bartholom\u00e4us-Ziegenbalg-Geburtshaus-20190603-143409-2048x1536.jpg 2048w\" sizes=\"auto, (max-width: 1024px) 100vw, 1024px\" \/><figcaption class=\"wp-element-caption\">Geburtshaus von Bartholom\u00e4us Ziegenbalg,<br> heute Ziegenbalgplatz 8<br> Foto: Dr. Matthias M\u00e4gel<\/figcaption><\/figure>\n\n\n\n<figure class=\"wp-block-image aligncenter size-large is-resized\"><img loading=\"lazy\" decoding=\"async\" width=\"1024\" height=\"670\" src=\"https:\/\/pulsnitzer-heimatverein.de\/wp-content\/uploads\/2020\/02\/Bartholom\u00e4us-Ziegenbalg-Geburtshaus-20190603-143344-scaled-e1582907493327-1024x670.jpg\" alt=\"\" class=\"wp-image-348\" style=\"width:256px;height:168px\" srcset=\"https:\/\/pulsnitzer-heimatverein.de\/wp-content\/uploads\/2020\/02\/Bartholom\u00e4us-Ziegenbalg-Geburtshaus-20190603-143344-scaled-e1582907493327-1024x670.jpg 1024w, https:\/\/pulsnitzer-heimatverein.de\/wp-content\/uploads\/2020\/02\/Bartholom\u00e4us-Ziegenbalg-Geburtshaus-20190603-143344-scaled-e1582907493327-300x196.jpg 300w, https:\/\/pulsnitzer-heimatverein.de\/wp-content\/uploads\/2020\/02\/Bartholom\u00e4us-Ziegenbalg-Geburtshaus-20190603-143344-scaled-e1582907493327-768x503.jpg 768w, https:\/\/pulsnitzer-heimatverein.de\/wp-content\/uploads\/2020\/02\/Bartholom\u00e4us-Ziegenbalg-Geburtshaus-20190603-143344-scaled-e1582907493327.jpg 1094w\" sizes=\"auto, (max-width: 1024px) 100vw, 1024px\" \/><figcaption class=\"wp-element-caption\">Gedenktafel an Ziegenbalgs Geburtshaus\nFoto: Dr. Matthias M\u00e4gel<\/figcaption><\/figure>\n\n\n\n<p>*<\/p>\n\n\n\n<p>Sprachforscher und Missionar, seit 1706 als Missionar im Dienst des\nd\u00e4nischen K\u00f6nigs in Indien t\u00e4tig<\/p>\n\n\n\n<p>*<\/p>\n\n\n\n<p>1719, 23. Februar, in Tranquebar gestorben<\/p>\n\n\n\n<p>*<\/p>\n\n\n\n<p><em>Stra\u00dfen, Pl\u00e4tze und Geb\u00e4ude heute in Pulsnitz<\/em><\/p>\n\n\n\n<p>Ziegenbalgstra\u00dfe, Ziegenbalgplatz<\/p>\n\n\n\n<p>*<\/p>\n\n\n\n<h2 class=\"wp-block-heading\">Ernst Rietschel<\/h2>\n\n\n\n<p>Eine Zusammenfassung des Lebenslaufes und der Werke von Ernst Rietschel ist in dem vom Ernst-Rietschel-Kulturring e. V. herausgegebenen Flyer <a href=\"https:\/\/pulsnitzer-heimatverein.de\/wp-content\/uploads\/2025\/10\/Ernst-Rietschel-Kulturring-Flyer-2025.pdf\">&#8222;Ernst Rietschel &#8211; Seine Familie und sein Geburtshaus in Pulsnitz&#8220;<\/a> zu finden.<\/p>\n\n\n\n<p>1804, 15. Dezember, in Pulsnitz geboren<\/p>\n\n\n\n<figure class=\"wp-block-image aligncenter size-large is-resized\"><img loading=\"lazy\" decoding=\"async\" width=\"710\" height=\"1024\" src=\"https:\/\/pulsnitzer-heimatverein.de\/wp-content\/uploads\/2020\/02\/1804_Rietschel_Geburtshaus-710x1024.jpg\" alt=\"\" class=\"wp-image-350\" style=\"width:355px;height:512px\" srcset=\"https:\/\/pulsnitzer-heimatverein.de\/wp-content\/uploads\/2020\/02\/1804_Rietschel_Geburtshaus-710x1024.jpg 710w, https:\/\/pulsnitzer-heimatverein.de\/wp-content\/uploads\/2020\/02\/1804_Rietschel_Geburtshaus-208x300.jpg 208w, https:\/\/pulsnitzer-heimatverein.de\/wp-content\/uploads\/2020\/02\/1804_Rietschel_Geburtshaus-768x1107.jpg 768w, https:\/\/pulsnitzer-heimatverein.de\/wp-content\/uploads\/2020\/02\/1804_Rietschel_Geburtshaus.jpg 797w\" sizes=\"auto, (max-width: 710px) 100vw, 710px\" \/><figcaption class=\"wp-element-caption\">Ernst-Rietschel-Geburtshaus um 1804<\/figcaption><\/figure>\n\n\n\n<figure class=\"wp-block-image aligncenter size-large is-resized\"><img loading=\"lazy\" decoding=\"async\" width=\"1024\" height=\"768\" src=\"https:\/\/pulsnitzer-heimatverein.de\/wp-content\/uploads\/2020\/02\/Ernst-Rietschel-Geburtshaus-20190603-153215-1024x768.jpg\" alt=\"\" class=\"wp-image-354\" style=\"width:512px;height:384px\" srcset=\"https:\/\/pulsnitzer-heimatverein.de\/wp-content\/uploads\/2020\/02\/Ernst-Rietschel-Geburtshaus-20190603-153215-1024x768.jpg 1024w, https:\/\/pulsnitzer-heimatverein.de\/wp-content\/uploads\/2020\/02\/Ernst-Rietschel-Geburtshaus-20190603-153215-300x225.jpg 300w, https:\/\/pulsnitzer-heimatverein.de\/wp-content\/uploads\/2020\/02\/Ernst-Rietschel-Geburtshaus-20190603-153215-768x576.jpg 768w, https:\/\/pulsnitzer-heimatverein.de\/wp-content\/uploads\/2020\/02\/Ernst-Rietschel-Geburtshaus-20190603-153215-1536x1152.jpg 1536w, https:\/\/pulsnitzer-heimatverein.de\/wp-content\/uploads\/2020\/02\/Ernst-Rietschel-Geburtshaus-20190603-153215-2048x1536.jpg 2048w\" sizes=\"auto, (max-width: 1024px) 100vw, 1024px\" \/><figcaption class=\"wp-element-caption\">Rietschels Geburtshaus heute<br> mit Inschrift links und Gedenktafel rechts,<br> jetzige Rietschelstr. 16<br> Foto: Dr. Matthias M\u00e4gel<\/figcaption><\/figure>\n\n\n\n<figure class=\"wp-block-image aligncenter size-large is-resized\"><img loading=\"lazy\" decoding=\"async\" width=\"1024\" height=\"768\" src=\"https:\/\/pulsnitzer-heimatverein.de\/wp-content\/uploads\/2020\/02\/Ernst-Rietschel-Geburtshaus-20190603-153408-1024x768.jpg\" alt=\"\" class=\"wp-image-355\" style=\"width:256px;height:192px\" srcset=\"https:\/\/pulsnitzer-heimatverein.de\/wp-content\/uploads\/2020\/02\/Ernst-Rietschel-Geburtshaus-20190603-153408-1024x768.jpg 1024w, https:\/\/pulsnitzer-heimatverein.de\/wp-content\/uploads\/2020\/02\/Ernst-Rietschel-Geburtshaus-20190603-153408-300x225.jpg 300w, https:\/\/pulsnitzer-heimatverein.de\/wp-content\/uploads\/2020\/02\/Ernst-Rietschel-Geburtshaus-20190603-153408-768x576.jpg 768w, https:\/\/pulsnitzer-heimatverein.de\/wp-content\/uploads\/2020\/02\/Ernst-Rietschel-Geburtshaus-20190603-153408-1536x1152.jpg 1536w, https:\/\/pulsnitzer-heimatverein.de\/wp-content\/uploads\/2020\/02\/Ernst-Rietschel-Geburtshaus-20190603-153408-2048x1536.jpg 2048w\" sizes=\"auto, (max-width: 1024px) 100vw, 1024px\" \/><figcaption class=\"wp-element-caption\">Gedenktafel an Rietschels Geburtshaus<br> Foto: Dr. Matthias M\u00e4gel<\/figcaption><\/figure>\n\n\n\n<p>*<\/p>\n\n\n\n<p>Bildhauer, seit 1832 Professor an der Dresdner Akademie der K\u00fcnste<\/p>\n\n\n\n<p>*<\/p>\n\n\n\n<p>1861, 21. Februar, in Dresden gestorben<\/p>\n\n\n\n<p>*<\/p>\n\n\n\n<p><em>Bedeutende Werke<\/em>: Giebel (\u201eRietschelgiebel\u201c) f\u00fcr das erste\nHoftheater in Dresden (1840, Giebelfeld \u201eTrag\u00f6die\u201c heute auf der Ortenburg in\nBautzen), K\u00f6nig-Friedrich-August-I-Denkmal in Dresden (1843 zun\u00e4chst im Zwinger\naufgestellt, seit 2008 auf dem Schlossplatz), Pieta f\u00fcr die Friedenskirche in\nPotsdam (1846, Kopie in der Pulsnitzer Kirche), Lessing-Denkmal in Braunschweig\n(1853 eingeweiht), Goethe-Schiller-Denkmal in Weimar (1857 eingeweiht),\nCarl-Maria-von-Weber-Denkmal in Dresden auf dem Theaterplatz am Zwinger (1860\nerrichtet), Martin-Luther-Denkmal in Worms (1868 enth\u00fcllt)<\/p>\n\n\n\n<p>*<\/p>\n\n\n\n<p><em>Werke in Pulsnitz<\/em>:<\/p>\n\n\n\n<p>Relief an der L\u00f6wen-Apotheke, heute Julius-K\u00fchn-Platz 17 (1827\/1828\nangebracht)<\/p>\n\n\n\n<div class=\"wp-block-columns is-layout-flex wp-container-core-columns-is-layout-28f84493 wp-block-columns-is-layout-flex\">\n<div class=\"wp-block-column is-layout-flow wp-block-column-is-layout-flow\">\n<figure class=\"wp-block-image size-large\"><img loading=\"lazy\" decoding=\"async\" width=\"1024\" height=\"768\" src=\"https:\/\/pulsnitzer-heimatverein.de\/wp-content\/uploads\/2020\/02\/L\u00f6wen-Apotheke-20190718-155751-1024x768.jpg\" alt=\"\" class=\"wp-image-359\" srcset=\"https:\/\/pulsnitzer-heimatverein.de\/wp-content\/uploads\/2020\/02\/L\u00f6wen-Apotheke-20190718-155751-1024x768.jpg 1024w, https:\/\/pulsnitzer-heimatverein.de\/wp-content\/uploads\/2020\/02\/L\u00f6wen-Apotheke-20190718-155751-300x225.jpg 300w, https:\/\/pulsnitzer-heimatverein.de\/wp-content\/uploads\/2020\/02\/L\u00f6wen-Apotheke-20190718-155751-768x576.jpg 768w, https:\/\/pulsnitzer-heimatverein.de\/wp-content\/uploads\/2020\/02\/L\u00f6wen-Apotheke-20190718-155751-1536x1152.jpg 1536w, https:\/\/pulsnitzer-heimatverein.de\/wp-content\/uploads\/2020\/02\/L\u00f6wen-Apotheke-20190718-155751-2048x1536.jpg 2048w\" sizes=\"auto, (max-width: 1024px) 100vw, 1024px\" \/><figcaption class=\"wp-element-caption\">L\u00f6wen-Apotheke, heute Julius-K\u00fchn-Platz 17<br> Foto: Dr. Matthias M\u00e4gel<\/figcaption><\/figure>\n<\/div>\n\n\n\n<div class=\"wp-block-column is-layout-flow wp-block-column-is-layout-flow\">\n<figure class=\"wp-block-image size-large\"><img loading=\"lazy\" decoding=\"async\" width=\"1024\" height=\"768\" src=\"https:\/\/pulsnitzer-heimatverein.de\/wp-content\/uploads\/2020\/02\/L\u00f6wen-Apotheke-20190718-155529-1024x768.jpg\" alt=\"\" class=\"wp-image-358\" srcset=\"https:\/\/pulsnitzer-heimatverein.de\/wp-content\/uploads\/2020\/02\/L\u00f6wen-Apotheke-20190718-155529-1024x768.jpg 1024w, https:\/\/pulsnitzer-heimatverein.de\/wp-content\/uploads\/2020\/02\/L\u00f6wen-Apotheke-20190718-155529-300x225.jpg 300w, https:\/\/pulsnitzer-heimatverein.de\/wp-content\/uploads\/2020\/02\/L\u00f6wen-Apotheke-20190718-155529-768x576.jpg 768w, https:\/\/pulsnitzer-heimatverein.de\/wp-content\/uploads\/2020\/02\/L\u00f6wen-Apotheke-20190718-155529-1536x1152.jpg 1536w, https:\/\/pulsnitzer-heimatverein.de\/wp-content\/uploads\/2020\/02\/L\u00f6wen-Apotheke-20190718-155529-2048x1536.jpg 2048w\" sizes=\"auto, (max-width: 1024px) 100vw, 1024px\" \/><figcaption class=\"wp-element-caption\">L\u00f6wen-Relief an der L\u00f6wen-Apotheke,<br> heute Julius-K\u00fchn-Platz 17<br> Foto: Dr. Matthias M\u00e4gel<\/figcaption><\/figure>\n<\/div>\n<\/div>\n\n\n\n<p>*<\/p>\n\n\n\n<p>Grabplatte und Relief auf dem Grab von Rietschels Eltern (nach 1834\ngeschaffen)<\/p>\n\n\n\n<figure class=\"wp-block-image aligncenter size-large is-resized\"><img loading=\"lazy\" decoding=\"async\" width=\"1024\" height=\"768\" src=\"https:\/\/pulsnitzer-heimatverein.de\/wp-content\/uploads\/2020\/02\/Ernst-Rietschel-Eltern-Grab-20190603-142232-1024x768.jpg\" alt=\"\" class=\"wp-image-362\" style=\"width:512px;height:384px\" srcset=\"https:\/\/pulsnitzer-heimatverein.de\/wp-content\/uploads\/2020\/02\/Ernst-Rietschel-Eltern-Grab-20190603-142232-1024x768.jpg 1024w, https:\/\/pulsnitzer-heimatverein.de\/wp-content\/uploads\/2020\/02\/Ernst-Rietschel-Eltern-Grab-20190603-142232-300x225.jpg 300w, https:\/\/pulsnitzer-heimatverein.de\/wp-content\/uploads\/2020\/02\/Ernst-Rietschel-Eltern-Grab-20190603-142232-768x576.jpg 768w, https:\/\/pulsnitzer-heimatverein.de\/wp-content\/uploads\/2020\/02\/Ernst-Rietschel-Eltern-Grab-20190603-142232-1536x1152.jpg 1536w, https:\/\/pulsnitzer-heimatverein.de\/wp-content\/uploads\/2020\/02\/Ernst-Rietschel-Eltern-Grab-20190603-142232-2048x1536.jpg 2048w\" sizes=\"auto, (max-width: 1024px) 100vw, 1024px\" \/><figcaption class=\"wp-element-caption\">Grabstelle von Rietschels Eltern auf dem Pulsnitzer Friedhof (vor der Friedhofskapelle)<br> Foto: Dr. Matthias M\u00e4gel<\/figcaption><\/figure>\n\n\n\n<figure class=\"wp-block-image aligncenter size-large is-resized\"><img loading=\"lazy\" decoding=\"async\" width=\"1024\" height=\"768\" src=\"https:\/\/pulsnitzer-heimatverein.de\/wp-content\/uploads\/2020\/02\/Ernst-Rietschel-Eltern-Grab-20190603-142114-1024x768.jpg\" alt=\"\" class=\"wp-image-363\" style=\"width:512px;height:384px\" srcset=\"https:\/\/pulsnitzer-heimatverein.de\/wp-content\/uploads\/2020\/02\/Ernst-Rietschel-Eltern-Grab-20190603-142114-1024x768.jpg 1024w, https:\/\/pulsnitzer-heimatverein.de\/wp-content\/uploads\/2020\/02\/Ernst-Rietschel-Eltern-Grab-20190603-142114-300x225.jpg 300w, https:\/\/pulsnitzer-heimatverein.de\/wp-content\/uploads\/2020\/02\/Ernst-Rietschel-Eltern-Grab-20190603-142114-768x576.jpg 768w, https:\/\/pulsnitzer-heimatverein.de\/wp-content\/uploads\/2020\/02\/Ernst-Rietschel-Eltern-Grab-20190603-142114-1536x1152.jpg 1536w, https:\/\/pulsnitzer-heimatverein.de\/wp-content\/uploads\/2020\/02\/Ernst-Rietschel-Eltern-Grab-20190603-142114-2048x1536.jpg 2048w\" sizes=\"auto, (max-width: 1024px) 100vw, 1024px\" \/><figcaption class=\"wp-element-caption\">Relief an der Grabstelle von Rietschels Eltern auf dem Pulsnitzer Friedhof (vor der Friedhofskapelle)<br> Foto: Dr. Matthias M\u00e4gel<\/figcaption><\/figure>\n\n\n\n<p><em>Inschrift auf der Grabplatte<\/em>: <\/p>\n\n\n\n<p class=\"has-text-align-center\">Hier ruhen<br> Friedrich Ehregott Rietschel<br> B\u00fcrger und K\u00fcster allhier,<br> geb. 8. Febr. 1768&nbsp;&nbsp; gest. 21. Decbr. 1828<br> und dessen Gattin<br> Caroline Salome Rietschel<br> geb. R\u00f6llig<br> geb. 6. Septbr. 1770&nbsp;&nbsp; gest. 11. Octbr. 1834<br> Sie waren alle beide fromm vor Gott<br> und gingen in allen Geboten des Herrn<br> untadelich.<br> Luc. E. v. 6 <\/p>\n\n\n\n<p>*<\/p>\n\n\n\n<p>Inschrift am Geburts- \/ Elternhaus (1844 nach dem Brand des Hauses\ngeschaffen)<\/p>\n\n\n\n<figure class=\"wp-block-image aligncenter size-large is-resized\"><img loading=\"lazy\" decoding=\"async\" width=\"400\" height=\"141\" src=\"https:\/\/pulsnitzer-heimatverein.de\/wp-content\/uploads\/2020\/02\/admin-ajaxZHQMRG9A.jpg\" alt=\"\" class=\"wp-image-560\" style=\"width:300px;height:106px\" srcset=\"https:\/\/pulsnitzer-heimatverein.de\/wp-content\/uploads\/2020\/02\/admin-ajaxZHQMRG9A.jpg 400w, https:\/\/pulsnitzer-heimatverein.de\/wp-content\/uploads\/2020\/02\/admin-ajaxZHQMRG9A-300x106.jpg 300w\" sizes=\"auto, (max-width: 400px) 100vw, 400px\" \/><figcaption class=\"wp-element-caption\">Inschrift am Hauseingang von Rietschels Geburtshaus, geschaffen von Ernst Rietschel, heute Rietschelstr. 16<br>Foto: Dr. Matthias M\u00e4gel<\/figcaption><\/figure>\n\n\n\n<p>*<\/p>\n\n\n\n<p><em>Stra\u00dfen, Pl\u00e4tze und Geb\u00e4ude heute in Pulsnitz<\/em><\/p>\n\n\n\n<p>Rietschelstra\u00dfe<\/p>\n\n\n\n<p>Ernst-Rietschel-Grund- und Oberschule<\/p>\n\n\n\n<figure class=\"wp-block-image aligncenter size-large is-resized\"><img loading=\"lazy\" decoding=\"async\" width=\"768\" height=\"1024\" src=\"https:\/\/pulsnitzer-heimatverein.de\/wp-content\/uploads\/2020\/02\/Ernst-Rietschel-Denkmal-20130608-141640-768x1024.jpg\" alt=\"\" class=\"wp-image-264\" style=\"width:384px;height:512px\" srcset=\"https:\/\/pulsnitzer-heimatverein.de\/wp-content\/uploads\/2020\/02\/Ernst-Rietschel-Denkmal-20130608-141640-768x1024.jpg 768w, https:\/\/pulsnitzer-heimatverein.de\/wp-content\/uploads\/2020\/02\/Ernst-Rietschel-Denkmal-20130608-141640-225x300.jpg 225w, https:\/\/pulsnitzer-heimatverein.de\/wp-content\/uploads\/2020\/02\/Ernst-Rietschel-Denkmal-20130608-141640-1152x1536.jpg 1152w, https:\/\/pulsnitzer-heimatverein.de\/wp-content\/uploads\/2020\/02\/Ernst-Rietschel-Denkmal-20130608-141640-1536x2048.jpg 1536w, https:\/\/pulsnitzer-heimatverein.de\/wp-content\/uploads\/2020\/02\/Ernst-Rietschel-Denkmal-20130608-141640-scaled.jpg 1920w\" sizes=\"auto, (max-width: 768px) 100vw, 768px\" \/><figcaption class=\"wp-element-caption\">Ernst-Rietschel-Denkmal auf dem Marktplatz, geschaffen von seinem Sch\u00fcler Gustav Adolph Kietz,<br> eingeweiht am 6. Juli 1890<br> Foto: Dr. Matthias M\u00e4gel<\/figcaption><\/figure>\n\n\n\n<p><em>Museen und Einrichtungen in Sachsen mit Ernst-Rietschel-Werken<\/em><\/p>\n\n\n\n<p>Ernst-Rietschel-Kulturring e. V. im Ernst-Rietschel-Geburtshaus Pulsnitz &#8211; <a href=\"http:\/\/www.ernst-rietschel.com\" data-type=\"URL\" data-id=\"www.ernst-rietschel.com\">www.ernst-rietschel.com<\/a><\/p>\n\n\n\n<p>Skulpturensammlung im Albertinum Dresden &#8211; <a href=\"https:\/\/skulpturensammlung.skd.museum\/\">https:\/\/skulpturensammlung.skd.museum\/<\/a><\/p>\n\n\n\n<p>*<\/p>\n\n\n\n<h2 class=\"wp-block-heading\">Julius K\u00fchn<\/h2>\n\n\n\n<p>1825, 23. Oktober, in Pulsnitz geboren<\/p>\n\n\n\n<figure class=\"wp-block-image aligncenter size-large is-resized\"><img loading=\"lazy\" decoding=\"async\" width=\"768\" height=\"1024\" src=\"https:\/\/pulsnitzer-heimatverein.de\/wp-content\/uploads\/2020\/02\/Julius-K\u00fchn-Geburtshaus-20190603-142938-768x1024.jpg\" alt=\"\" class=\"wp-image-376\" style=\"width:384px;height:512px\" srcset=\"https:\/\/pulsnitzer-heimatverein.de\/wp-content\/uploads\/2020\/02\/Julius-K\u00fchn-Geburtshaus-20190603-142938-768x1024.jpg 768w, https:\/\/pulsnitzer-heimatverein.de\/wp-content\/uploads\/2020\/02\/Julius-K\u00fchn-Geburtshaus-20190603-142938-225x300.jpg 225w, https:\/\/pulsnitzer-heimatverein.de\/wp-content\/uploads\/2020\/02\/Julius-K\u00fchn-Geburtshaus-20190603-142938-1152x1536.jpg 1152w, https:\/\/pulsnitzer-heimatverein.de\/wp-content\/uploads\/2020\/02\/Julius-K\u00fchn-Geburtshaus-20190603-142938-1536x2048.jpg 1536w, https:\/\/pulsnitzer-heimatverein.de\/wp-content\/uploads\/2020\/02\/Julius-K\u00fchn-Geburtshaus-20190603-142938-scaled.jpg 1920w\" sizes=\"auto, (max-width: 768px) 100vw, 768px\" \/><figcaption class=\"wp-element-caption\">Geburtshaus von Julius K\u00fchn, heute Julius-K\u00fchn-Platz 6 <br>Foto: Dr. Matthias M\u00e4gel<\/figcaption><\/figure>\n\n\n\n<figure class=\"wp-block-image aligncenter size-large is-resized\"><img loading=\"lazy\" decoding=\"async\" width=\"668\" height=\"1024\" src=\"https:\/\/pulsnitzer-heimatverein.de\/wp-content\/uploads\/2020\/02\/Julius-K\u00fchn-Geburtshaus-20190603-143124-scaled-e1582907676834-668x1024.jpg\" alt=\"\" class=\"wp-image-379\" style=\"width:167px;height:256px\" srcset=\"https:\/\/pulsnitzer-heimatverein.de\/wp-content\/uploads\/2020\/02\/Julius-K\u00fchn-Geburtshaus-20190603-143124-scaled-e1582907676834-668x1024.jpg 668w, https:\/\/pulsnitzer-heimatverein.de\/wp-content\/uploads\/2020\/02\/Julius-K\u00fchn-Geburtshaus-20190603-143124-scaled-e1582907676834-196x300.jpg 196w, https:\/\/pulsnitzer-heimatverein.de\/wp-content\/uploads\/2020\/02\/Julius-K\u00fchn-Geburtshaus-20190603-143124-scaled-e1582907676834-768x1177.jpg 768w, https:\/\/pulsnitzer-heimatverein.de\/wp-content\/uploads\/2020\/02\/Julius-K\u00fchn-Geburtshaus-20190603-143124-scaled-e1582907676834.jpg 864w\" sizes=\"auto, (max-width: 668px) 100vw, 668px\" \/><figcaption class=\"wp-element-caption\">Gedenktafel an K\u00fchns Geburtshaus<br>Foto: Dr. Matthias M\u00e4gel<\/figcaption><\/figure>\n\n\n\n<p>*<\/p>\n\n\n\n<p>Landwirtschaftswissenschaftler, seit 1862 Professor f\u00fcr Landwirtschaft an\nder Universit\u00e4t Halle<\/p>\n\n\n\n<p>Einrichtung eines eigenen landwirtschaftlichen Institutes und damit\nSicherung der Gleichstellung der Landwirtschaft mit anderen Wissenschaften<\/p>\n\n\n\n<p>*<\/p>\n\n\n\n<p>1910, 14. April, in Halle gestorben<\/p>\n\n\n\n<p>*<\/p>\n\n\n\n<p><em>Stra\u00dfen, Pl\u00e4tze und Geb\u00e4ude heute in Pulsnitz<\/em><\/p>\n\n\n\n<p>K\u00fchnstra\u00dfe, Julius-K\u00fchn-Platz<\/p>\n\n\n\n<p>*<\/p>\n\n\n\n<h2 class=\"wp-block-heading\">Max Schreyer<\/h2>\n\n\n\n<p>1845, 7. September, in Johanngeorgenstadt geboren<\/p>\n\n\n\n<p>*<\/p>\n\n\n\n<p>s\u00e4chsischer F\u00f6rster und der Dichter des Volksliedes \u201eDar Vuglb\u00e4rbaam\u201c,<\/p>\n\n\n\n<p>verbrachte die letzten Lebensjahre bei seiner Tochter in Pulsnitz<\/p>\n\n\n\n<p>*<\/p>\n\n\n\n<p>1922, 27. Juli, in Pulsnitz gestorben<\/p>\n\n\n\n<figure class=\"wp-block-image aligncenter size-large is-resized\"><img loading=\"lazy\" decoding=\"async\" width=\"768\" height=\"1024\" src=\"https:\/\/pulsnitzer-heimatverein.de\/wp-content\/uploads\/2020\/02\/Max-Schreyer-Grab-20190603-141828-768x1024.jpg\" alt=\"\" class=\"wp-image-239\" style=\"width:384px;height:512px\" srcset=\"https:\/\/pulsnitzer-heimatverein.de\/wp-content\/uploads\/2020\/02\/Max-Schreyer-Grab-20190603-141828-768x1024.jpg 768w, https:\/\/pulsnitzer-heimatverein.de\/wp-content\/uploads\/2020\/02\/Max-Schreyer-Grab-20190603-141828-225x300.jpg 225w, https:\/\/pulsnitzer-heimatverein.de\/wp-content\/uploads\/2020\/02\/Max-Schreyer-Grab-20190603-141828-1152x1536.jpg 1152w, https:\/\/pulsnitzer-heimatverein.de\/wp-content\/uploads\/2020\/02\/Max-Schreyer-Grab-20190603-141828-1536x2048.jpg 1536w, https:\/\/pulsnitzer-heimatverein.de\/wp-content\/uploads\/2020\/02\/Max-Schreyer-Grab-20190603-141828-scaled.jpg 1920w\" sizes=\"auto, (max-width: 768px) 100vw, 768px\" \/><figcaption class=\"wp-element-caption\">Grabstelle von Max Schreyer auf dem Pulsnitzer Friedhof mit Vogelbeerbaum (Hauptweg hinter der Kapelle, rechts)<br> Foto: Dr. Matthias M\u00e4gel<\/figcaption><\/figure>\n\n\n\n<figure class=\"wp-block-image aligncenter size-large is-resized\"><img loading=\"lazy\" decoding=\"async\" width=\"768\" height=\"1024\" src=\"https:\/\/pulsnitzer-heimatverein.de\/wp-content\/uploads\/2020\/02\/Max-Schreyer-Grab-20190603-141630-768x1024.jpg\" alt=\"\" class=\"wp-image-383\" style=\"width:384px;height:512px\" srcset=\"https:\/\/pulsnitzer-heimatverein.de\/wp-content\/uploads\/2020\/02\/Max-Schreyer-Grab-20190603-141630-768x1024.jpg 768w, https:\/\/pulsnitzer-heimatverein.de\/wp-content\/uploads\/2020\/02\/Max-Schreyer-Grab-20190603-141630-225x300.jpg 225w, https:\/\/pulsnitzer-heimatverein.de\/wp-content\/uploads\/2020\/02\/Max-Schreyer-Grab-20190603-141630-1152x1536.jpg 1152w, https:\/\/pulsnitzer-heimatverein.de\/wp-content\/uploads\/2020\/02\/Max-Schreyer-Grab-20190603-141630-1536x2048.jpg 1536w, https:\/\/pulsnitzer-heimatverein.de\/wp-content\/uploads\/2020\/02\/Max-Schreyer-Grab-20190603-141630-scaled.jpg 1920w\" sizes=\"auto, (max-width: 768px) 100vw, 768px\" \/><figcaption class=\"wp-element-caption\">Grabstelle von Max Schreyer auf dem Pulsnitzer Friedhof<br> (Hauptweg hinter der Kapelle, rechts)<br> Foto: Dr. Matthias M\u00e4gel<\/figcaption><\/figure>\n\n\n\n<p><em>Inschrift auf der Grab<\/em>stele:<\/p>\n\n\n\n<p class=\"has-text-align-center\">Kan schinnern Baam gibts<br>\nwie dan Vuglbeerbaam<br>\nVuglbeerbaam danVuglbeerbaam<br>\nIs werd asu lecht net an<br>\nschinnern Baam gabm eia<br>\nEia eia anVuglbeerbaam<br>\nAn Vuglbeerbaam eia <\/p>\n\n\n\n<p>*<\/p>\n\n\n\n<h2 class=\"wp-block-heading\">Walther Hempel<\/h2>\n\n\n\n<p>1851, 5. Mai, in Pulsnitz geboren<\/p>\n\n\n\n<p>*<\/p>\n\n\n\n<p>Chemiker, seit 1880 ordentlicher Professor f\u00fcr Technische Chemie am\nK\u00f6niglich-S\u00e4chsischen Polytechnikum in Dresden (der jetzigen TU Dresden),<\/p>\n\n\n\n<p>bekannt durch seine Arbeiten zur Elektrolyse und Gasanalyse<\/p>\n\n\n\n<p>*<\/p>\n\n\n\n<p>1916, 1. Dezember, in Dresden gestorben<\/p>\n\n\n\n<p>*<\/p>\n","protected":false},"excerpt":{"rendered":"<p>Bartholom\u00e4us Ziegenbalg 1682, 10. Juli, in Pulsnitz geboren (Teilweise wird in der Literatur &#8211; siehe auch Gedenktafel &#8211; der 24. Juni 1683 genannt.) * Sprachforscher und Missionar, seit 1706 als Missionar im Dienst des d\u00e4nischen K\u00f6nigs in Indien t\u00e4tig *<\/p>\n","protected":false},"author":1,"featured_media":0,"parent":0,"menu_order":0,"comment_status":"closed","ping_status":"closed","template":"","meta":{"footnotes":""},"class_list":["post-309","page","type-page","status-publish","hentry"],"_links":{"self":[{"href":"https:\/\/pulsnitzer-heimatverein.de\/index.php?rest_route=\/wp\/v2\/pages\/309","targetHints":{"allow":["GET"]}}],"collection":[{"href":"https:\/\/pulsnitzer-heimatverein.de\/index.php?rest_route=\/wp\/v2\/pages"}],"about":[{"href":"https:\/\/pulsnitzer-heimatverein.de\/index.php?rest_route=\/wp\/v2\/types\/page"}],"author":[{"embeddable":true,"href":"https:\/\/pulsnitzer-heimatverein.de\/index.php?rest_route=\/wp\/v2\/users\/1"}],"replies":[{"embeddable":true,"href":"https:\/\/pulsnitzer-heimatverein.de\/index.php?rest_route=%2Fwp%2Fv2%2Fcomments&post=309"}],"version-history":[{"count":40,"href":"https:\/\/pulsnitzer-heimatverein.de\/index.php?rest_route=\/wp\/v2\/pages\/309\/revisions"}],"predecessor-version":[{"id":3494,"href":"https:\/\/pulsnitzer-heimatverein.de\/index.php?rest_route=\/wp\/v2\/pages\/309\/revisions\/3494"}],"wp:attachment":[{"href":"https:\/\/pulsnitzer-heimatverein.de\/index.php?rest_route=%2Fwp%2Fv2%2Fmedia&parent=309"}],"curies":[{"name":"wp","href":"https:\/\/api.w.org\/{rel}","templated":true}]}}