{"id":33,"date":"2020-02-19T20:14:14","date_gmt":"2020-02-19T20:14:14","guid":{"rendered":"http:\/\/pulsnitzer-heimatverein.de\/?page_id=33"},"modified":"2020-02-23T10:37:03","modified_gmt":"2020-02-23T10:37:03","slug":"heimatgeschichte","status":"publish","type":"page","link":"https:\/\/pulsnitzer-heimatverein.de\/?page_id=33","title":{"rendered":"Heimatgeschichte"},"content":{"rendered":"\n<p>In den\nKategorien<\/p>\n\n\n\n<p><a href=\"https:\/\/pulsnitzer-heimatverein.de\/?page_id=294\">Stadtgeschichte<\/a><\/p>\n\n\n\n<p><a href=\"https:\/\/pulsnitzer-heimatverein.de\/?page_id=309\">Pers\u00f6nlichkeiten<\/a><\/p>\n\n\n\n<p><a href=\"https:\/\/pulsnitzer-heimatverein.de\/?page_id=305\">Handwerk \/ Gewerke<\/a><\/p>\n\n\n\n<p>sind\nwichtige Ereignisse der Stadt Pulsnitz dokumentiert, die teilweise durch Fotos\n\/ Dokumente erg\u00e4nzt sind, welche auf Ereignisse, Wirkungsst\u00e4tten und Gedenkorte\nverweisen.<\/p>\n\n\n\n<div class=\"wp-block-columns is-layout-flex wp-container-core-columns-is-layout-28f84493 wp-block-columns-is-layout-flex\">\n<div class=\"wp-block-column is-layout-flow wp-block-column-is-layout-flow\">\n<figure class=\"wp-block-image size-large\"><img loading=\"lazy\" decoding=\"async\" width=\"768\" height=\"1024\" src=\"https:\/\/pulsnitzer-heimatverein.de\/wp-content\/uploads\/2020\/02\/Museum-20160402-121105-768x1024.jpg\" alt=\"\" class=\"wp-image-259\" srcset=\"https:\/\/pulsnitzer-heimatverein.de\/wp-content\/uploads\/2020\/02\/Museum-20160402-121105-768x1024.jpg 768w, https:\/\/pulsnitzer-heimatverein.de\/wp-content\/uploads\/2020\/02\/Museum-20160402-121105-225x300.jpg 225w, https:\/\/pulsnitzer-heimatverein.de\/wp-content\/uploads\/2020\/02\/Museum-20160402-121105-1152x1536.jpg 1152w, https:\/\/pulsnitzer-heimatverein.de\/wp-content\/uploads\/2020\/02\/Museum-20160402-121105-1536x2048.jpg 1536w, https:\/\/pulsnitzer-heimatverein.de\/wp-content\/uploads\/2020\/02\/Museum-20160402-121105-scaled.jpg 1920w\" sizes=\"auto, (max-width: 768px) 100vw, 768px\" \/><figcaption>Pulsnitzer Gewerke<br> Foto: Dr. Matthias M\u00e4gel<\/figcaption><\/figure>\n<\/div>\n\n\n\n<div class=\"wp-block-column is-layout-flow wp-block-column-is-layout-flow\">\n<figure class=\"wp-block-image size-large\"><img loading=\"lazy\" decoding=\"async\" width=\"1024\" height=\"768\" src=\"https:\/\/pulsnitzer-heimatverein.de\/wp-content\/uploads\/2020\/02\/Museum-20160402-121045-1024x768.jpg\" alt=\"\" class=\"wp-image-260\" srcset=\"https:\/\/pulsnitzer-heimatverein.de\/wp-content\/uploads\/2020\/02\/Museum-20160402-121045-1024x768.jpg 1024w, https:\/\/pulsnitzer-heimatverein.de\/wp-content\/uploads\/2020\/02\/Museum-20160402-121045-300x225.jpg 300w, https:\/\/pulsnitzer-heimatverein.de\/wp-content\/uploads\/2020\/02\/Museum-20160402-121045-768x576.jpg 768w, https:\/\/pulsnitzer-heimatverein.de\/wp-content\/uploads\/2020\/02\/Museum-20160402-121045-1536x1152.jpg 1536w, https:\/\/pulsnitzer-heimatverein.de\/wp-content\/uploads\/2020\/02\/Museum-20160402-121045-2048x1536.jpg 2048w\" sizes=\"auto, (max-width: 1024px) 100vw, 1024px\" \/><figcaption>Pulsnitzer Gewerke<br> Foto: Dr. Matthias M\u00e4gel<\/figcaption><\/figure>\n<\/div>\n<\/div>\n\n\n\n<div class=\"wp-block-columns is-layout-flex wp-container-core-columns-is-layout-28f84493 wp-block-columns-is-layout-flex\">\n<div class=\"wp-block-column is-layout-flow wp-block-column-is-layout-flow\">\n<figure class=\"wp-block-image size-large\"><img loading=\"lazy\" decoding=\"async\" width=\"1024\" height=\"768\" src=\"https:\/\/pulsnitzer-heimatverein.de\/wp-content\/uploads\/2020\/02\/Ziegenbalgplatz-20170617-113118-1024x768.jpg\" alt=\"\" class=\"wp-image-262\" srcset=\"https:\/\/pulsnitzer-heimatverein.de\/wp-content\/uploads\/2020\/02\/Ziegenbalgplatz-20170617-113118-1024x768.jpg 1024w, https:\/\/pulsnitzer-heimatverein.de\/wp-content\/uploads\/2020\/02\/Ziegenbalgplatz-20170617-113118-300x225.jpg 300w, https:\/\/pulsnitzer-heimatverein.de\/wp-content\/uploads\/2020\/02\/Ziegenbalgplatz-20170617-113118-768x576.jpg 768w, https:\/\/pulsnitzer-heimatverein.de\/wp-content\/uploads\/2020\/02\/Ziegenbalgplatz-20170617-113118-1536x1152.jpg 1536w, https:\/\/pulsnitzer-heimatverein.de\/wp-content\/uploads\/2020\/02\/Ziegenbalgplatz-20170617-113118-2048x1536.jpg 2048w\" sizes=\"auto, (max-width: 1024px) 100vw, 1024px\" \/><figcaption>T\u00f6pferei J\u00fcrgel<br> Foto: Dr. Matthias M\u00e4gel<\/figcaption><\/figure>\n<\/div>\n\n\n\n<div class=\"wp-block-column is-layout-flow wp-block-column-is-layout-flow\">\n<figure class=\"wp-block-image size-large\"><img loading=\"lazy\" decoding=\"async\" width=\"768\" height=\"1024\" src=\"https:\/\/pulsnitzer-heimatverein.de\/wp-content\/uploads\/2020\/02\/Ziegenbalgplatz-20170617-113404-768x1024.jpg\" alt=\"\" class=\"wp-image-263\" srcset=\"https:\/\/pulsnitzer-heimatverein.de\/wp-content\/uploads\/2020\/02\/Ziegenbalgplatz-20170617-113404-768x1024.jpg 768w, https:\/\/pulsnitzer-heimatverein.de\/wp-content\/uploads\/2020\/02\/Ziegenbalgplatz-20170617-113404-225x300.jpg 225w, https:\/\/pulsnitzer-heimatverein.de\/wp-content\/uploads\/2020\/02\/Ziegenbalgplatz-20170617-113404-1152x1536.jpg 1152w, https:\/\/pulsnitzer-heimatverein.de\/wp-content\/uploads\/2020\/02\/Ziegenbalgplatz-20170617-113404-1536x2048.jpg 1536w, https:\/\/pulsnitzer-heimatverein.de\/wp-content\/uploads\/2020\/02\/Ziegenbalgplatz-20170617-113404-scaled.jpg 1920w\" sizes=\"auto, (max-width: 768px) 100vw, 768px\" \/><figcaption>Plastik am Haus der T\u00f6pferei J\u00fcrgel<br> Foto: Dr. Matthias M\u00e4gel<\/figcaption><\/figure>\n<\/div>\n<\/div>\n\n\n\n<div class=\"wp-block-image\"><figure class=\"aligncenter size-large\"><img loading=\"lazy\" decoding=\"async\" width=\"768\" height=\"1024\" src=\"https:\/\/pulsnitzer-heimatverein.de\/wp-content\/uploads\/2020\/02\/Ernst-Rietschel-Denkmal-20130608-141640-768x1024.jpg\" alt=\"\" class=\"wp-image-264\" srcset=\"https:\/\/pulsnitzer-heimatverein.de\/wp-content\/uploads\/2020\/02\/Ernst-Rietschel-Denkmal-20130608-141640-768x1024.jpg 768w, https:\/\/pulsnitzer-heimatverein.de\/wp-content\/uploads\/2020\/02\/Ernst-Rietschel-Denkmal-20130608-141640-225x300.jpg 225w, https:\/\/pulsnitzer-heimatverein.de\/wp-content\/uploads\/2020\/02\/Ernst-Rietschel-Denkmal-20130608-141640-1152x1536.jpg 1152w, https:\/\/pulsnitzer-heimatverein.de\/wp-content\/uploads\/2020\/02\/Ernst-Rietschel-Denkmal-20130608-141640-1536x2048.jpg 1536w, https:\/\/pulsnitzer-heimatverein.de\/wp-content\/uploads\/2020\/02\/Ernst-Rietschel-Denkmal-20130608-141640-scaled.jpg 1920w\" sizes=\"auto, (max-width: 768px) 100vw, 768px\" \/><figcaption>Ernst-Rietschel-Denkmal auf dem Marktplatz<br> Foto: Dr. Matthias M\u00e4gel<\/figcaption><\/figure><\/div>\n","protected":false},"excerpt":{"rendered":"<p>In den Kategorien Stadtgeschichte Pers\u00f6nlichkeiten Handwerk \/ Gewerke sind wichtige Ereignisse der Stadt Pulsnitz dokumentiert, die teilweise durch Fotos \/ Dokumente erg\u00e4nzt sind, welche auf Ereignisse, Wirkungsst\u00e4tten und Gedenkorte verweisen.<\/p>\n","protected":false},"author":1,"featured_media":0,"parent":0,"menu_order":0,"comment_status":"closed","ping_status":"closed","template":"","meta":{"footnotes":""},"class_list":["post-33","page","type-page","status-publish","hentry"],"_links":{"self":[{"href":"https:\/\/pulsnitzer-heimatverein.de\/index.php?rest_route=\/wp\/v2\/pages\/33","targetHints":{"allow":["GET"]}}],"collection":[{"href":"https:\/\/pulsnitzer-heimatverein.de\/index.php?rest_route=\/wp\/v2\/pages"}],"about":[{"href":"https:\/\/pulsnitzer-heimatverein.de\/index.php?rest_route=\/wp\/v2\/types\/page"}],"author":[{"embeddable":true,"href":"https:\/\/pulsnitzer-heimatverein.de\/index.php?rest_route=\/wp\/v2\/users\/1"}],"replies":[{"embeddable":true,"href":"https:\/\/pulsnitzer-heimatverein.de\/index.php?rest_route=%2Fwp%2Fv2%2Fcomments&post=33"}],"version-history":[{"count":5,"href":"https:\/\/pulsnitzer-heimatverein.de\/index.php?rest_route=\/wp\/v2\/pages\/33\/revisions"}],"predecessor-version":[{"id":312,"href":"https:\/\/pulsnitzer-heimatverein.de\/index.php?rest_route=\/wp\/v2\/pages\/33\/revisions\/312"}],"wp:attachment":[{"href":"https:\/\/pulsnitzer-heimatverein.de\/index.php?rest_route=%2Fwp%2Fv2%2Fmedia&parent=33"}],"curies":[{"name":"wp","href":"https:\/\/api.w.org\/{rel}","templated":true}]}}