{"id":4,"date":"2020-02-19T19:55:16","date_gmt":"2020-02-19T19:55:16","guid":{"rendered":"http:\/\/pulsnitzer-heimatverein.de\/?page_id=4"},"modified":"2026-04-30T13:24:23","modified_gmt":"2026-04-30T13:24:23","slug":"termine","status":"publish","type":"page","link":"https:\/\/pulsnitzer-heimatverein.de\/?page_id=4","title":{"rendered":"Termine 2026"},"content":{"rendered":"\n<div class=\"wp-block-group is-layout-flow wp-block-group-is-layout-flow\">\n<p class=\"has-text-align-center\"><strong>Monatliche Treffen und sonstige Veranstaltungen<\/strong><\/p>\n\n\n\n<p>Stand: 2026-04-30<\/p>\n\n\n\n<figure class=\"wp-block-table is-style-stripes\"><table class=\"has-background\" style=\"background-color:#e9fbe5\"><thead><tr><th>Termin<\/th><th>Ort<\/th><th>Inhalt<\/th><\/tr><\/thead><tbody><tr><td><em>Mi, 13. Mai, 18.30 Uhr<\/em><\/td><td>Sch\u00fctzenhaus, Wettinplatz 1<\/td><td>monatliches Treffen<\/td><\/tr><tr><td><em>Mi, 10. Juni, 18.30 Uhr<\/em><\/td><td>Sch\u00fctzenhaus, Wettinplatz 1<\/td><td>monatliches Treffen<\/td><\/tr><tr><td><em>Mi, 15. Juli, 18.30 Uhr<\/em><\/td><td>Sch\u00fctzenhaus, Wettinplatz 1<\/td><td>monatliches Treffen<\/td><\/tr><tr><td><em>Mi, 12. Aug., 18.30 Uhr<\/em><\/td><td>Sch\u00fctzenhaus, Wettinplatz 1<\/td><td>monatliches Treffen<\/td><\/tr><tr><td><em>So, 13. Sept., 10 &#8211; 16 Uhr<\/em><\/td><td>F\u00e4rberhenke, Polzenberg 10<\/td><td>&#8222;Tag des offenen Denkmals\u00ae&#8220;<\/td><\/tr><tr><td><em>Mi, 16. Sept., 18.30 Uhr<\/em><\/td><td>Sch\u00fctzenhaus, Wettinplatz 1<\/td><td>monatliches Treffen<\/td><\/tr><tr><td><em>Mi, 21. Okt., 18.30 Uhr<\/em><\/td><td>Sch\u00fctzenhaus, Wettinplatz 1<\/td><td>Mitgliederversammlung (nur f\u00fcr Mitglieder)<\/td><\/tr><tr><td><em>Mi, 11. Nov., 18.30 Uhr<\/em><\/td><td>Sch\u00fctzenhaus, Wettinplatz 1<\/td><td>monatliches Treffen<\/td><\/tr><\/tbody><\/table><\/figure>\n<\/div>\n\n\n\n<p> Neue Vereinsmitglieder oder G\u00e4ste sind zu den monatlichen Treffen immer herzlich willkommen. <\/p>\n\n\n\n<p><\/p>\n\n\n\n<p>Den Mitgliedsantrag finden Sie hier: <a href=\"https:\/\/pulsnitzer-heimatverein.de\/wp-content\/uploads\/2024\/11\/Antrag-2024-11.pdf\">Antrag auf Mitgliedschaft<\/a><\/p>\n","protected":false},"excerpt":{"rendered":"<p>Monatliche Treffen und sonstige Veranstaltungen Stand: 2026-04-30 Termin Ort Inhalt Mi, 13. Mai, 18.30 Uhr Sch\u00fctzenhaus, Wettinplatz 1 monatliches Treffen Mi, 10. Juni, 18.30 Uhr Sch\u00fctzenhaus, Wettinplatz 1 monatliches Treffen Mi, 15. Juli, 18.30 Uhr Sch\u00fctzenhaus, Wettinplatz 1 monatliches Treffen<\/p>\n","protected":false},"author":1,"featured_media":0,"parent":0,"menu_order":0,"comment_status":"closed","ping_status":"closed","template":"","meta":{"footnotes":""},"class_list":["post-4","page","type-page","status-publish","hentry"],"_links":{"self":[{"href":"https:\/\/pulsnitzer-heimatverein.de\/index.php?rest_route=\/wp\/v2\/pages\/4","targetHints":{"allow":["GET"]}}],"collection":[{"href":"https:\/\/pulsnitzer-heimatverein.de\/index.php?rest_route=\/wp\/v2\/pages"}],"about":[{"href":"https:\/\/pulsnitzer-heimatverein.de\/index.php?rest_route=\/wp\/v2\/types\/page"}],"author":[{"embeddable":true,"href":"https:\/\/pulsnitzer-heimatverein.de\/index.php?rest_route=\/wp\/v2\/users\/1"}],"replies":[{"embeddable":true,"href":"https:\/\/pulsnitzer-heimatverein.de\/index.php?rest_route=%2Fwp%2Fv2%2Fcomments&post=4"}],"version-history":[{"count":201,"href":"https:\/\/pulsnitzer-heimatverein.de\/index.php?rest_route=\/wp\/v2\/pages\/4\/revisions"}],"predecessor-version":[{"id":3713,"href":"https:\/\/pulsnitzer-heimatverein.de\/index.php?rest_route=\/wp\/v2\/pages\/4\/revisions\/3713"}],"wp:attachment":[{"href":"https:\/\/pulsnitzer-heimatverein.de\/index.php?rest_route=%2Fwp%2Fv2%2Fmedia&parent=4"}],"curies":[{"name":"wp","href":"https:\/\/api.w.org\/{rel}","templated":true}]}}